{"id":107556,"date":"2024-04-11T14:18:51","date_gmt":"2024-04-11T14:18:51","guid":{"rendered":"https:\/\/www.mundiplus.com\/caminos\/unkategorisiert\/jakobsweg-von-ferrol\/"},"modified":"2025-02-18T15:29:46","modified_gmt":"2025-02-18T15:29:46","slug":"jakobsweg-von-ferrol","status":"publish","type":"product","link":"https:\/\/www.mundiplus.com\/de\/caminos\/jakobsweg-von-ferrol\/","title":{"rendered":"Jakobsweg von Ferrol"},"content":{"rendered":"<p>El <strong>Camino de Santiago desde Ferrol<\/strong>, as\u00ed como con salida desde A Coru\u00f1a se convirtieron en el Siglo XII en los dos puntos principales de partida del <a href=\"https:\/\/www.mundiplus.com\/caminos\/a-pie\/camino-ingles\" target=\"_blank\" rel=\"noopener noreferrer\">Camino Ingl\u00e9s<\/a>.<\/p>\n<p>Gracias a su situaci\u00f3n estrat\u00e9gica escandinavos, flamencos, ingleses, escoceses e irlandeses emplearon con gran intensidad los caminos del mar para llegar a Espa\u00f1a y comenzar la peregrinaci\u00f3n. La peregrinaci\u00f3n jacobea y sus diferentes itinerarios empezaron a contar con gran fama en toda Europa medieval.<\/p>\n","protected":false},"excerpt":{"rendered":"<p>El Camino de Santiago desde Ferrol, as\u00ed como con salida desde A Coru\u00f1a se convirtieron en el Siglo XII en los dos puntos principales de partida del Camino Ingl\u00e9s. Gracias a su situaci\u00f3n estrat\u00e9gica escandinavos, flamencos, ingleses, escoceses e irlandeses emplearon con gran intensidad los caminos del mar para llegar a Espa\u00f1a y comenzar la [&hellip;]<\/p>\n","protected":false},"featured_media":52157,"comment_status":"open","ping_status":"closed","template":"","meta":[],"product_brand":[],"product_cat":[491,462],"product_tag":[636],"class_list":{"0":"post-107556","1":"product","2":"type-product","3":"status-publish","4":"has-post-thumbnail","6":"product_cat-englischer-weg","7":"product_cat-a-pie","8":"product_tag-ferrol-de","10":"first","11":"instock","12":"shipping-taxable","13":"purchasable","14":"product-type-simple"},"_links":{"self":[{"href":"https:\/\/www.mundiplus.com\/de\/wp-json\/wp\/v2\/product\/107556","targetHints":{"allow":["GET"]}}],"collection":[{"href":"https:\/\/www.mundiplus.com\/de\/wp-json\/wp\/v2\/product"}],"about":[{"href":"https:\/\/www.mundiplus.com\/de\/wp-json\/wp\/v2\/types\/product"}],"replies":[{"embeddable":true,"href":"https:\/\/www.mundiplus.com\/de\/wp-json\/wp\/v2\/comments?post=107556"}],"version-history":[{"count":0,"href":"https:\/\/www.mundiplus.com\/de\/wp-json\/wp\/v2\/product\/107556\/revisions"}],"wp:featuredmedia":[{"embeddable":true,"href":"https:\/\/www.mundiplus.com\/de\/wp-json\/wp\/v2\/media\/52157"}],"wp:attachment":[{"href":"https:\/\/www.mundiplus.com\/de\/wp-json\/wp\/v2\/media?parent=107556"}],"wp:term":[{"taxonomy":"product_brand","embeddable":true,"href":"https:\/\/www.mundiplus.com\/de\/wp-json\/wp\/v2\/product_brand?post=107556"},{"taxonomy":"product_cat","embeddable":true,"href":"https:\/\/www.mundiplus.com\/de\/wp-json\/wp\/v2\/product_cat?post=107556"},{"taxonomy":"product_tag","embeddable":true,"href":"https:\/\/www.mundiplus.com\/de\/wp-json\/wp\/v2\/product_tag?post=107556"}],"curies":[{"name":"wp","href":"https:\/\/api.w.org\/{rel}","templated":true}]}}