{"id":108551,"date":"2024-05-14T02:19:08","date_gmt":"2024-05-14T02:19:08","guid":{"rendered":"https:\/\/www.mundiplus.com\/caminos\/unkategorisiert\/sarria-santiago-etapas-cortas\/"},"modified":"2025-03-08T13:29:35","modified_gmt":"2025-03-08T13:29:35","slug":"sarria-santiago-etapas-cortas","status":"publish","type":"product","link":"https:\/\/www.mundiplus.com\/de\/caminos\/sarria-santiago-etapas-cortas\/","title":{"rendered":"Sarria-Santiago (kurze Etappen)"},"content":{"rendered":"<p>Diese von uns entworfene Route der <strong>letzten 100 km des Jakobswegs von Sarria<\/strong> in Etappen mit weniger Kilometern als \u00fcblich ist f\u00fcr diejenigen gedacht, die diesen Abschnitt des Franz\u00f6sischen Weges noch entspannter zur\u00fccklegen m\u00f6chten.<\/p>\n<p>Die von uns vorbereitete Etappenaufteilung ist <strong>ideal f\u00fcr Familien mit kleinen Kindern und f\u00fcr \u00e4ltere Menschen<\/strong>, die aus k\u00f6rperlichen Gr\u00fcnden weniger Kilometer pro Etappe gehen k\u00f6nnen oder wollen als in den allgemeinen Etappen, die wir auf dem <a href=\"https:\/\/www.mundiplus.com\/de\/caminos\/a-pie\/camino-frances\/camino-de-santiago-desde-sarria\" target=\"_blank\" rel=\"noopener\">Jakobsweg von Sarria nach Santiago<\/a> anbieten.<\/p>\n","protected":false},"excerpt":{"rendered":"<p>Diese von uns entworfene Route der letzten 100 km des Jakobswegs von Sarria in Etappen mit weniger Kilometern als \u00fcblich ist f\u00fcr diejenigen gedacht, die diesen Abschnitt des Franz\u00f6sischen Weges noch entspannter zur\u00fccklegen m\u00f6chten. Die von uns vorbereitete Etappenaufteilung ist ideal f\u00fcr Familien mit kleinen Kindern und f\u00fcr \u00e4ltere Menschen, die aus k\u00f6rperlichen Gr\u00fcnden weniger [&hellip;]<\/p>\n","protected":false},"featured_media":97844,"comment_status":"open","ping_status":"closed","template":"","meta":[],"product_brand":[],"product_cat":[473,462],"product_tag":[],"class_list":{"0":"post-108551","1":"product","2":"type-product","3":"status-publish","4":"has-post-thumbnail","6":"product_cat-franzosischer-weg","7":"product_cat-a-pie","9":"first","10":"instock","11":"shipping-taxable","12":"purchasable","13":"product-type-simple"},"_links":{"self":[{"href":"https:\/\/www.mundiplus.com\/de\/wp-json\/wp\/v2\/product\/108551","targetHints":{"allow":["GET"]}}],"collection":[{"href":"https:\/\/www.mundiplus.com\/de\/wp-json\/wp\/v2\/product"}],"about":[{"href":"https:\/\/www.mundiplus.com\/de\/wp-json\/wp\/v2\/types\/product"}],"replies":[{"embeddable":true,"href":"https:\/\/www.mundiplus.com\/de\/wp-json\/wp\/v2\/comments?post=108551"}],"version-history":[{"count":0,"href":"https:\/\/www.mundiplus.com\/de\/wp-json\/wp\/v2\/product\/108551\/revisions"}],"wp:featuredmedia":[{"embeddable":true,"href":"https:\/\/www.mundiplus.com\/de\/wp-json\/wp\/v2\/media\/97844"}],"wp:attachment":[{"href":"https:\/\/www.mundiplus.com\/de\/wp-json\/wp\/v2\/media?parent=108551"}],"wp:term":[{"taxonomy":"product_brand","embeddable":true,"href":"https:\/\/www.mundiplus.com\/de\/wp-json\/wp\/v2\/product_brand?post=108551"},{"taxonomy":"product_cat","embeddable":true,"href":"https:\/\/www.mundiplus.com\/de\/wp-json\/wp\/v2\/product_cat?post=108551"},{"taxonomy":"product_tag","embeddable":true,"href":"https:\/\/www.mundiplus.com\/de\/wp-json\/wp\/v2\/product_tag?post=108551"}],"curies":[{"name":"wp","href":"https:\/\/api.w.org\/{rel}","templated":true}]}}