{"id":111012,"date":"2023-05-17T19:10:23","date_gmt":"2023-05-17T19:10:23","guid":{"rendered":"https:\/\/www.mundiplus.com\/caminos\/unkategorisiert\/camino-en-bici-desde-gijon-a-santiago\/"},"modified":"2024-11-21T16:27:04","modified_gmt":"2024-11-21T16:27:04","slug":"camino-en-bici-desde-gijon-a-santiago","status":"publish","type":"product","link":"https:\/\/www.mundiplus.com\/de\/caminos\/camino-en-bici-desde-gijon-a-santiago\/","title":{"rendered":"Camino en bici desde Gij\u00f3n a Santiago"},"content":{"rendered":"<div class=\"desplegable-content size-small is-active\">\n<p><span class=\"s1\">Bei Viajes Mundiplus, eine der f\u00fchrenden <a href=\"https:\/\/www.mundiplus.com\/de\/\" target=\"_blank\" rel=\"noopener\">Agenturen f\u00fcr organisierte Jakobswege<\/a>, zeigen wir Ihnen die verschiedenen M\u00f6glichkeiten, wie Sie nach <span class=\"s2\">Gij\u00f3n<\/span> gelangen k\u00f6nnen:<\/span><\/p>\n<p class=\"p1\"><span class=\"s1\"><b>Option 1: Mit dem Auto<\/b> und Parken in Gij\u00f3n. Sie k\u00f6nnen in der N\u00e4he Ihrer Unterkunft parken oder einen privaten Parkplatz anfragen.<\/span><\/p>\n<p class=\"p1\"><span class=\"s1\"><b>Option 2: Bus<\/b><\/span><\/p>\n<p class=\"p1\"><span class=\"s1\">Madrid&gt;Gij\u00f3n mit dem Busunternehmen <a href=\"https:\/\/www.alsa.es\/\" target=\"_blank\" rel=\"nofollow noopener\"><span class=\"s2\">Alsa<\/span><\/a>, mit regelm\u00e4\u00dfigen Abfahrten von der Station Avenida de Am\u00e9rica in Madrid und vom Flughafen Madrid (Terminal 4).<\/span><\/p>\n<p class=\"p1\"><span class=\"s1\"><b>Option 3: Zug\u00a0<\/b>(<a href=\"https:\/\/www.renfe.com\/de\/?cmpid=SEMgoogle2019&amp;utm_source=Google&amp;utm_campaign=sem2019&amp;gclid=EAIaIQobChMIu_iI-fW64QIV4jLTCh2fwQsyEAAYASAAEgLK2PD_BwE\" target=\"_blank\" rel=\"nofollow noopener\"><span class=\"s2\">Renfe<\/span><\/a>). Es gibt t\u00e4gliche Direktz\u00fcge von Madrid und Barcelona.<\/span><\/p>\n<p class=\"p1\"><span class=\"s1\"><b>Option 4: Flugzeug<\/b><\/span><\/p>\n<p class=\"p1\"><span class=\"s1\">Der n\u00e4chstgelegene Flughafen zu Gij\u00f3n ist der Flughafen Asturien, 39 Kilometer entfernt.<\/span><\/p>\n<ul>\n<li class=\"p1\"><span class=\"s1\">Von dort k\u00f6nnen Sie ein Taxi nach Gij\u00f3n nehmen oder, wenn Sie m\u00f6chten, bieten wir Ihnen einen privaten Transfer an.<\/span><\/li>\n<\/ul>\n<\/div>\n","protected":false},"excerpt":{"rendered":"<p>Bei Viajes Mundiplus, eine der f\u00fchrenden Agenturen f\u00fcr organisierte Jakobswege, zeigen wir Ihnen die verschiedenen M\u00f6glichkeiten, wie Sie nach Gij\u00f3n gelangen k\u00f6nnen: Option 1: Mit dem Auto und Parken in Gij\u00f3n. Sie k\u00f6nnen in der N\u00e4he Ihrer Unterkunft parken oder einen privaten Parkplatz anfragen. Option 2: Bus Madrid&gt;Gij\u00f3n mit dem Busunternehmen Alsa, mit regelm\u00e4\u00dfigen Abfahrten [&hellip;]<\/p>\n","protected":false},"featured_media":56350,"comment_status":"open","ping_status":"closed","template":"","meta":[],"product_brand":[],"product_cat":[481],"product_tag":[],"class_list":{"0":"post-111012","1":"product","2":"type-product","3":"status-publish","4":"has-post-thumbnail","6":"product_cat-fahrradwege","8":"first","9":"instock","10":"shipping-taxable","11":"purchasable","12":"product-type-simple"},"_links":{"self":[{"href":"https:\/\/www.mundiplus.com\/de\/wp-json\/wp\/v2\/product\/111012","targetHints":{"allow":["GET"]}}],"collection":[{"href":"https:\/\/www.mundiplus.com\/de\/wp-json\/wp\/v2\/product"}],"about":[{"href":"https:\/\/www.mundiplus.com\/de\/wp-json\/wp\/v2\/types\/product"}],"replies":[{"embeddable":true,"href":"https:\/\/www.mundiplus.com\/de\/wp-json\/wp\/v2\/comments?post=111012"}],"version-history":[{"count":0,"href":"https:\/\/www.mundiplus.com\/de\/wp-json\/wp\/v2\/product\/111012\/revisions"}],"wp:featuredmedia":[{"embeddable":true,"href":"https:\/\/www.mundiplus.com\/de\/wp-json\/wp\/v2\/media\/56350"}],"wp:attachment":[{"href":"https:\/\/www.mundiplus.com\/de\/wp-json\/wp\/v2\/media?parent=111012"}],"wp:term":[{"taxonomy":"product_brand","embeddable":true,"href":"https:\/\/www.mundiplus.com\/de\/wp-json\/wp\/v2\/product_brand?post=111012"},{"taxonomy":"product_cat","embeddable":true,"href":"https:\/\/www.mundiplus.com\/de\/wp-json\/wp\/v2\/product_cat?post=111012"},{"taxonomy":"product_tag","embeddable":true,"href":"https:\/\/www.mundiplus.com\/de\/wp-json\/wp\/v2\/product_tag?post=111012"}],"curies":[{"name":"wp","href":"https:\/\/api.w.org\/{rel}","templated":true}]}}