{"id":111567,"date":"2023-10-23T21:41:18","date_gmt":"2023-10-23T21:41:18","guid":{"rendered":"https:\/\/www.mundiplus.com\/caminos\/unkategorisiert\/ruta-des-padre-sarmiento\/"},"modified":"2024-10-22T10:59:06","modified_gmt":"2024-10-22T10:59:06","slug":"ruta-des-padre-sarmiento","status":"publish","type":"product","link":"https:\/\/www.mundiplus.com\/de\/caminos\/ruta-des-padre-sarmiento\/","title":{"rendered":"Ruta des Padre Sarmiento"},"content":{"rendered":"<p>Auch wenn man sie technisch gesehen nicht \u201espezifisch\u201c als Teil eines Portugiesischen Jakobswegs betrachten kann, haben wir sie aufgrund ihrer besonderen Einzigartigkeit, Sch\u00f6nheit und weil sie durch einige der Etappen und Regionen f\u00fchrt, die mit dieser Route \u00fcbereinstimmen, in diese<br \/>Klassifizierung aufgenommen.<\/p>\n<p>Die Route verl\u00e4uft durch die Gemeinden Poio, Sanxenxo, O Grove, Mea\u00f1o, Cambados, Vilanova de Arousa, A Illa de Arousa und Vilagarc\u00eda. Doch diese wunderbare Strecke bietet weit mehr als nur Geschichte und Landschaften.<\/p>\n<p>Auf 190 Kilometern atmet man nicht nur die Meeresluft, sondern auch die gesamte Geschichte und Traditionen der Region, die sich in ihrer zivilen und religi\u00f6sen Architektur widerspiegeln. Pazos wie die von Cambados, Rubianes, Ulloa, Torrado und Vista Real, arch\u00e4ologische St\u00e4tten sowie malerische Fischerd\u00f6rfer und Str\u00e4nde f\u00fcr jeden Geschmack bereichern den Weg.<\/p>\n<p>Es spielt keine Rolle, in welcher Jahreszeit man diese wunderbare und einzigartige Route in Angriff nimmt; das ozeanische Klima der Region ist mild und feucht, mit Wintern, in denen die Temperaturen nicht unter 10 Grad sinken, und Sommern, in denen die H\u00f6chstwerte im Juli und August 30 Grad nicht \u00fcberschreiten.<\/p>\n","protected":false},"excerpt":{"rendered":"<p>Auch wenn man sie technisch gesehen nicht \u201espezifisch\u201c als Teil eines Portugiesischen Jakobswegs betrachten kann, haben wir sie aufgrund ihrer besonderen Einzigartigkeit, Sch\u00f6nheit und weil sie durch einige der Etappen und Regionen f\u00fchrt, die mit dieser Route \u00fcbereinstimmen, in dieseKlassifizierung aufgenommen. Die Route verl\u00e4uft durch die Gemeinden Poio, Sanxenxo, O Grove, Mea\u00f1o, Cambados, Vilanova de [&hellip;]<\/p>\n","protected":false},"featured_media":58393,"comment_status":"open","ping_status":"closed","template":"","meta":[],"product_brand":[],"product_cat":[463,462],"product_tag":[],"class_list":{"0":"post-111567","1":"product","2":"type-product","3":"status-publish","4":"has-post-thumbnail","6":"product_cat-portugiesischer-weg","7":"product_cat-a-pie","9":"first","10":"instock","11":"shipping-taxable","12":"purchasable","13":"product-type-simple"},"_links":{"self":[{"href":"https:\/\/www.mundiplus.com\/de\/wp-json\/wp\/v2\/product\/111567","targetHints":{"allow":["GET"]}}],"collection":[{"href":"https:\/\/www.mundiplus.com\/de\/wp-json\/wp\/v2\/product"}],"about":[{"href":"https:\/\/www.mundiplus.com\/de\/wp-json\/wp\/v2\/types\/product"}],"replies":[{"embeddable":true,"href":"https:\/\/www.mundiplus.com\/de\/wp-json\/wp\/v2\/comments?post=111567"}],"version-history":[{"count":0,"href":"https:\/\/www.mundiplus.com\/de\/wp-json\/wp\/v2\/product\/111567\/revisions"}],"wp:featuredmedia":[{"embeddable":true,"href":"https:\/\/www.mundiplus.com\/de\/wp-json\/wp\/v2\/media\/58393"}],"wp:attachment":[{"href":"https:\/\/www.mundiplus.com\/de\/wp-json\/wp\/v2\/media?parent=111567"}],"wp:term":[{"taxonomy":"product_brand","embeddable":true,"href":"https:\/\/www.mundiplus.com\/de\/wp-json\/wp\/v2\/product_brand?post=111567"},{"taxonomy":"product_cat","embeddable":true,"href":"https:\/\/www.mundiplus.com\/de\/wp-json\/wp\/v2\/product_cat?post=111567"},{"taxonomy":"product_tag","embeddable":true,"href":"https:\/\/www.mundiplus.com\/de\/wp-json\/wp\/v2\/product_tag?post=111567"}],"curies":[{"name":"wp","href":"https:\/\/api.w.org\/{rel}","templated":true}]}}