{"id":113796,"date":"2023-05-23T22:27:54","date_gmt":"2023-05-23T22:27:54","guid":{"rendered":"https:\/\/www.mundiplus.com\/caminos\/unkategorisiert\/massgeschneiderter-franzoesischer-jakobsweg\/"},"modified":"2025-03-12T15:59:14","modified_gmt":"2025-03-12T15:59:14","slug":"massgeschneiderter-franzoesischer-jakobsweg","status":"publish","type":"product","link":"https:\/\/www.mundiplus.com\/de\/caminos\/massgeschneiderter-franzoesischer-jakobsweg\/","title":{"rendered":"Ma\u00dfgeschneiderter franz\u00f6sischer Jakobsweg"},"content":{"rendered":"<p>Wir gestalten Ihren Jakobsweg (Franz\u00f6sischer Weg) individuell, basierend auf den Tagen, die Ihnen zur Verf\u00fcgung stehen, und der t\u00e4glichen Kilometeranzahl, die Sie gehen m\u00f6chten. Der Startpunkt des Weges wird von Ihnen gew\u00e4hlt.<\/p>\n<p>Dies ist der historische Jakobsweg schlechthin, dessen Haupteingang nach Spanien \u00fcber die Pyren\u00e4en durch Roncesvalles f\u00fchrt. Seit Jahrhunderten ist er die meistgenutzte Route von Pilgern aus aller Welt.<\/p>\n<div class=\"itinerario__pretext\">\n<p>Wenn keine der Standardrouten, die wir anbieten, Ihren Bed\u00fcrfnissen entspricht, k\u00f6nnen Sie die Route an jedem gew\u00fcnschten Ort des <a href=\"https:\/\/www.mundiplus.com\/de\/caminos\/a-pie\/camino-frances\/\"><strong>Franz\u00f6sischen Weges<\/strong><\/a> starten und f\u00fcr die von Ihnen gew\u00fcnschte Zeit gestalten.<\/p>\n<p>Die Hauptorte, durch die die Route verl\u00e4uft, sind Pamplona, Logro\u00f1o, Burgos und Le\u00f3n. Beeindruckende Monumente und historische Ereignisse s\u00e4umen diese Pilgerroute entlang ihrer 790 Kilometer L\u00e4nge.<\/p>\n<\/div>\n","protected":false},"excerpt":{"rendered":"<p>Wir gestalten Ihren Jakobsweg (Franz\u00f6sischer Weg) individuell, basierend auf den Tagen, die Ihnen zur Verf\u00fcgung stehen, und der t\u00e4glichen Kilometeranzahl, die Sie gehen m\u00f6chten. Der Startpunkt des Weges wird von Ihnen gew\u00e4hlt. Dies ist der historische Jakobsweg schlechthin, dessen Haupteingang nach Spanien \u00fcber die Pyren\u00e4en durch Roncesvalles f\u00fchrt. Seit Jahrhunderten ist er die meistgenutzte Route [&hellip;]<\/p>\n","protected":false},"featured_media":56096,"comment_status":"open","ping_status":"closed","template":"","meta":[],"product_brand":[],"product_cat":[473,462],"product_tag":[],"class_list":{"0":"post-113796","1":"product","2":"type-product","3":"status-publish","4":"has-post-thumbnail","6":"product_cat-franzosischer-weg","7":"product_cat-a-pie","9":"first","10":"instock","11":"shipping-taxable","12":"purchasable","13":"product-type-simple"},"_links":{"self":[{"href":"https:\/\/www.mundiplus.com\/de\/wp-json\/wp\/v2\/product\/113796","targetHints":{"allow":["GET"]}}],"collection":[{"href":"https:\/\/www.mundiplus.com\/de\/wp-json\/wp\/v2\/product"}],"about":[{"href":"https:\/\/www.mundiplus.com\/de\/wp-json\/wp\/v2\/types\/product"}],"replies":[{"embeddable":true,"href":"https:\/\/www.mundiplus.com\/de\/wp-json\/wp\/v2\/comments?post=113796"}],"version-history":[{"count":0,"href":"https:\/\/www.mundiplus.com\/de\/wp-json\/wp\/v2\/product\/113796\/revisions"}],"wp:featuredmedia":[{"embeddable":true,"href":"https:\/\/www.mundiplus.com\/de\/wp-json\/wp\/v2\/media\/56096"}],"wp:attachment":[{"href":"https:\/\/www.mundiplus.com\/de\/wp-json\/wp\/v2\/media?parent=113796"}],"wp:term":[{"taxonomy":"product_brand","embeddable":true,"href":"https:\/\/www.mundiplus.com\/de\/wp-json\/wp\/v2\/product_brand?post=113796"},{"taxonomy":"product_cat","embeddable":true,"href":"https:\/\/www.mundiplus.com\/de\/wp-json\/wp\/v2\/product_cat?post=113796"},{"taxonomy":"product_tag","embeddable":true,"href":"https:\/\/www.mundiplus.com\/de\/wp-json\/wp\/v2\/product_tag?post=113796"}],"curies":[{"name":"wp","href":"https:\/\/api.w.org\/{rel}","templated":true}]}}