{"id":113808,"date":"2023-05-23T21:57:37","date_gmt":"2023-05-23T21:57:37","guid":{"rendered":"https:\/\/www.mundiplus.com\/caminos\/unkategorisiert\/weg-von-leon-nach-o-cebreiro\/"},"modified":"2025-02-18T15:20:21","modified_gmt":"2025-02-18T15:20:21","slug":"weg-von-leon-nach-o-cebreiro","status":"publish","type":"product","link":"https:\/\/www.mundiplus.com\/de\/caminos\/weg-von-leon-nach-o-cebreiro\/","title":{"rendered":"Weg von Le\u00f3n nach O Cebreiro"},"content":{"rendered":"<p>Der <strong>Jakobsweg von Le\u00f3n nach O Cebreiro<\/strong> f\u00fchrt durch verschiedene Regionen von Le\u00f3n, bevor er in Galicien beim legend\u00e4ren O Cebreiro eintritt, einem Ort von gro\u00dfer Bedeutung auf dem Jakobsweg.<\/p>\n<p>Wir durchqueren die Maragater\u00eda mit den beeindruckenden St\u00e4dten Astorga und Ponferrada, der Hauptstadt von El Bierzo, mit ihrer spektakul\u00e4ren Templerburg. Auf halbem Weg erreichen wir das legend\u00e4re Cruz del Ferro, den h\u00f6chsten Punkt des <a href=\"https:\/\/www.mundiplus.com\/de\/caminos\/a-pie\/camino-frances\/\">Franz\u00f6sischen Weges.<\/a><\/p>\n","protected":false},"excerpt":{"rendered":"<p>Der Jakobsweg von Le\u00f3n nach O Cebreiro f\u00fchrt durch verschiedene Regionen von Le\u00f3n, bevor er in Galicien beim legend\u00e4ren O Cebreiro eintritt, einem Ort von gro\u00dfer Bedeutung auf dem Jakobsweg. Wir durchqueren die Maragater\u00eda mit den beeindruckenden St\u00e4dten Astorga und Ponferrada, der Hauptstadt von El Bierzo, mit ihrer spektakul\u00e4ren Templerburg. Auf halbem Weg erreichen wir [&hellip;]<\/p>\n","protected":false},"featured_media":51912,"comment_status":"open","ping_status":"closed","template":"","meta":[],"product_brand":[],"product_cat":[473,462],"product_tag":[],"class_list":{"0":"post-113808","1":"product","2":"type-product","3":"status-publish","4":"has-post-thumbnail","6":"product_cat-franzosischer-weg","7":"product_cat-a-pie","9":"first","10":"instock","11":"shipping-taxable","12":"purchasable","13":"product-type-simple"},"_links":{"self":[{"href":"https:\/\/www.mundiplus.com\/de\/wp-json\/wp\/v2\/product\/113808","targetHints":{"allow":["GET"]}}],"collection":[{"href":"https:\/\/www.mundiplus.com\/de\/wp-json\/wp\/v2\/product"}],"about":[{"href":"https:\/\/www.mundiplus.com\/de\/wp-json\/wp\/v2\/types\/product"}],"replies":[{"embeddable":true,"href":"https:\/\/www.mundiplus.com\/de\/wp-json\/wp\/v2\/comments?post=113808"}],"version-history":[{"count":0,"href":"https:\/\/www.mundiplus.com\/de\/wp-json\/wp\/v2\/product\/113808\/revisions"}],"wp:featuredmedia":[{"embeddable":true,"href":"https:\/\/www.mundiplus.com\/de\/wp-json\/wp\/v2\/media\/51912"}],"wp:attachment":[{"href":"https:\/\/www.mundiplus.com\/de\/wp-json\/wp\/v2\/media?parent=113808"}],"wp:term":[{"taxonomy":"product_brand","embeddable":true,"href":"https:\/\/www.mundiplus.com\/de\/wp-json\/wp\/v2\/product_brand?post=113808"},{"taxonomy":"product_cat","embeddable":true,"href":"https:\/\/www.mundiplus.com\/de\/wp-json\/wp\/v2\/product_cat?post=113808"},{"taxonomy":"product_tag","embeddable":true,"href":"https:\/\/www.mundiplus.com\/de\/wp-json\/wp\/v2\/product_tag?post=113808"}],"curies":[{"name":"wp","href":"https:\/\/api.w.org\/{rel}","templated":true}]}}