{"id":114035,"date":"2023-05-17T18:41:18","date_gmt":"2023-05-17T18:41:18","guid":{"rendered":"https:\/\/www.mundiplus.com\/caminos\/unkategorisiert\/radweg-von-irun-nach-santiago\/"},"modified":"2023-05-17T18:41:18","modified_gmt":"2023-05-17T18:41:18","slug":"radweg-von-irun-nach-santiago","status":"publish","type":"product","link":"https:\/\/www.mundiplus.com\/de\/caminos\/radweg-von-irun-nach-santiago\/","title":{"rendered":"Radweg von Ir\u00fan nach Santiago"},"content":{"rendered":"<p>Der <strong>Camino del Norte mit dem Fahrrad ab Ir\u00fan<\/strong> ist eine der \u00e4ltesten Routen, die Pilger fr\u00fcher bereisten und auch heute noch befahren. Nach der Entdeckung der \u00dcberreste des Apostels Jakobus um das Jahr 830 in Santiago de Compostela setzte ein gro\u00dfer Zustrom von Pilgern aus ganz Europa ein. Viele von ihnen reisten mit dem Schiff zu den H\u00e4fen an der Kantabrischen K\u00fcste, um von dort ihre Pilgerreise zu Fu\u00df fortzusetzen.<\/p>\n<p>Die Route verl\u00e4uft entlang der gesamten Kantabrischen K\u00fcste, in deren N\u00e4he und an einigen Stellen sogar direkt am Meer. In der galicischen Stadt Ribadeo f\u00fchrt der Weg ins Landesinnere und verbindet sich in der Ortschaft Arz\u00faa mit dem <a href=\"https:\/\/www.mundiplus.com\/de\/caminos\/a-pie\/camino-frances\" target=\"_blank\" rel=\"noopener\">Camino Franc\u00e9s<\/a> zu einem einzigen Weg nach Santiago de Compostela.<\/p>\n<p>Der Startpunkt in Spanien liegt in der Stadt Ir\u00fan. Der Weg erstreckt sich \u00fcber etwa 817 km durch die Regionen Baskenland, Kantabrien, Asturien und Galicien.<\/p>\n<p>Eine Route von gro\u00dfer landschaftlicher, kultureller, architektonischer, gastronomischer und historischer Sch\u00f6nheit, bei der uns die Brise des Nordens auf unserem Weg begleiten wird.<\/p>\n<p>Auf dieser langen Strecke durchqueren die Pilger Mittelgebirgsregionen mit stetigen Anstiegen und Abfahrten, wie im baskischen Abschnitt, sowie fruchtbare und gr\u00fcne T\u00e4ler, wie in den asturischen und kantabrischen Abschnitten. Zudem begegnen wir zahlreichen Fischerh\u00e4fen mit einem ausgepr\u00e4gten maritimen Charakter.<\/p>\n<p>Die wichtigsten St\u00e4dte, um nur einige zu nennen, die wir auf dieser Jakobsroute passieren, sind: San Sebasti\u00e1n \u2013 Bilbao \u2013 Santander \u2013 Gij\u00f3n.<\/p>\n","protected":false},"excerpt":{"rendered":"<p>Der Camino del Norte mit dem Fahrrad ab Ir\u00fan ist eine der \u00e4ltesten Routen, die Pilger fr\u00fcher bereisten und auch heute noch befahren. Nach der Entdeckung der \u00dcberreste des Apostels Jakobus um das Jahr 830 in Santiago de Compostela setzte ein gro\u00dfer Zustrom von Pilgern aus ganz Europa ein. Viele von ihnen reisten mit dem [&hellip;]<\/p>\n","protected":false},"featured_media":56344,"comment_status":"open","ping_status":"closed","template":"","meta":[],"product_brand":[],"product_cat":[481],"product_tag":[],"class_list":{"0":"post-114035","1":"product","2":"type-product","3":"status-publish","4":"has-post-thumbnail","6":"product_cat-fahrradwege","8":"first","9":"instock","10":"shipping-taxable","11":"purchasable","12":"product-type-simple"},"_links":{"self":[{"href":"https:\/\/www.mundiplus.com\/de\/wp-json\/wp\/v2\/product\/114035","targetHints":{"allow":["GET"]}}],"collection":[{"href":"https:\/\/www.mundiplus.com\/de\/wp-json\/wp\/v2\/product"}],"about":[{"href":"https:\/\/www.mundiplus.com\/de\/wp-json\/wp\/v2\/types\/product"}],"replies":[{"embeddable":true,"href":"https:\/\/www.mundiplus.com\/de\/wp-json\/wp\/v2\/comments?post=114035"}],"version-history":[{"count":0,"href":"https:\/\/www.mundiplus.com\/de\/wp-json\/wp\/v2\/product\/114035\/revisions"}],"wp:featuredmedia":[{"embeddable":true,"href":"https:\/\/www.mundiplus.com\/de\/wp-json\/wp\/v2\/media\/56344"}],"wp:attachment":[{"href":"https:\/\/www.mundiplus.com\/de\/wp-json\/wp\/v2\/media?parent=114035"}],"wp:term":[{"taxonomy":"product_brand","embeddable":true,"href":"https:\/\/www.mundiplus.com\/de\/wp-json\/wp\/v2\/product_brand?post=114035"},{"taxonomy":"product_cat","embeddable":true,"href":"https:\/\/www.mundiplus.com\/de\/wp-json\/wp\/v2\/product_cat?post=114035"},{"taxonomy":"product_tag","embeddable":true,"href":"https:\/\/www.mundiplus.com\/de\/wp-json\/wp\/v2\/product_tag?post=114035"}],"curies":[{"name":"wp","href":"https:\/\/api.w.org\/{rel}","templated":true}]}}