{"id":114066,"date":"2023-05-17T18:16:11","date_gmt":"2023-05-17T18:16:11","guid":{"rendered":"https:\/\/www.mundiplus.com\/caminos\/unkategorisiert\/fahrradroute-von-porto-nach-santiago\/"},"modified":"2023-05-17T18:16:11","modified_gmt":"2023-05-17T18:16:11","slug":"fahrradroute-von-porto-nach-santiago","status":"publish","type":"product","link":"https:\/\/www.mundiplus.com\/de\/caminos\/fahrradroute-von-porto-nach-santiago\/","title":{"rendered":"Fahrradroute von Porto nach Santiago"},"content":{"rendered":"<p>Der portugiesische Jakobsweg hat eine lange historische Tradition, die durch die Unterst\u00fctzung der ehemaligen portugiesischen Krone gef\u00f6rdert wurde. Dokumentationen belegen Pilgerreisen nach Santiago de Compostela seit dem 11. und 12. Jahrhundert.<\/p>\n<p>Der <strong>Jakobsweg von Porto mit dem Fahrrad<\/strong> bis Santiago de Compostela bietet den besonderen Reiz, durch das Nachbarland zu radeln. Besonders hervorzuheben sind die gro\u00dfe Gastfreundschaft der Menschen und die Sorgfalt, mit der die Unterk\u00fcnfte gepflegt werden.<\/p>\n<p>Wundersch\u00f6ne St\u00e4dte voller Geschichte, wie Porto, Barcelos mit seinem ber\u00fchmten \u201eWunderhahn\u201c, Ponte de Lima mit seiner spektakul\u00e4ren mittelalterlichen Br\u00fccke und Valen\u00e7a do Minho an der Grenze zu Spanien mit ihrer beeindruckenden Festungsstadt am Ufer des Flusses Mi\u00f1o, sind einige der wichtigsten Orte der Route in Portugal.<\/p>\n<p>In Spanien erwarten uns von Tui bis Santiago de Compostela \u00fcppige Landschaften mit zahlreichen Fl\u00fcssen und bewaldeten Gebieten. Ortschaften von gro\u00dfer Bedeutung und architektonischer Sch\u00f6nheit wie Redondela, Pontesampaio, Pontevedra, Caldas de Rei und Padr\u00f3n, wo der Legende nach das Boot anlegte, das die \u00dcberreste des Apostels Jakobus aus Pal\u00e4stina brachte.<\/p>\n","protected":false},"excerpt":{"rendered":"<p>Der portugiesische Jakobsweg hat eine lange historische Tradition, die durch die Unterst\u00fctzung der ehemaligen portugiesischen Krone gef\u00f6rdert wurde. Dokumentationen belegen Pilgerreisen nach Santiago de Compostela seit dem 11. und 12. Jahrhundert. Der Jakobsweg von Porto mit dem Fahrrad bis Santiago de Compostela bietet den besonderen Reiz, durch das Nachbarland zu radeln. Besonders hervorzuheben sind die [&hellip;]<\/p>\n","protected":false},"featured_media":51807,"comment_status":"open","ping_status":"closed","template":"","meta":[],"product_brand":[],"product_cat":[481],"product_tag":[],"class_list":{"0":"post-114066","1":"product","2":"type-product","3":"status-publish","4":"has-post-thumbnail","6":"product_cat-fahrradwege","8":"first","9":"instock","10":"shipping-taxable","11":"purchasable","12":"product-type-simple"},"_links":{"self":[{"href":"https:\/\/www.mundiplus.com\/de\/wp-json\/wp\/v2\/product\/114066","targetHints":{"allow":["GET"]}}],"collection":[{"href":"https:\/\/www.mundiplus.com\/de\/wp-json\/wp\/v2\/product"}],"about":[{"href":"https:\/\/www.mundiplus.com\/de\/wp-json\/wp\/v2\/types\/product"}],"replies":[{"embeddable":true,"href":"https:\/\/www.mundiplus.com\/de\/wp-json\/wp\/v2\/comments?post=114066"}],"version-history":[{"count":0,"href":"https:\/\/www.mundiplus.com\/de\/wp-json\/wp\/v2\/product\/114066\/revisions"}],"wp:featuredmedia":[{"embeddable":true,"href":"https:\/\/www.mundiplus.com\/de\/wp-json\/wp\/v2\/media\/51807"}],"wp:attachment":[{"href":"https:\/\/www.mundiplus.com\/de\/wp-json\/wp\/v2\/media?parent=114066"}],"wp:term":[{"taxonomy":"product_brand","embeddable":true,"href":"https:\/\/www.mundiplus.com\/de\/wp-json\/wp\/v2\/product_brand?post=114066"},{"taxonomy":"product_cat","embeddable":true,"href":"https:\/\/www.mundiplus.com\/de\/wp-json\/wp\/v2\/product_cat?post=114066"},{"taxonomy":"product_tag","embeddable":true,"href":"https:\/\/www.mundiplus.com\/de\/wp-json\/wp\/v2\/product_tag?post=114066"}],"curies":[{"name":"wp","href":"https:\/\/api.w.org\/{rel}","templated":true}]}}