{"id":114110,"date":"2023-05-17T13:56:06","date_gmt":"2023-05-17T13:56:06","guid":{"rendered":"https:\/\/www.mundiplus.com\/caminos\/unkategorisiert\/radweg-von-roncesvalles-nach-santiago\/"},"modified":"2025-02-18T15:35:50","modified_gmt":"2025-02-18T15:35:50","slug":"radweg-von-roncesvalles-nach-santiago","status":"publish","type":"product","link":"https:\/\/www.mundiplus.com\/de\/caminos\/radweg-von-roncesvalles-nach-santiago\/","title":{"rendered":"Radweg von Roncesvalles nach Santiago"},"content":{"rendered":"<p>Der <strong>Jakobsweg mit dem Fahrrad von Roncesvalles<\/strong> nach Santiago de Compostela ist das Eingangstor in Spanien zum <a href=\"https:\/\/www.mundiplus.com\/de\/caminos\/a-pie\/camino-frances\" target=\"_blank\" rel=\"noopener noreferrer\">Franz\u00f6sischen Jakobsweg<\/a>. Er ist ein mythischer Ort auf dem Jakobsweg, Zeuge historischer Ereignisse und von spektakul\u00e4rer Sch\u00f6nheit. Er stellt einen der traditionellsten jacobeischen Orte des gesamten Franz\u00f6sischen Jakobsweges ab Roncesvalles dar.<\/p>\n<p>Wenn du lieber den <a href=\"https:\/\/www.mundiplus.com\/de\/caminos\/a-pie\/camino-frances\" target=\"_blank\" rel=\"noopener noreferrer\">Franz\u00f6sischen Jakobsweg zu Fu\u00df<\/a> machen m\u00f6chtest, bieten wir dir auch diese M\u00f6glichkeit.<\/p>\n<p>Der <strong>Jakobsweg mit dem Fahrrad von Roncesvalles<\/strong> nach Santiago de Compostela ist das Eingangstor in Spanien zum <a href=\"https:\/\/www.mundiplus.com\/de\/caminos\/a-pie\/camino-frances\" target=\"_blank\" rel=\"noopener noreferrer\">Franz\u00f6sischen Jakobsweg<\/a>. Er ist ein mythischer Ort auf dem Jakobsweg, Zeuge historischer Ereignisse und von spektakul\u00e4rer Sch\u00f6nheit. Er stellt einen der traditionellsten jacobeischen Orte des gesamten Franz\u00f6sischen Jakobsweges ab Roncesvalles dar.<\/p>\n<p>Wenn du lieber den <a href=\"https:\/\/www.mundiplus.com\/de\/caminos\/a-pie\/camino-frances\" target=\"_blank\" rel=\"noopener noreferrer\">Franz\u00f6sischen Jakobsweg zu Fu\u00df<\/a> machen m\u00f6chtest, bieten wir dir auch diese M\u00f6glichkeit.<\/p>\n","protected":false},"excerpt":{"rendered":"<p>Der Jakobsweg mit dem Fahrrad von Roncesvalles nach Santiago de Compostela ist das Eingangstor in Spanien zum Franz\u00f6sischen Jakobsweg. Er ist ein mythischer Ort auf dem Jakobsweg, Zeuge historischer Ereignisse und von spektakul\u00e4rer Sch\u00f6nheit. Er stellt einen der traditionellsten jacobeischen Orte des gesamten Franz\u00f6sischen Jakobsweges ab Roncesvalles dar. Wenn du lieber den Franz\u00f6sischen Jakobsweg zu [&hellip;]<\/p>\n","protected":false},"featured_media":51847,"comment_status":"open","ping_status":"closed","template":"","meta":[],"product_brand":[],"product_cat":[481],"product_tag":[],"class_list":{"0":"post-114110","1":"product","2":"type-product","3":"status-publish","4":"has-post-thumbnail","6":"product_cat-fahrradwege","8":"first","9":"instock","10":"shipping-taxable","11":"purchasable","12":"product-type-simple"},"_links":{"self":[{"href":"https:\/\/www.mundiplus.com\/de\/wp-json\/wp\/v2\/product\/114110","targetHints":{"allow":["GET"]}}],"collection":[{"href":"https:\/\/www.mundiplus.com\/de\/wp-json\/wp\/v2\/product"}],"about":[{"href":"https:\/\/www.mundiplus.com\/de\/wp-json\/wp\/v2\/types\/product"}],"replies":[{"embeddable":true,"href":"https:\/\/www.mundiplus.com\/de\/wp-json\/wp\/v2\/comments?post=114110"}],"version-history":[{"count":0,"href":"https:\/\/www.mundiplus.com\/de\/wp-json\/wp\/v2\/product\/114110\/revisions"}],"wp:featuredmedia":[{"embeddable":true,"href":"https:\/\/www.mundiplus.com\/de\/wp-json\/wp\/v2\/media\/51847"}],"wp:attachment":[{"href":"https:\/\/www.mundiplus.com\/de\/wp-json\/wp\/v2\/media?parent=114110"}],"wp:term":[{"taxonomy":"product_brand","embeddable":true,"href":"https:\/\/www.mundiplus.com\/de\/wp-json\/wp\/v2\/product_brand?post=114110"},{"taxonomy":"product_cat","embeddable":true,"href":"https:\/\/www.mundiplus.com\/de\/wp-json\/wp\/v2\/product_cat?post=114110"},{"taxonomy":"product_tag","embeddable":true,"href":"https:\/\/www.mundiplus.com\/de\/wp-json\/wp\/v2\/product_tag?post=114110"}],"curies":[{"name":"wp","href":"https:\/\/api.w.org\/{rel}","templated":true}]}}