{"id":114112,"date":"2023-05-17T12:19:58","date_gmt":"2023-05-17T12:19:58","guid":{"rendered":"https:\/\/www.mundiplus.com\/caminos\/unkategorisiert\/der-weg-von-orense-nach-santiago\/"},"modified":"2025-02-18T15:34:07","modified_gmt":"2025-02-18T15:34:07","slug":"der-weg-von-orense-nach-santiago","status":"publish","type":"product","link":"https:\/\/www.mundiplus.com\/de\/caminos\/der-weg-von-orense-nach-santiago\/","title":{"rendered":"Der Weg von Orense nach Santiago"},"content":{"rendered":"<p>Der Jakobsweg von Orense (Camino Sanabr\u00e9s) verl\u00e4uft durch eine \u00fcberwiegend l\u00e4ndliche Umgebung mit kleinen, weit verstreuten D\u00f6rfern und Siedlungen, mit Ausnahme der Stadt Orense selbst. Diese Route erfreut sich immer gr\u00f6\u00dferer Beliebtheit und guter Aufnahme bei Pilgern aus allen L\u00e4ndern. Jedes Jahr w\u00e4chst die Zahl der Pilger kontinuierlich.<\/p>\n","protected":false},"excerpt":{"rendered":"<p>Der Jakobsweg von Orense (Camino Sanabr\u00e9s) verl\u00e4uft durch eine \u00fcberwiegend l\u00e4ndliche Umgebung mit kleinen, weit verstreuten D\u00f6rfern und Siedlungen, mit Ausnahme der Stadt Orense selbst. Diese Route erfreut sich immer gr\u00f6\u00dferer Beliebtheit und guter Aufnahme bei Pilgern aus allen L\u00e4ndern. Jedes Jahr w\u00e4chst die Zahl der Pilger kontinuierlich.<\/p>\n","protected":false},"featured_media":51927,"comment_status":"open","ping_status":"closed","template":"","meta":[],"product_brand":[],"product_cat":[492,462],"product_tag":[],"class_list":{"0":"post-114112","1":"product","2":"type-product","3":"status-publish","4":"has-post-thumbnail","6":"product_cat-sanabria-strase","7":"product_cat-a-pie","9":"first","10":"instock","11":"shipping-taxable","12":"purchasable","13":"product-type-simple"},"_links":{"self":[{"href":"https:\/\/www.mundiplus.com\/de\/wp-json\/wp\/v2\/product\/114112","targetHints":{"allow":["GET"]}}],"collection":[{"href":"https:\/\/www.mundiplus.com\/de\/wp-json\/wp\/v2\/product"}],"about":[{"href":"https:\/\/www.mundiplus.com\/de\/wp-json\/wp\/v2\/types\/product"}],"replies":[{"embeddable":true,"href":"https:\/\/www.mundiplus.com\/de\/wp-json\/wp\/v2\/comments?post=114112"}],"version-history":[{"count":0,"href":"https:\/\/www.mundiplus.com\/de\/wp-json\/wp\/v2\/product\/114112\/revisions"}],"wp:featuredmedia":[{"embeddable":true,"href":"https:\/\/www.mundiplus.com\/de\/wp-json\/wp\/v2\/media\/51927"}],"wp:attachment":[{"href":"https:\/\/www.mundiplus.com\/de\/wp-json\/wp\/v2\/media?parent=114112"}],"wp:term":[{"taxonomy":"product_brand","embeddable":true,"href":"https:\/\/www.mundiplus.com\/de\/wp-json\/wp\/v2\/product_brand?post=114112"},{"taxonomy":"product_cat","embeddable":true,"href":"https:\/\/www.mundiplus.com\/de\/wp-json\/wp\/v2\/product_cat?post=114112"},{"taxonomy":"product_tag","embeddable":true,"href":"https:\/\/www.mundiplus.com\/de\/wp-json\/wp\/v2\/product_tag?post=114112"}],"curies":[{"name":"wp","href":"https:\/\/api.w.org\/{rel}","templated":true}]}}