{"id":114117,"date":"2023-05-16T22:23:48","date_gmt":"2023-05-16T22:23:48","guid":{"rendered":"https:\/\/www.mundiplus.com\/caminos\/unkategorisiert\/der-weg-von-lugo-nach-santiago\/"},"modified":"2025-03-04T17:51:00","modified_gmt":"2025-03-04T17:51:00","slug":"der-weg-von-lugo-nach-santiago","status":"publish","type":"product","link":"https:\/\/www.mundiplus.com\/de\/caminos\/der-weg-von-lugo-nach-santiago\/","title":{"rendered":"Der Weg von Lugo nach Santiago"},"content":{"rendered":"<p>Der <strong>Camino de Santiago<\/strong> beginnt in Lugo (<a href=\"https:\/\/www.mundiplus.com\/de\/caminos\/a-pie\/camino-primitivo\" target=\"_blank\" rel=\"noopener noreferrer\">Camino Primitivo<\/a>) zu F\u00fc\u00dfen der beeindruckenden r\u00f6mischen Mauer. Eine wundersch\u00f6ne, tausendj\u00e4hrige Stadt, die zum UNESCO-Weltkulturerbe geh\u00f6rt, wo wir diesen Weg durch das l\u00e4ndliche Galicien beginnen, das von kleinen D\u00f6rfern ges\u00e4umt ist.<\/p>\n<p>Bei unserer Ankunft in Melide treffen wir auf die Pilger des <a href=\"https:\/\/www.mundiplus.com\/de\/caminos\/a-pie\/camino-frances\" target=\"_blank\" rel=\"noopener noreferrer\">Camino Franc\u00e9s<\/a>, um uns auf einem einzigen Weg in Richtung Santiago zu begeben. Vom Monte do Gozo, vor den Toren von Santiago, genie\u00dfen wir den au\u00dfergew\u00f6hnlichen Blick auf die Kathedrale und die Stadt des Apostels.<\/p>\n","protected":false},"excerpt":{"rendered":"<p>Der Camino de Santiago beginnt in Lugo (Camino Primitivo) zu F\u00fc\u00dfen der beeindruckenden r\u00f6mischen Mauer. Eine wundersch\u00f6ne, tausendj\u00e4hrige Stadt, die zum UNESCO-Weltkulturerbe geh\u00f6rt, wo wir diesen Weg durch das l\u00e4ndliche Galicien beginnen, das von kleinen D\u00f6rfern ges\u00e4umt ist. Bei unserer Ankunft in Melide treffen wir auf die Pilger des Camino Franc\u00e9s, um uns auf einem [&hellip;]<\/p>\n","protected":false},"featured_media":56371,"comment_status":"open","ping_status":"closed","template":"","meta":[],"product_brand":[],"product_cat":[493,462],"product_tag":[],"class_list":{"0":"post-114117","1":"product","2":"type-product","3":"status-publish","4":"has-post-thumbnail","6":"product_cat-primitiver-weg","7":"product_cat-a-pie","9":"first","10":"instock","11":"shipping-taxable","12":"purchasable","13":"product-type-simple"},"_links":{"self":[{"href":"https:\/\/www.mundiplus.com\/de\/wp-json\/wp\/v2\/product\/114117","targetHints":{"allow":["GET"]}}],"collection":[{"href":"https:\/\/www.mundiplus.com\/de\/wp-json\/wp\/v2\/product"}],"about":[{"href":"https:\/\/www.mundiplus.com\/de\/wp-json\/wp\/v2\/types\/product"}],"replies":[{"embeddable":true,"href":"https:\/\/www.mundiplus.com\/de\/wp-json\/wp\/v2\/comments?post=114117"}],"version-history":[{"count":0,"href":"https:\/\/www.mundiplus.com\/de\/wp-json\/wp\/v2\/product\/114117\/revisions"}],"wp:featuredmedia":[{"embeddable":true,"href":"https:\/\/www.mundiplus.com\/de\/wp-json\/wp\/v2\/media\/56371"}],"wp:attachment":[{"href":"https:\/\/www.mundiplus.com\/de\/wp-json\/wp\/v2\/media?parent=114117"}],"wp:term":[{"taxonomy":"product_brand","embeddable":true,"href":"https:\/\/www.mundiplus.com\/de\/wp-json\/wp\/v2\/product_brand?post=114117"},{"taxonomy":"product_cat","embeddable":true,"href":"https:\/\/www.mundiplus.com\/de\/wp-json\/wp\/v2\/product_cat?post=114117"},{"taxonomy":"product_tag","embeddable":true,"href":"https:\/\/www.mundiplus.com\/de\/wp-json\/wp\/v2\/product_tag?post=114117"}],"curies":[{"name":"wp","href":"https:\/\/api.w.org\/{rel}","templated":true}]}}