{"id":114119,"date":"2023-05-16T13:56:14","date_gmt":"2023-05-16T13:56:14","guid":{"rendered":"https:\/\/www.mundiplus.com\/caminos\/unkategorisiert\/gestalten-sie-ihren-noerdlichen-weg\/"},"modified":"2024-11-22T01:19:23","modified_gmt":"2024-11-22T01:19:23","slug":"gestalten-sie-ihren-noerdlichen-weg","status":"publish","type":"product","link":"https:\/\/www.mundiplus.com\/de\/caminos\/gestalten-sie-ihren-noerdlichen-weg\/","title":{"rendered":"Gestalten Sie Ihren n\u00f6rdlichen Weg"},"content":{"rendered":"<p>Wir gestalten Ihren Camino del Norte individuell nach Ihren W\u00fcnschen, basierend auf der Anzahl der Tage, die Sie zur Verf\u00fcgung haben, und den Kilometern, die Sie t\u00e4glich gehen m\u00f6chten. Den Startpunkt des Weges w\u00e4hlen Sie selbst.<\/p>\n<p>Wenn keine der Standardrouten, die wir anbieten, Ihren Bed\u00fcrfnissen entspricht, k\u00f6nnen Sie Ihre Route an jedem beliebigen Punkt des <a href=\"https:\/\/www.mundiplus.com\/de\/caminos\/a-pie\/camino-norte\" target=\"_blank\" rel=\"noopener\">Camino del Norte<\/a> starten und die Dauer nach Ihrem Belieben festlegen.<\/p>\n<p>Die wichtigsten St\u00e4dte, durch die die Route f\u00fchrt, sind: Bilbao, Santander, Gij\u00f3n und Ribadeo. Gro\u00dfartige Denkm\u00e4ler und historische Ereignisse, die diesen Pilgerweg mit seinen 812\u00a0km L\u00e4nge gepr\u00e4gt haben, erwarten Sie.<\/p>\n","protected":false},"excerpt":{"rendered":"<p>Wir gestalten Ihren Camino del Norte individuell nach Ihren W\u00fcnschen, basierend auf der Anzahl der Tage, die Sie zur Verf\u00fcgung haben, und den Kilometern, die Sie t\u00e4glich gehen m\u00f6chten. Den Startpunkt des Weges w\u00e4hlen Sie selbst. Wenn keine der Standardrouten, die wir anbieten, Ihren Bed\u00fcrfnissen entspricht, k\u00f6nnen Sie Ihre Route an jedem beliebigen Punkt des [&hellip;]<\/p>\n","protected":false},"featured_media":49927,"comment_status":"open","ping_status":"closed","template":"","meta":[],"product_brand":[],"product_cat":[495,462],"product_tag":[],"class_list":{"0":"post-114119","1":"product","2":"type-product","3":"status-publish","4":"has-post-thumbnail","6":"product_cat-nordstrase","7":"product_cat-a-pie","9":"first","10":"instock","11":"shipping-taxable","12":"purchasable","13":"product-type-simple"},"_links":{"self":[{"href":"https:\/\/www.mundiplus.com\/de\/wp-json\/wp\/v2\/product\/114119","targetHints":{"allow":["GET"]}}],"collection":[{"href":"https:\/\/www.mundiplus.com\/de\/wp-json\/wp\/v2\/product"}],"about":[{"href":"https:\/\/www.mundiplus.com\/de\/wp-json\/wp\/v2\/types\/product"}],"replies":[{"embeddable":true,"href":"https:\/\/www.mundiplus.com\/de\/wp-json\/wp\/v2\/comments?post=114119"}],"version-history":[{"count":0,"href":"https:\/\/www.mundiplus.com\/de\/wp-json\/wp\/v2\/product\/114119\/revisions"}],"wp:featuredmedia":[{"embeddable":true,"href":"https:\/\/www.mundiplus.com\/de\/wp-json\/wp\/v2\/media\/49927"}],"wp:attachment":[{"href":"https:\/\/www.mundiplus.com\/de\/wp-json\/wp\/v2\/media?parent=114119"}],"wp:term":[{"taxonomy":"product_brand","embeddable":true,"href":"https:\/\/www.mundiplus.com\/de\/wp-json\/wp\/v2\/product_brand?post=114119"},{"taxonomy":"product_cat","embeddable":true,"href":"https:\/\/www.mundiplus.com\/de\/wp-json\/wp\/v2\/product_cat?post=114119"},{"taxonomy":"product_tag","embeddable":true,"href":"https:\/\/www.mundiplus.com\/de\/wp-json\/wp\/v2\/product_tag?post=114119"}],"curies":[{"name":"wp","href":"https:\/\/api.w.org\/{rel}","templated":true}]}}