{"id":114190,"date":"2023-05-16T12:01:05","date_gmt":"2023-05-16T12:01:05","guid":{"rendered":"https:\/\/www.mundiplus.com\/caminos\/unkategorisiert\/der-weg-von-vilalba-nach-santiago\/"},"modified":"2025-02-18T15:32:41","modified_gmt":"2025-02-18T15:32:41","slug":"der-weg-von-vilalba-nach-santiago","status":"publish","type":"product","link":"https:\/\/www.mundiplus.com\/de\/caminos\/der-weg-von-vilalba-nach-santiago\/","title":{"rendered":"Der Weg von Vilalba nach Santiago"},"content":{"rendered":"<p>Der <strong>Jakobsweg ab Vilalba<\/strong> ist der Ausgangspunkt in der Region Terra Ch\u00e1.<\/p>\n<p>Auf dieser Route wandern wir auf mittelalterlichen Pfaden und k\u00f6niglichen Wegen, die von Massen von Eichen, Kastanien und Birken bev\u00f6lkert sind. All dies vermischt mit Beispielen der volkst\u00fcmlichen Architektur und kleinen D\u00f6rfern und St\u00e4dten sowie gro\u00dfen Waldwegen.<\/p>\n<p>Wir erreichen den h\u00f6chsten Punkt des <a href=\"https:\/\/www.mundiplus.com\/de\/caminos\/a-pie\/camino-norte\" target=\"_blank\" rel=\"noopener noreferrer\">Camino del Norte<\/a> von Villaviciosa, der sich auf dem Gipfel des Marco das Pias (710 Meter H\u00f6he) befindet<\/p>\n<p>Wenn wir die Stadt Arz\u00faa durchqueren, treffen wir auf die Route des Franz\u00f6sischen Weges nach Santiago de Compostela.<\/p>\n","protected":false},"excerpt":{"rendered":"<p>Der Jakobsweg ab Vilalba ist der Ausgangspunkt in der Region Terra Ch\u00e1. Auf dieser Route wandern wir auf mittelalterlichen Pfaden und k\u00f6niglichen Wegen, die von Massen von Eichen, Kastanien und Birken bev\u00f6lkert sind. All dies vermischt mit Beispielen der volkst\u00fcmlichen Architektur und kleinen D\u00f6rfern und St\u00e4dten sowie gro\u00dfen Waldwegen. Wir erreichen den h\u00f6chsten Punkt des [&hellip;]<\/p>\n","protected":false},"featured_media":56306,"comment_status":"open","ping_status":"closed","template":"","meta":[],"product_brand":[],"product_cat":[495,462],"product_tag":[],"class_list":{"0":"post-114190","1":"product","2":"type-product","3":"status-publish","4":"has-post-thumbnail","6":"product_cat-nordstrase","7":"product_cat-a-pie","9":"first","10":"instock","11":"shipping-taxable","12":"purchasable","13":"product-type-simple"},"_links":{"self":[{"href":"https:\/\/www.mundiplus.com\/de\/wp-json\/wp\/v2\/product\/114190","targetHints":{"allow":["GET"]}}],"collection":[{"href":"https:\/\/www.mundiplus.com\/de\/wp-json\/wp\/v2\/product"}],"about":[{"href":"https:\/\/www.mundiplus.com\/de\/wp-json\/wp\/v2\/types\/product"}],"replies":[{"embeddable":true,"href":"https:\/\/www.mundiplus.com\/de\/wp-json\/wp\/v2\/comments?post=114190"}],"version-history":[{"count":0,"href":"https:\/\/www.mundiplus.com\/de\/wp-json\/wp\/v2\/product\/114190\/revisions"}],"wp:featuredmedia":[{"embeddable":true,"href":"https:\/\/www.mundiplus.com\/de\/wp-json\/wp\/v2\/media\/56306"}],"wp:attachment":[{"href":"https:\/\/www.mundiplus.com\/de\/wp-json\/wp\/v2\/media?parent=114190"}],"wp:term":[{"taxonomy":"product_brand","embeddable":true,"href":"https:\/\/www.mundiplus.com\/de\/wp-json\/wp\/v2\/product_brand?post=114190"},{"taxonomy":"product_cat","embeddable":true,"href":"https:\/\/www.mundiplus.com\/de\/wp-json\/wp\/v2\/product_cat?post=114190"},{"taxonomy":"product_tag","embeddable":true,"href":"https:\/\/www.mundiplus.com\/de\/wp-json\/wp\/v2\/product_tag?post=114190"}],"curies":[{"name":"wp","href":"https:\/\/api.w.org\/{rel}","templated":true}]}}