{"id":114271,"date":"2023-05-08T10:47:42","date_gmt":"2023-05-08T10:47:42","guid":{"rendered":"https:\/\/www.mundiplus.com\/caminos\/unkategorisiert\/strasse-von-gijon-nach-ribadeo\/"},"modified":"2023-05-08T10:47:42","modified_gmt":"2023-05-08T10:47:42","slug":"strasse-von-gijon-nach-ribadeo","status":"publish","type":"product","link":"https:\/\/www.mundiplus.com\/de\/caminos\/strasse-von-gijon-nach-ribadeo\/","title":{"rendered":"Stra\u00dfe von Gij\u00f3n nach Ribadeo"},"content":{"rendered":"<p>Der Jakobsweg ab Gij\u00f3n beginnt mit seinem herrlichen Strand Playa de San Lorenzo und verl\u00e4uft gr\u00f6\u00dftenteils parallel zur Kantabrischen See. Er f\u00fchrt durch wundersch\u00f6ne K\u00fcstenorte wie El Pitu (Cudillero), Navia, Luarca, Tapia de Casariego und endet spektakul\u00e4r in Ribadeo, mit Blick auf den Fluss, der der Stadt ihren Namen gibt. Wundersch\u00f6ne Herrenh\u00e4user der Indianos begegnen uns in vielen Orten auf dieser Route des <a title=\"Camino del Norte\" href=\"https:\/\/www.mundiplus.com\/de\/caminos\/a-pie\/camino-norte\">Camino del Norte<\/a>.<\/p>\n","protected":false},"excerpt":{"rendered":"<p>Der Jakobsweg ab Gij\u00f3n beginnt mit seinem herrlichen Strand Playa de San Lorenzo und verl\u00e4uft gr\u00f6\u00dftenteils parallel zur Kantabrischen See. Er f\u00fchrt durch wundersch\u00f6ne K\u00fcstenorte wie El Pitu (Cudillero), Navia, Luarca, Tapia de Casariego und endet spektakul\u00e4r in Ribadeo, mit Blick auf den Fluss, der der Stadt ihren Namen gibt. Wundersch\u00f6ne Herrenh\u00e4user der Indianos begegnen [&hellip;]<\/p>\n","protected":false},"featured_media":49572,"comment_status":"open","ping_status":"closed","template":"","meta":[],"product_brand":[],"product_cat":[495,462],"product_tag":[],"class_list":{"0":"post-114271","1":"product","2":"type-product","3":"status-publish","4":"has-post-thumbnail","6":"product_cat-nordstrase","7":"product_cat-a-pie","9":"first","10":"instock","11":"shipping-taxable","12":"purchasable","13":"product-type-simple"},"_links":{"self":[{"href":"https:\/\/www.mundiplus.com\/de\/wp-json\/wp\/v2\/product\/114271","targetHints":{"allow":["GET"]}}],"collection":[{"href":"https:\/\/www.mundiplus.com\/de\/wp-json\/wp\/v2\/product"}],"about":[{"href":"https:\/\/www.mundiplus.com\/de\/wp-json\/wp\/v2\/types\/product"}],"replies":[{"embeddable":true,"href":"https:\/\/www.mundiplus.com\/de\/wp-json\/wp\/v2\/comments?post=114271"}],"version-history":[{"count":0,"href":"https:\/\/www.mundiplus.com\/de\/wp-json\/wp\/v2\/product\/114271\/revisions"}],"wp:featuredmedia":[{"embeddable":true,"href":"https:\/\/www.mundiplus.com\/de\/wp-json\/wp\/v2\/media\/49572"}],"wp:attachment":[{"href":"https:\/\/www.mundiplus.com\/de\/wp-json\/wp\/v2\/media?parent=114271"}],"wp:term":[{"taxonomy":"product_brand","embeddable":true,"href":"https:\/\/www.mundiplus.com\/de\/wp-json\/wp\/v2\/product_brand?post=114271"},{"taxonomy":"product_cat","embeddable":true,"href":"https:\/\/www.mundiplus.com\/de\/wp-json\/wp\/v2\/product_cat?post=114271"},{"taxonomy":"product_tag","embeddable":true,"href":"https:\/\/www.mundiplus.com\/de\/wp-json\/wp\/v2\/product_tag?post=114271"}],"curies":[{"name":"wp","href":"https:\/\/api.w.org\/{rel}","templated":true}]}}