{"id":114335,"date":"2023-05-08T10:46:17","date_gmt":"2023-05-08T10:46:17","guid":{"rendered":"https:\/\/www.mundiplus.com\/caminos\/unkategorisiert\/strasse-von-santander-nach-gijon\/"},"modified":"2024-11-22T18:15:18","modified_gmt":"2024-11-22T18:15:18","slug":"strasse-von-santander-nach-gijon","status":"publish","type":"product","link":"https:\/\/www.mundiplus.com\/de\/caminos\/strasse-von-santander-nach-gijon\/","title":{"rendered":"Stra\u00dfe von Santander nach Gij\u00f3n"},"content":{"rendered":"<p>Auf dem Jakobsweg ab Santander, gelegen in der Region Kantabrien, finden wir den einzigen Ort der Welt, an dem zwei Jubil\u00e4ums-Pilgerwege verlaufen: Einerseits der Jakobsweg des Nordens und andererseits der Camino Lebaniego nach Santo Toribio de Li\u00e9bana. In dessen Kloster wird das Lignum Crucis aufbewahrt, das als das gr\u00f6\u00dfte erhaltene St\u00fcck des Kreuzes Jesu Christi gilt.<\/p>\n","protected":false},"excerpt":{"rendered":"<p>Auf dem Jakobsweg ab Santander, gelegen in der Region Kantabrien, finden wir den einzigen Ort der Welt, an dem zwei Jubil\u00e4ums-Pilgerwege verlaufen: Einerseits der Jakobsweg des Nordens und andererseits der Camino Lebaniego nach Santo Toribio de Li\u00e9bana. In dessen Kloster wird das Lignum Crucis aufbewahrt, das als das gr\u00f6\u00dfte erhaltene St\u00fcck des Kreuzes Jesu Christi [&hellip;]<\/p>\n","protected":false},"featured_media":56412,"comment_status":"open","ping_status":"closed","template":"","meta":[],"product_brand":[],"product_cat":[495,462],"product_tag":[],"class_list":{"0":"post-114335","1":"product","2":"type-product","3":"status-publish","4":"has-post-thumbnail","6":"product_cat-nordstrase","7":"product_cat-a-pie","9":"first","10":"instock","11":"shipping-taxable","12":"purchasable","13":"product-type-simple"},"_links":{"self":[{"href":"https:\/\/www.mundiplus.com\/de\/wp-json\/wp\/v2\/product\/114335","targetHints":{"allow":["GET"]}}],"collection":[{"href":"https:\/\/www.mundiplus.com\/de\/wp-json\/wp\/v2\/product"}],"about":[{"href":"https:\/\/www.mundiplus.com\/de\/wp-json\/wp\/v2\/types\/product"}],"replies":[{"embeddable":true,"href":"https:\/\/www.mundiplus.com\/de\/wp-json\/wp\/v2\/comments?post=114335"}],"version-history":[{"count":0,"href":"https:\/\/www.mundiplus.com\/de\/wp-json\/wp\/v2\/product\/114335\/revisions"}],"wp:featuredmedia":[{"embeddable":true,"href":"https:\/\/www.mundiplus.com\/de\/wp-json\/wp\/v2\/media\/56412"}],"wp:attachment":[{"href":"https:\/\/www.mundiplus.com\/de\/wp-json\/wp\/v2\/media?parent=114335"}],"wp:term":[{"taxonomy":"product_brand","embeddable":true,"href":"https:\/\/www.mundiplus.com\/de\/wp-json\/wp\/v2\/product_brand?post=114335"},{"taxonomy":"product_cat","embeddable":true,"href":"https:\/\/www.mundiplus.com\/de\/wp-json\/wp\/v2\/product_cat?post=114335"},{"taxonomy":"product_tag","embeddable":true,"href":"https:\/\/www.mundiplus.com\/de\/wp-json\/wp\/v2\/product_tag?post=114335"}],"curies":[{"name":"wp","href":"https:\/\/api.w.org\/{rel}","templated":true}]}}