{"id":114358,"date":"2023-05-08T01:08:09","date_gmt":"2023-05-08T01:08:09","guid":{"rendered":"https:\/\/www.mundiplus.com\/caminos\/unkategorisiert\/jakobsweg-von-irun-nach-bilbao\/"},"modified":"2025-02-10T14:31:06","modified_gmt":"2025-02-10T14:31:06","slug":"jakobsweg-von-irun-nach-bilbao","status":"publish","type":"product","link":"https:\/\/www.mundiplus.com\/de\/caminos\/jakobsweg-von-irun-nach-bilbao\/","title":{"rendered":"Jakobsweg von Irun nach Bilbao"},"content":{"rendered":"<p>Auf dem Jakobsweg von Ir\u00fan nach Bilbao wechseln sich K\u00fcsten- und Bergregionen ab. Die Stadt Ir\u00fan ist der Ausgangspunkt des Camino del Norte. Eine reiche und \u00fcppige Gastronomie sowie ber\u00fchmte Restaurants und K\u00f6che erwarten uns entlang der Route. \u00dcppige Landschaften und spektakul\u00e4re Ausblicke begleiten den Pilger durch das Baskenland.<\/p>\n","protected":false},"excerpt":{"rendered":"<p>Auf dem Jakobsweg von Ir\u00fan nach Bilbao wechseln sich K\u00fcsten- und Bergregionen ab. Die Stadt Ir\u00fan ist der Ausgangspunkt des Camino del Norte. Eine reiche und \u00fcppige Gastronomie sowie ber\u00fchmte Restaurants und K\u00f6che erwarten uns entlang der Route. \u00dcppige Landschaften und spektakul\u00e4re Ausblicke begleiten den Pilger durch das Baskenland.<\/p>\n","protected":false},"featured_media":56394,"comment_status":"open","ping_status":"closed","template":"","meta":[],"product_brand":[],"product_cat":[495,462],"product_tag":[633],"class_list":{"0":"post-114358","1":"product","2":"type-product","3":"status-publish","4":"has-post-thumbnail","6":"product_cat-nordstrase","7":"product_cat-a-pie","8":"product_tag-irun_santiago-de","10":"first","11":"instock","12":"shipping-taxable","13":"purchasable","14":"product-type-simple"},"_links":{"self":[{"href":"https:\/\/www.mundiplus.com\/de\/wp-json\/wp\/v2\/product\/114358","targetHints":{"allow":["GET"]}}],"collection":[{"href":"https:\/\/www.mundiplus.com\/de\/wp-json\/wp\/v2\/product"}],"about":[{"href":"https:\/\/www.mundiplus.com\/de\/wp-json\/wp\/v2\/types\/product"}],"replies":[{"embeddable":true,"href":"https:\/\/www.mundiplus.com\/de\/wp-json\/wp\/v2\/comments?post=114358"}],"version-history":[{"count":0,"href":"https:\/\/www.mundiplus.com\/de\/wp-json\/wp\/v2\/product\/114358\/revisions"}],"wp:featuredmedia":[{"embeddable":true,"href":"https:\/\/www.mundiplus.com\/de\/wp-json\/wp\/v2\/media\/56394"}],"wp:attachment":[{"href":"https:\/\/www.mundiplus.com\/de\/wp-json\/wp\/v2\/media?parent=114358"}],"wp:term":[{"taxonomy":"product_brand","embeddable":true,"href":"https:\/\/www.mundiplus.com\/de\/wp-json\/wp\/v2\/product_brand?post=114358"},{"taxonomy":"product_cat","embeddable":true,"href":"https:\/\/www.mundiplus.com\/de\/wp-json\/wp\/v2\/product_cat?post=114358"},{"taxonomy":"product_tag","embeddable":true,"href":"https:\/\/www.mundiplus.com\/de\/wp-json\/wp\/v2\/product_tag?post=114358"}],"curies":[{"name":"wp","href":"https:\/\/api.w.org\/{rel}","templated":true}]}}