{"id":114365,"date":"2023-04-27T11:15:21","date_gmt":"2023-04-27T11:15:21","guid":{"rendered":"https:\/\/www.mundiplus.com\/caminos\/unkategorisiert\/jakobsweg-von-porto-nach-tui\/"},"modified":"2025-03-24T14:31:48","modified_gmt":"2025-03-24T14:31:48","slug":"jakobsweg-von-porto-nach-tui","status":"publish","type":"product","link":"https:\/\/www.mundiplus.com\/de\/caminos\/jakobsweg-von-porto-nach-tui\/","title":{"rendered":"Jakobsweg von Porto nach Tui"},"content":{"rendered":"<p>Der <strong>Camino de Santiago von Porto nach Tui<\/strong> (<a href=\"https:\/\/www.mundiplus.com\/de\/caminos\/a-pie\/camino-portugues\" target=\"_blank\" rel=\"noopener noreferrer\">Camino Portugues<\/a>) f\u00fcgt den Reiz eines Spaziergangs durch das Nachbarland hinzu, in dem die gro\u00dfe Gastfreundschaft, mit der wir empfangen werden, und die F\u00fcrsorge der Einrichtungen, in denen wir \u00fcbernachten, hervorstechen. Perfekt ausgeschilderte Stra\u00dfe wie in Spanien.<\/p>\n<p>Wundersch\u00f6ne St\u00e4dte wie Porto, Barcelos mit seinem ber\u00fchmten \u201eGallo del Milagro\u201c, Ponte de Lima mit seiner spektakul\u00e4ren mittelalterlichen Br\u00fccke und Valencia do Minho an der Grenze zu Spanien, am Fu\u00dfe des Mi\u00f1o und einem Balkon mit Blick auf Tui, sind einige der wichtigsten St\u00e4dte auf der Route.<\/p>\n","protected":false},"excerpt":{"rendered":"<p>Der Camino de Santiago von Porto nach Tui (Camino Portugues) f\u00fcgt den Reiz eines Spaziergangs durch das Nachbarland hinzu, in dem die gro\u00dfe Gastfreundschaft, mit der wir empfangen werden, und die F\u00fcrsorge der Einrichtungen, in denen wir \u00fcbernachten, hervorstechen. Perfekt ausgeschilderte Stra\u00dfe wie in Spanien. Wundersch\u00f6ne St\u00e4dte wie Porto, Barcelos mit seinem ber\u00fchmten \u201eGallo del [&hellip;]<\/p>\n","protected":false},"featured_media":52027,"comment_status":"open","ping_status":"closed","template":"","meta":[],"product_brand":[],"product_cat":[463,462],"product_tag":[],"class_list":{"0":"post-114365","1":"product","2":"type-product","3":"status-publish","4":"has-post-thumbnail","6":"product_cat-portugiesischer-weg","7":"product_cat-a-pie","9":"first","10":"instock","11":"shipping-taxable","12":"purchasable","13":"product-type-simple"},"_links":{"self":[{"href":"https:\/\/www.mundiplus.com\/de\/wp-json\/wp\/v2\/product\/114365","targetHints":{"allow":["GET"]}}],"collection":[{"href":"https:\/\/www.mundiplus.com\/de\/wp-json\/wp\/v2\/product"}],"about":[{"href":"https:\/\/www.mundiplus.com\/de\/wp-json\/wp\/v2\/types\/product"}],"replies":[{"embeddable":true,"href":"https:\/\/www.mundiplus.com\/de\/wp-json\/wp\/v2\/comments?post=114365"}],"version-history":[{"count":0,"href":"https:\/\/www.mundiplus.com\/de\/wp-json\/wp\/v2\/product\/114365\/revisions"}],"wp:featuredmedia":[{"embeddable":true,"href":"https:\/\/www.mundiplus.com\/de\/wp-json\/wp\/v2\/media\/52027"}],"wp:attachment":[{"href":"https:\/\/www.mundiplus.com\/de\/wp-json\/wp\/v2\/media?parent=114365"}],"wp:term":[{"taxonomy":"product_brand","embeddable":true,"href":"https:\/\/www.mundiplus.com\/de\/wp-json\/wp\/v2\/product_brand?post=114365"},{"taxonomy":"product_cat","embeddable":true,"href":"https:\/\/www.mundiplus.com\/de\/wp-json\/wp\/v2\/product_cat?post=114365"},{"taxonomy":"product_tag","embeddable":true,"href":"https:\/\/www.mundiplus.com\/de\/wp-json\/wp\/v2\/product_tag?post=114365"}],"curies":[{"name":"wp","href":"https:\/\/api.w.org\/{rel}","templated":true}]}}