{"id":114371,"date":"2023-04-26T22:11:16","date_gmt":"2023-04-26T22:11:16","guid":{"rendered":"https:\/\/www.mundiplus.com\/caminos\/unkategorisiert\/strasse-von-logrono-nach-burgos\/"},"modified":"2025-03-12T15:00:11","modified_gmt":"2025-03-12T15:00:11","slug":"strasse-von-logrono-nach-burgos","status":"publish","type":"product","link":"https:\/\/www.mundiplus.com\/de\/caminos\/strasse-von-logrono-nach-burgos\/","title":{"rendered":"Stra\u00dfe von Logro\u00f1o nach Burgos"},"content":{"rendered":"<p>Der <strong>Camino de Santiago von Logro\u00f1o<\/strong> durch die Rioja-Region hat nicht viele Kilometer, aber die St\u00e4dte, durch die er verl\u00e4uft, haben eine gro\u00dfe jakobinische Bedeutung in unserem <a href=\"https:\/\/www.mundiplus.com\/de\/caminos\/a-pie\/camino-frances\/\" target=\"_blank\" rel=\"noopener noreferrer\">Franz\u00f6sischer Weg<\/a>.<\/p>\n<p>Etappen durch die Riojan-Ebene, gepr\u00e4gt von Ackerland und seinen ber\u00fchmten Weinbergen, die in den Montes de Oca, in der N\u00e4he von Burgos, eine bemerkenswerte orografische Ver\u00e4nderung erfahren.<\/p>\n","protected":false},"excerpt":{"rendered":"<p>Der Camino de Santiago von Logro\u00f1o durch die Rioja-Region hat nicht viele Kilometer, aber die St\u00e4dte, durch die er verl\u00e4uft, haben eine gro\u00dfe jakobinische Bedeutung in unserem Franz\u00f6sischer Weg. Etappen durch die Riojan-Ebene, gepr\u00e4gt von Ackerland und seinen ber\u00fchmten Weinbergen, die in den Montes de Oca, in der N\u00e4he von Burgos, eine bemerkenswerte orografische Ver\u00e4nderung [&hellip;]<\/p>\n","protected":false},"featured_media":56388,"comment_status":"open","ping_status":"closed","template":"","meta":[],"product_brand":[],"product_cat":[473,462],"product_tag":[],"class_list":{"0":"post-114371","1":"product","2":"type-product","3":"status-publish","4":"has-post-thumbnail","6":"product_cat-franzosischer-weg","7":"product_cat-a-pie","9":"first","10":"instock","11":"shipping-taxable","12":"purchasable","13":"product-type-simple"},"_links":{"self":[{"href":"https:\/\/www.mundiplus.com\/de\/wp-json\/wp\/v2\/product\/114371","targetHints":{"allow":["GET"]}}],"collection":[{"href":"https:\/\/www.mundiplus.com\/de\/wp-json\/wp\/v2\/product"}],"about":[{"href":"https:\/\/www.mundiplus.com\/de\/wp-json\/wp\/v2\/types\/product"}],"replies":[{"embeddable":true,"href":"https:\/\/www.mundiplus.com\/de\/wp-json\/wp\/v2\/comments?post=114371"}],"version-history":[{"count":0,"href":"https:\/\/www.mundiplus.com\/de\/wp-json\/wp\/v2\/product\/114371\/revisions"}],"wp:featuredmedia":[{"embeddable":true,"href":"https:\/\/www.mundiplus.com\/de\/wp-json\/wp\/v2\/media\/56388"}],"wp:attachment":[{"href":"https:\/\/www.mundiplus.com\/de\/wp-json\/wp\/v2\/media?parent=114371"}],"wp:term":[{"taxonomy":"product_brand","embeddable":true,"href":"https:\/\/www.mundiplus.com\/de\/wp-json\/wp\/v2\/product_brand?post=114371"},{"taxonomy":"product_cat","embeddable":true,"href":"https:\/\/www.mundiplus.com\/de\/wp-json\/wp\/v2\/product_cat?post=114371"},{"taxonomy":"product_tag","embeddable":true,"href":"https:\/\/www.mundiplus.com\/de\/wp-json\/wp\/v2\/product_tag?post=114371"}],"curies":[{"name":"wp","href":"https:\/\/api.w.org\/{rel}","templated":true}]}}