{"id":114433,"date":"2023-04-26T21:11:13","date_gmt":"2023-04-26T21:11:13","guid":{"rendered":"https:\/\/www.mundiplus.com\/caminos\/unkategorisiert\/strasse-von-roncesvalles-nach-logrono\/"},"modified":"2025-03-04T12:32:19","modified_gmt":"2025-03-04T12:32:19","slug":"strasse-von-roncesvalles-nach-logrono","status":"publish","type":"product","link":"https:\/\/www.mundiplus.com\/de\/caminos\/strasse-von-roncesvalles-nach-logrono\/","title":{"rendered":"Stra\u00dfe von Roncesvalles nach Logro\u00f1o"},"content":{"rendered":"<p>Der Jakobsweg von Roncesvalles nach Logro\u00f1o stellt den Beginn des <a href=\"https:\/\/www.mundiplus.com\/de\/caminos\/a-pie\/camino-frances\" target=\"_blank\" rel=\"dar noopener\">Stra\u00dfe auf Franz\u00f6sisch<\/a> in Spanien, am Fu\u00dfe der Navarresischen Pyren\u00e4en. Route der au\u00dfergew\u00f6hnlichen Kultur, Traditionen und Denkm\u00e4ler, die sie kennzeichnen, viele davon sind pers\u00f6nliche Zeugen der Jakobsroute.<\/p>\n<p>Route der deutlichen Kontraste, von den Pyren\u00e4en mit ihren wundersch\u00f6nen W\u00e4ldern \u00fcber die Stra\u00dfenst\u00e4dte, die vom und f\u00fcr den Camino gebaut wurden, bis hin zu den Feldern und Weinbergen von La Rioja.<\/p>\n","protected":false},"excerpt":{"rendered":"<p>Der Jakobsweg von Roncesvalles nach Logro\u00f1o stellt den Beginn des Stra\u00dfe auf Franz\u00f6sisch in Spanien, am Fu\u00dfe der Navarresischen Pyren\u00e4en. Route der au\u00dfergew\u00f6hnlichen Kultur, Traditionen und Denkm\u00e4ler, die sie kennzeichnen, viele davon sind pers\u00f6nliche Zeugen der Jakobsroute. Route der deutlichen Kontraste, von den Pyren\u00e4en mit ihren wundersch\u00f6nen W\u00e4ldern \u00fcber die Stra\u00dfenst\u00e4dte, die vom und f\u00fcr [&hellip;]<\/p>\n","protected":false},"featured_media":61351,"comment_status":"open","ping_status":"closed","template":"","meta":[],"product_brand":[],"product_cat":[473,462],"product_tag":[637],"class_list":{"0":"post-114433","1":"product","2":"type-product","3":"status-publish","4":"has-post-thumbnail","6":"product_cat-franzosischer-weg","7":"product_cat-a-pie","8":"product_tag-roncesvalles-de","10":"first","11":"instock","12":"shipping-taxable","13":"purchasable","14":"product-type-simple"},"_links":{"self":[{"href":"https:\/\/www.mundiplus.com\/de\/wp-json\/wp\/v2\/product\/114433","targetHints":{"allow":["GET"]}}],"collection":[{"href":"https:\/\/www.mundiplus.com\/de\/wp-json\/wp\/v2\/product"}],"about":[{"href":"https:\/\/www.mundiplus.com\/de\/wp-json\/wp\/v2\/types\/product"}],"replies":[{"embeddable":true,"href":"https:\/\/www.mundiplus.com\/de\/wp-json\/wp\/v2\/comments?post=114433"}],"version-history":[{"count":0,"href":"https:\/\/www.mundiplus.com\/de\/wp-json\/wp\/v2\/product\/114433\/revisions"}],"wp:featuredmedia":[{"embeddable":true,"href":"https:\/\/www.mundiplus.com\/de\/wp-json\/wp\/v2\/media\/61351"}],"wp:attachment":[{"href":"https:\/\/www.mundiplus.com\/de\/wp-json\/wp\/v2\/media?parent=114433"}],"wp:term":[{"taxonomy":"product_brand","embeddable":true,"href":"https:\/\/www.mundiplus.com\/de\/wp-json\/wp\/v2\/product_brand?post=114433"},{"taxonomy":"product_cat","embeddable":true,"href":"https:\/\/www.mundiplus.com\/de\/wp-json\/wp\/v2\/product_cat?post=114433"},{"taxonomy":"product_tag","embeddable":true,"href":"https:\/\/www.mundiplus.com\/de\/wp-json\/wp\/v2\/product_tag?post=114433"}],"curies":[{"name":"wp","href":"https:\/\/api.w.org\/{rel}","templated":true}]}}