{"id":114437,"date":"2023-04-25T11:58:31","date_gmt":"2023-04-25T11:58:31","guid":{"rendered":"https:\/\/www.mundiplus.com\/caminos\/unkategorisiert\/weg-von-o-cebreiro-nach-santiago\/"},"modified":"2025-03-04T12:10:06","modified_gmt":"2025-03-04T12:10:06","slug":"weg-von-o-cebreiro-nach-santiago","status":"publish","type":"product","link":"https:\/\/www.mundiplus.com\/de\/caminos\/weg-von-o-cebreiro-nach-santiago\/","title":{"rendered":"Weg von O Cebreiro nach Santiago"},"content":{"rendered":"<p>Der <strong>Camino de Santiago von O Cebreiro<\/strong> nach Santiago (<a href=\"https:\/\/www.mundiplus.com\/de\/caminos\/a-pie\/camino-frances\/\" target=\"_blank \" rel=\"noopener noreferrer\">Camino Franc\u00e9s<\/a>) ist ein symboltr\u00e4chtiger Ort, Wiege von Legenden, Geheimnissen und Wundern. Aufgrund seiner privilegierten Lage zwischen Kastilien und Le\u00f3n und Galizien, in der N\u00e4he der Sierras de Os Ancares und O Courel, begeistert es uns mit m\u00e4rchenhaften Landschaften.<\/p>\n<p>Unterwegs entdecken wir das Kloster San Xuli\u00e1n de Samos aus dem 6. Jahrhundert mit unvergleichlicher Sch\u00f6nheit und Erhabenheit. Sobald wir Sarria erreichen, stehen uns die letzten 100 Kilometer des franz\u00f6sischen Weges bevor, bis wir Santiago de Compostela erreichen.<\/p>\n","protected":false},"excerpt":{"rendered":"<p>Der Camino de Santiago von O Cebreiro nach Santiago (Camino Franc\u00e9s) ist ein symboltr\u00e4chtiger Ort, Wiege von Legenden, Geheimnissen und Wundern. Aufgrund seiner privilegierten Lage zwischen Kastilien und Le\u00f3n und Galizien, in der N\u00e4he der Sierras de Os Ancares und O Courel, begeistert es uns mit m\u00e4rchenhaften Landschaften. Unterwegs entdecken wir das Kloster San Xuli\u00e1n [&hellip;]<\/p>\n","protected":false},"featured_media":60216,"comment_status":"open","ping_status":"closed","template":"","meta":[],"product_brand":[],"product_cat":[473,462],"product_tag":[],"class_list":{"0":"post-114437","1":"product","2":"type-product","3":"status-publish","4":"has-post-thumbnail","6":"product_cat-franzosischer-weg","7":"product_cat-a-pie","9":"first","10":"instock","11":"shipping-taxable","12":"purchasable","13":"product-type-simple"},"_links":{"self":[{"href":"https:\/\/www.mundiplus.com\/de\/wp-json\/wp\/v2\/product\/114437","targetHints":{"allow":["GET"]}}],"collection":[{"href":"https:\/\/www.mundiplus.com\/de\/wp-json\/wp\/v2\/product"}],"about":[{"href":"https:\/\/www.mundiplus.com\/de\/wp-json\/wp\/v2\/types\/product"}],"replies":[{"embeddable":true,"href":"https:\/\/www.mundiplus.com\/de\/wp-json\/wp\/v2\/comments?post=114437"}],"version-history":[{"count":0,"href":"https:\/\/www.mundiplus.com\/de\/wp-json\/wp\/v2\/product\/114437\/revisions"}],"wp:featuredmedia":[{"embeddable":true,"href":"https:\/\/www.mundiplus.com\/de\/wp-json\/wp\/v2\/media\/60216"}],"wp:attachment":[{"href":"https:\/\/www.mundiplus.com\/de\/wp-json\/wp\/v2\/media?parent=114437"}],"wp:term":[{"taxonomy":"product_brand","embeddable":true,"href":"https:\/\/www.mundiplus.com\/de\/wp-json\/wp\/v2\/product_brand?post=114437"},{"taxonomy":"product_cat","embeddable":true,"href":"https:\/\/www.mundiplus.com\/de\/wp-json\/wp\/v2\/product_cat?post=114437"},{"taxonomy":"product_tag","embeddable":true,"href":"https:\/\/www.mundiplus.com\/de\/wp-json\/wp\/v2\/product_tag?post=114437"}],"curies":[{"name":"wp","href":"https:\/\/api.w.org\/{rel}","templated":true}]}}