{"id":119528,"date":"2023-04-27T12:27:27","date_gmt":"2023-04-27T12:27:27","guid":{"rendered":"https:\/\/www.mundiplus.com\/caminos\/unkategorisiert\/strasse-von-a-guarda-nach-santiago\/"},"modified":"2025-05-22T13:10:18","modified_gmt":"2025-05-22T13:10:18","slug":"strasse-von-a-guarda-nach-santiago","status":"publish","type":"product","link":"https:\/\/www.mundiplus.com\/de\/caminos\/a-pie\/portugiesische-kustenroute\/strasse-von-a-guarda-nach-santiago\/","title":{"rendered":"Stra\u00dfe von A Guarda nach Santiago"},"content":{"rendered":"<p>Auf dem Jakobsweg von A Guarda aus, gelegen am <a href=\"https:\/\/www.mundiplus.com\/caminos\/a-pie\/camino-portugues-costa\" target=\"_blank\" rel=\"noopener noreferrer\">portugiesischen K\u00fcstenweg<\/a>, ist jeder Schritt begleitet von einem sanften Meeresduft, der den Geist st\u00e4rkt und den K\u00f6rper auf die Reise nach Santiago de Compostela vorbereitet. Berge, T\u00e4ler, B\u00e4che und der Atlantische Ozean s\u00e4umen den Weg. Jede Kurve des Weges f\u00fchrt uns zu einer noch idyllischeren Landschaft als der vorherigen.<\/p>\n","protected":false},"excerpt":{"rendered":"<p>Auf dem Jakobsweg von A Guarda aus, gelegen am portugiesischen K\u00fcstenweg, ist jeder Schritt begleitet von einem sanften Meeresduft, der den Geist st\u00e4rkt und den K\u00f6rper auf die Reise nach Santiago de Compostela vorbereitet. Berge, T\u00e4ler, B\u00e4che und der Atlantische Ozean s\u00e4umen den Weg. Jede Kurve des Weges f\u00fchrt uns zu einer noch idyllischeren Landschaft [&hellip;]<\/p>\n","protected":false},"featured_media":52037,"comment_status":"open","ping_status":"closed","template":"","meta":[],"product_brand":[],"product_cat":[469,462],"product_tag":[],"class_list":{"0":"post-119528","1":"product","2":"type-product","3":"status-publish","4":"has-post-thumbnail","6":"product_cat-portugiesische-kustenroute","7":"product_cat-a-pie","9":"first","10":"instock","11":"shipping-taxable","12":"purchasable","13":"product-type-simple"},"_links":{"self":[{"href":"https:\/\/www.mundiplus.com\/de\/wp-json\/wp\/v2\/product\/119528","targetHints":{"allow":["GET"]}}],"collection":[{"href":"https:\/\/www.mundiplus.com\/de\/wp-json\/wp\/v2\/product"}],"about":[{"href":"https:\/\/www.mundiplus.com\/de\/wp-json\/wp\/v2\/types\/product"}],"replies":[{"embeddable":true,"href":"https:\/\/www.mundiplus.com\/de\/wp-json\/wp\/v2\/comments?post=119528"}],"version-history":[{"count":0,"href":"https:\/\/www.mundiplus.com\/de\/wp-json\/wp\/v2\/product\/119528\/revisions"}],"wp:featuredmedia":[{"embeddable":true,"href":"https:\/\/www.mundiplus.com\/de\/wp-json\/wp\/v2\/media\/52037"}],"wp:attachment":[{"href":"https:\/\/www.mundiplus.com\/de\/wp-json\/wp\/v2\/media?parent=119528"}],"wp:term":[{"taxonomy":"product_brand","embeddable":true,"href":"https:\/\/www.mundiplus.com\/de\/wp-json\/wp\/v2\/product_brand?post=119528"},{"taxonomy":"product_cat","embeddable":true,"href":"https:\/\/www.mundiplus.com\/de\/wp-json\/wp\/v2\/product_cat?post=119528"},{"taxonomy":"product_tag","embeddable":true,"href":"https:\/\/www.mundiplus.com\/de\/wp-json\/wp\/v2\/product_tag?post=119528"}],"curies":[{"name":"wp","href":"https:\/\/api.w.org\/{rel}","templated":true}]}}