{"id":80857,"date":"2023-05-08T01:08:09","date_gmt":"2023-05-08T01:08:09","guid":{"rendered":"https:\/\/www.mundiplus.com\/caminos\/uncategorized\/way-of-santiago-from-irun-to-bilbao\/"},"modified":"2025-01-08T16:19:50","modified_gmt":"2025-01-08T16:19:50","slug":"camino-de-santiago-desde-irun-a-bilbao","status":"publish","type":"product","link":"https:\/\/www.mundiplus.com\/en\/caminos\/a-pie\/camino-de-santiago-desde-irun-a-bilbao\/","title":{"rendered":"Camino de Santiago from Ir\u00fan to Bilbao"},"content":{"rendered":"<p>The Camino de Santiago from Ir\u00fan to Bilbao alternates between coastal and mountainous areas. The city of Ir\u00fan is the starting point of the Northern Camino. Rich and abundant gastronomy, along with its renowned restaurants and chefs, await us along the route. Lush landscapes and spectacular views will accompany the pilgrim through Basque lands.<\/p>\n","protected":false},"excerpt":{"rendered":"<p>The Camino de Santiago from Ir\u00fan to Bilbao alternates between coastal and mountainous areas. The city of Ir\u00fan is the starting point of the Northern Camino. Rich and abundant gastronomy, along with its renowned restaurants and chefs, await us along the route. Lush landscapes and spectacular views will accompany the pilgrim through Basque lands.<\/p>\n","protected":false},"featured_media":56392,"comment_status":"open","ping_status":"closed","template":"","meta":[],"product_brand":[],"product_cat":[458,424],"product_tag":[631],"class_list":{"0":"post-80857","1":"product","2":"type-product","3":"status-publish","4":"has-post-thumbnail","6":"product_cat-camino-norte","7":"product_cat-a-pie","8":"product_tag-irun_santiago-en","10":"first","11":"instock","12":"shipping-taxable","13":"purchasable","14":"product-type-simple"},"_links":{"self":[{"href":"https:\/\/www.mundiplus.com\/en\/wp-json\/wp\/v2\/product\/80857","targetHints":{"allow":["GET"]}}],"collection":[{"href":"https:\/\/www.mundiplus.com\/en\/wp-json\/wp\/v2\/product"}],"about":[{"href":"https:\/\/www.mundiplus.com\/en\/wp-json\/wp\/v2\/types\/product"}],"replies":[{"embeddable":true,"href":"https:\/\/www.mundiplus.com\/en\/wp-json\/wp\/v2\/comments?post=80857"}],"version-history":[{"count":0,"href":"https:\/\/www.mundiplus.com\/en\/wp-json\/wp\/v2\/product\/80857\/revisions"}],"wp:featuredmedia":[{"embeddable":true,"href":"https:\/\/www.mundiplus.com\/en\/wp-json\/wp\/v2\/media\/56392"}],"wp:attachment":[{"href":"https:\/\/www.mundiplus.com\/en\/wp-json\/wp\/v2\/media?parent=80857"}],"wp:term":[{"taxonomy":"product_brand","embeddable":true,"href":"https:\/\/www.mundiplus.com\/en\/wp-json\/wp\/v2\/product_brand?post=80857"},{"taxonomy":"product_cat","embeddable":true,"href":"https:\/\/www.mundiplus.com\/en\/wp-json\/wp\/v2\/product_cat?post=80857"},{"taxonomy":"product_tag","embeddable":true,"href":"https:\/\/www.mundiplus.com\/en\/wp-json\/wp\/v2\/product_tag?post=80857"}],"curies":[{"name":"wp","href":"https:\/\/api.w.org\/{rel}","templated":true}]}}