{"id":81227,"date":"2023-05-17T19:10:23","date_gmt":"2023-05-17T19:10:23","guid":{"rendered":"https:\/\/www.mundiplus.com\/caminos\/uncategorized\/bicycle-route-from-gijon-to-santiago\/"},"modified":"2024-10-28T11:53:04","modified_gmt":"2024-10-28T11:53:04","slug":"camino-en-bici-desde-gijon-a-santiago","status":"publish","type":"product","link":"https:\/\/www.mundiplus.com\/en\/caminos\/en-bicicleta\/camino-en-bici-desde-gijon-a-santiago\/","title":{"rendered":"Bicycle route from Gij\u00f3n to Santiago"},"content":{"rendered":"<p>The Northern Way by bike from Gij\u00f3n is one of the oldest routes that runs along the Cantabrian coast. In the town of Arz\u00faa, it merges into a single route with the French Way.<\/p>\n","protected":false},"excerpt":{"rendered":"<p>The Northern Way by bike from Gij\u00f3n is one of the oldest routes that runs along the Cantabrian coast. In the town of Arz\u00faa, it merges into a single route with the French Way.<\/p>\n","protected":false},"featured_media":56348,"comment_status":"open","ping_status":"closed","template":"","meta":[],"product_brand":[],"product_cat":[453],"product_tag":[],"class_list":{"0":"post-81227","1":"product","2":"type-product","3":"status-publish","4":"has-post-thumbnail","6":"product_cat-en-bicicleta","8":"first","9":"instock","10":"shipping-taxable","11":"purchasable","12":"product-type-simple"},"_links":{"self":[{"href":"https:\/\/www.mundiplus.com\/en\/wp-json\/wp\/v2\/product\/81227","targetHints":{"allow":["GET"]}}],"collection":[{"href":"https:\/\/www.mundiplus.com\/en\/wp-json\/wp\/v2\/product"}],"about":[{"href":"https:\/\/www.mundiplus.com\/en\/wp-json\/wp\/v2\/types\/product"}],"replies":[{"embeddable":true,"href":"https:\/\/www.mundiplus.com\/en\/wp-json\/wp\/v2\/comments?post=81227"}],"version-history":[{"count":0,"href":"https:\/\/www.mundiplus.com\/en\/wp-json\/wp\/v2\/product\/81227\/revisions"}],"wp:featuredmedia":[{"embeddable":true,"href":"https:\/\/www.mundiplus.com\/en\/wp-json\/wp\/v2\/media\/56348"}],"wp:attachment":[{"href":"https:\/\/www.mundiplus.com\/en\/wp-json\/wp\/v2\/media?parent=81227"}],"wp:term":[{"taxonomy":"product_brand","embeddable":true,"href":"https:\/\/www.mundiplus.com\/en\/wp-json\/wp\/v2\/product_brand?post=81227"},{"taxonomy":"product_cat","embeddable":true,"href":"https:\/\/www.mundiplus.com\/en\/wp-json\/wp\/v2\/product_cat?post=81227"},{"taxonomy":"product_tag","embeddable":true,"href":"https:\/\/www.mundiplus.com\/en\/wp-json\/wp\/v2\/product_tag?post=81227"}],"curies":[{"name":"wp","href":"https:\/\/api.w.org\/{rel}","templated":true}]}}