{"id":81228,"date":"2023-04-22T22:16:46","date_gmt":"2023-04-22T22:16:46","guid":{"rendered":"https:\/\/www.mundiplus.com\/caminos\/uncategorized\/camino-de-santiago-by-bike-from-leon\/"},"modified":"2024-11-23T17:31:03","modified_gmt":"2024-11-23T17:31:03","slug":"camino-de-santiago-en-bici-desde-leon","status":"publish","type":"product","link":"https:\/\/www.mundiplus.com\/en\/caminos\/en-bicicleta\/camino-de-santiago-en-bici-desde-leon\/","title":{"rendered":"Camino de Santiago by bike from Leon"},"content":{"rendered":"<p>On this exciting route of the <strong>Camino de Santiago by bike from Le\u00f3n<\/strong>, a little over 300 km, you will cross the beautiful Le\u00f3n plateau and the region of El Bierzo. You will enjoy thrilling views from Foncebad\u00f3n, Cruz del Ferro, and O Cebreiro.<\/p>\n<p>The Camino de Santiago is a unique route with over a thousand years of history, stretching through towns, villages, and cities of great historical and artistic significance.<\/p>\n<p>If you prefer to do the <a href=\"https:\/\/www.mundiplus.com\/en\/caminos\/a-pie\/camino-frances\" target=\"_blank\" rel=\"noopener noreferrer\">Camino Franc\u00e9s on foot<\/a>, we also offer you that option.<\/p>\n","protected":false},"excerpt":{"rendered":"<p>On this exciting route of the Camino de Santiago by bike from Le\u00f3n, a little over 300 km, you will cross the beautiful Le\u00f3n plateau and the region of El Bierzo. You will enjoy thrilling views from Foncebad\u00f3n, Cruz del Ferro, and O Cebreiro. The Camino de Santiago is a unique route with over a [&hellip;]<\/p>\n","protected":false},"featured_media":56336,"comment_status":"open","ping_status":"closed","template":"","meta":[],"product_brand":[],"product_cat":[453],"product_tag":[],"class_list":{"0":"post-81228","1":"product","2":"type-product","3":"status-publish","4":"has-post-thumbnail","6":"product_cat-en-bicicleta","8":"first","9":"instock","10":"shipping-taxable","11":"purchasable","12":"product-type-simple"},"_links":{"self":[{"href":"https:\/\/www.mundiplus.com\/en\/wp-json\/wp\/v2\/product\/81228","targetHints":{"allow":["GET"]}}],"collection":[{"href":"https:\/\/www.mundiplus.com\/en\/wp-json\/wp\/v2\/product"}],"about":[{"href":"https:\/\/www.mundiplus.com\/en\/wp-json\/wp\/v2\/types\/product"}],"replies":[{"embeddable":true,"href":"https:\/\/www.mundiplus.com\/en\/wp-json\/wp\/v2\/comments?post=81228"}],"version-history":[{"count":0,"href":"https:\/\/www.mundiplus.com\/en\/wp-json\/wp\/v2\/product\/81228\/revisions"}],"wp:featuredmedia":[{"embeddable":true,"href":"https:\/\/www.mundiplus.com\/en\/wp-json\/wp\/v2\/media\/56336"}],"wp:attachment":[{"href":"https:\/\/www.mundiplus.com\/en\/wp-json\/wp\/v2\/media?parent=81228"}],"wp:term":[{"taxonomy":"product_brand","embeddable":true,"href":"https:\/\/www.mundiplus.com\/en\/wp-json\/wp\/v2\/product_brand?post=81228"},{"taxonomy":"product_cat","embeddable":true,"href":"https:\/\/www.mundiplus.com\/en\/wp-json\/wp\/v2\/product_cat?post=81228"},{"taxonomy":"product_tag","embeddable":true,"href":"https:\/\/www.mundiplus.com\/en\/wp-json\/wp\/v2\/product_tag?post=81228"}],"curies":[{"name":"wp","href":"https:\/\/api.w.org\/{rel}","templated":true}]}}