{"id":107221,"date":"2024-05-14T02:19:08","date_gmt":"2024-05-14T02:19:08","guid":{"rendered":"https:\/\/www.mundiplus.com\/caminos\/non%20class\u00e9\/sarria-santiago-etapes-courtes\/"},"modified":"2025-02-25T20:30:36","modified_gmt":"2025-02-25T20:30:36","slug":"sarria-santiago-etapes-courtes","status":"publish","type":"product","link":"https:\/\/www.mundiplus.com\/fr\/caminos\/a-pie\/camino-frances\/sarria-santiago-etapas-cortas\/","title":{"rendered":"Sarria-Santiago (\u00c9tapes courtes)"},"content":{"rendered":"<p>Cet itin\u00e9raire que nous avons con\u00e7u des <strong>derniers 100 km du Camino de Santiago depuis Sarria<\/strong> en \u00e9tapes avec moins de kilom\u00e8tres que ceux \u00e9tablis est destin\u00e9 aux personnes qui souhaitent r\u00e9aliser ce tron\u00e7on du Camino Franc\u00e9s avec encore plus de d\u00e9tente.<\/p>\n<p>Le d\u00e9coupage des \u00e9tapes que nous avons pr\u00e9par\u00e9 est <strong>id\u00e9al pour les familles avec de jeunes enfants et pour les personnes \u00e2g\u00e9es<\/strong> qui, pour des raisons physiques, ne peuvent ou ne veulent marcher que sur des \u00e9tapes plus courtes que celles que nous proposons dans le <a href=\"https:\/\/www.mundiplus.com\/fr\/caminos\/a-pie\/camino-frances\/camino-de-santiago-desde-sarria\/\" target=\"_blank\" rel=\"noopener\">Camino de Santiago depuis Sarria jusqu&rsquo;\u00e0 Santiago<\/a>.<\/p>\n","protected":false},"excerpt":{"rendered":"<p>Cet itin\u00e9raire que nous avons con\u00e7u des derniers 100 km du Camino de Santiago depuis Sarria en \u00e9tapes avec moins de kilom\u00e8tres que ceux \u00e9tablis est destin\u00e9 aux personnes qui souhaitent r\u00e9aliser ce tron\u00e7on du Camino Franc\u00e9s avec encore plus de d\u00e9tente. Le d\u00e9coupage des \u00e9tapes que nous avons pr\u00e9par\u00e9 est id\u00e9al pour les familles [&hellip;]<\/p>\n","protected":false},"featured_media":97843,"comment_status":"open","ping_status":"closed","template":"","meta":[],"product_brand":[],"product_cat":[460,472],"product_tag":[],"class_list":{"0":"post-107221","1":"product","2":"type-product","3":"status-publish","4":"has-post-thumbnail","6":"product_cat-a-pie-fr","7":"product_cat-voie-francaise","9":"first","10":"instock","11":"shipping-taxable","12":"purchasable","13":"product-type-simple"},"_links":{"self":[{"href":"https:\/\/www.mundiplus.com\/fr\/wp-json\/wp\/v2\/product\/107221","targetHints":{"allow":["GET"]}}],"collection":[{"href":"https:\/\/www.mundiplus.com\/fr\/wp-json\/wp\/v2\/product"}],"about":[{"href":"https:\/\/www.mundiplus.com\/fr\/wp-json\/wp\/v2\/types\/product"}],"replies":[{"embeddable":true,"href":"https:\/\/www.mundiplus.com\/fr\/wp-json\/wp\/v2\/comments?post=107221"}],"version-history":[{"count":0,"href":"https:\/\/www.mundiplus.com\/fr\/wp-json\/wp\/v2\/product\/107221\/revisions"}],"wp:featuredmedia":[{"embeddable":true,"href":"https:\/\/www.mundiplus.com\/fr\/wp-json\/wp\/v2\/media\/97843"}],"wp:attachment":[{"href":"https:\/\/www.mundiplus.com\/fr\/wp-json\/wp\/v2\/media?parent=107221"}],"wp:term":[{"taxonomy":"product_brand","embeddable":true,"href":"https:\/\/www.mundiplus.com\/fr\/wp-json\/wp\/v2\/product_brand?post=107221"},{"taxonomy":"product_cat","embeddable":true,"href":"https:\/\/www.mundiplus.com\/fr\/wp-json\/wp\/v2\/product_cat?post=107221"},{"taxonomy":"product_tag","embeddable":true,"href":"https:\/\/www.mundiplus.com\/fr\/wp-json\/wp\/v2\/product_tag?post=107221"}],"curies":[{"name":"wp","href":"https:\/\/api.w.org\/{rel}","templated":true}]}}