{"id":107223,"date":"2024-04-11T14:18:51","date_gmt":"2024-04-11T14:18:51","guid":{"rendered":"https:\/\/www.mundiplus.com\/caminos\/non%20class\u00e9\/chemin-de-saint-jacques-de-compostelle-depuis-ferrol\/"},"modified":"2024-11-14T12:41:14","modified_gmt":"2024-11-14T12:41:14","slug":"chemin-de-saint-jacques-de-compostelle-depuis-ferrol","status":"publish","type":"product","link":"https:\/\/www.mundiplus.com\/fr\/caminos\/a-pie\/camino-ingles\/camino-de-santiago-desde-ferrol\/","title":{"rendered":"Chemin de Saint-Jacques-de-Compostelle depuis Ferrol"},"content":{"rendered":"<p>Le <strong>Chemin de Saint-Jacques-de-Compostelle depuis Ferrol<\/strong>, ainsi que le d\u00e9part depuis La Corogne, sont devenus au XIIe si\u00e8cle les deux principaux points de d\u00e9part du <a href=\"https:\/\/www.mundiplus.com\/caminos\/a-pie\/camino-ingles\" target=\"_blank\" rel=\"noopener noreferrer\">Chemin Anglais<\/a>.<\/p>\n<p>Gr\u00e2ce \u00e0 leur situation strat\u00e9gique, les Scandinaves, Flamands, Anglais, \u00c9cossais et Irlandais ont utilis\u00e9 intens\u00e9ment les chemins de mer pour arriver en Espagne et commencer la p\u00e8lerinage. Le p\u00e8lerinage jacquaire et ses diff\u00e9rents itin\u00e9raires ont commenc\u00e9 \u00e0 jouir d&rsquo;une grande renomm\u00e9e dans toute l&rsquo;Europe m\u00e9di\u00e9vale.<\/p>\n","protected":false},"excerpt":{"rendered":"<p>Le Chemin de Saint-Jacques-de-Compostelle depuis Ferrol, ainsi que le d\u00e9part depuis La Corogne, sont devenus au XIIe si\u00e8cle les deux principaux points de d\u00e9part du Chemin Anglais. Gr\u00e2ce \u00e0 leur situation strat\u00e9gique, les Scandinaves, Flamands, Anglais, \u00c9cossais et Irlandais ont utilis\u00e9 intens\u00e9ment les chemins de mer pour arriver en Espagne et commencer la p\u00e8lerinage. Le [&hellip;]<\/p>\n","protected":false},"featured_media":52156,"comment_status":"open","ping_status":"closed","template":"","meta":[],"product_brand":[],"product_cat":[460,485],"product_tag":[550],"class_list":{"0":"post-107223","1":"product","2":"type-product","3":"status-publish","4":"has-post-thumbnail","6":"product_cat-a-pie-fr","7":"product_cat-la-voie-anglaise","8":"product_tag-ferrol-fr","10":"first","11":"instock","12":"shipping-taxable","13":"purchasable","14":"product-type-simple"},"_links":{"self":[{"href":"https:\/\/www.mundiplus.com\/fr\/wp-json\/wp\/v2\/product\/107223","targetHints":{"allow":["GET"]}}],"collection":[{"href":"https:\/\/www.mundiplus.com\/fr\/wp-json\/wp\/v2\/product"}],"about":[{"href":"https:\/\/www.mundiplus.com\/fr\/wp-json\/wp\/v2\/types\/product"}],"replies":[{"embeddable":true,"href":"https:\/\/www.mundiplus.com\/fr\/wp-json\/wp\/v2\/comments?post=107223"}],"version-history":[{"count":0,"href":"https:\/\/www.mundiplus.com\/fr\/wp-json\/wp\/v2\/product\/107223\/revisions"}],"wp:featuredmedia":[{"embeddable":true,"href":"https:\/\/www.mundiplus.com\/fr\/wp-json\/wp\/v2\/media\/52156"}],"wp:attachment":[{"href":"https:\/\/www.mundiplus.com\/fr\/wp-json\/wp\/v2\/media?parent=107223"}],"wp:term":[{"taxonomy":"product_brand","embeddable":true,"href":"https:\/\/www.mundiplus.com\/fr\/wp-json\/wp\/v2\/product_brand?post=107223"},{"taxonomy":"product_cat","embeddable":true,"href":"https:\/\/www.mundiplus.com\/fr\/wp-json\/wp\/v2\/product_cat?post=107223"},{"taxonomy":"product_tag","embeddable":true,"href":"https:\/\/www.mundiplus.com\/fr\/wp-json\/wp\/v2\/product_tag?post=107223"}],"curies":[{"name":"wp","href":"https:\/\/api.w.org\/{rel}","templated":true}]}}