{"id":107226,"date":"2023-10-24T15:13:17","date_gmt":"2023-10-24T15:13:17","guid":{"rendered":"https:\/\/www.mundiplus.com\/caminos\/non%20class\u00e9\/chemin-variante-spirituelle\/"},"modified":"2025-03-17T16:33:52","modified_gmt":"2025-03-17T16:33:52","slug":"chemin-variante-spirituelle","status":"publish","type":"product","link":"https:\/\/www.mundiplus.com\/fr\/caminos\/a-pie\/variante-espiritual\/","title":{"rendered":"Chemin Variante spirituelle"},"content":{"rendered":"<p>Une variante du Chemin Portugais Central ou du Chemin Portugais de la C\u00f4te, est la variante spirituelle qui se bifurque \u00e0 Pontevedra. En passant par les majestueux monast\u00e8res de Poio et Armenteira, elle se dirige vers Vilanova de Arousa, \u00e0 travers la Route de la Pierre et de l&rsquo;Eau, jalonn\u00e9e de sources, de chapelles et de cours d&rsquo;eau de grande beaut\u00e9, connue comme l&rsquo;une des routes les plus belles de Galice.<\/p>\n<p>\u00c0 Vilanova de Arousa, au pied de la ria qui lui donne son nom, nous embarquerons jusqu&rsquo;\u00e0 Pontecesures pour continuer la route par la mer, en suivant le m\u00eame trajet que les restes de l&rsquo;ap\u00f4tre Jacques lors de leur voyage \u00e0 Compostelle. Nous naviguerons dans un cadre naturel de grande beaut\u00e9 et nous profiterons du seul chemin de croix maritimo-fluvial au monde, o\u00f9 nous pourrons contempler dix-sept croix centenaires, ainsi que les spectaculaires Tours de l&rsquo;Ouest, qui identifient ce Chemin de Saint-Jacques comme la Translatio, l&rsquo;origine de tous les chemins.<\/p>\n","protected":false},"excerpt":{"rendered":"<p>Une variante du Chemin Portugais Central ou du Chemin Portugais de la C\u00f4te, est la variante spirituelle qui se bifurque \u00e0 Pontevedra. En passant par les majestueux monast\u00e8res de Poio et Armenteira, elle se dirige vers Vilanova de Arousa, \u00e0 travers la Route de la Pierre et de l&rsquo;Eau, jalonn\u00e9e de sources, de chapelles et [&hellip;]<\/p>\n","protected":false},"featured_media":58567,"comment_status":"open","ping_status":"closed","template":"","meta":[],"product_brand":[],"product_cat":[460,461],"product_tag":[],"class_list":{"0":"post-107226","1":"product","2":"type-product","3":"status-publish","4":"has-post-thumbnail","6":"product_cat-a-pie-fr","7":"product_cat-voie-portugaise","9":"first","10":"instock","11":"shipping-taxable","12":"purchasable","13":"product-type-simple"},"_links":{"self":[{"href":"https:\/\/www.mundiplus.com\/fr\/wp-json\/wp\/v2\/product\/107226","targetHints":{"allow":["GET"]}}],"collection":[{"href":"https:\/\/www.mundiplus.com\/fr\/wp-json\/wp\/v2\/product"}],"about":[{"href":"https:\/\/www.mundiplus.com\/fr\/wp-json\/wp\/v2\/types\/product"}],"replies":[{"embeddable":true,"href":"https:\/\/www.mundiplus.com\/fr\/wp-json\/wp\/v2\/comments?post=107226"}],"version-history":[{"count":0,"href":"https:\/\/www.mundiplus.com\/fr\/wp-json\/wp\/v2\/product\/107226\/revisions"}],"wp:featuredmedia":[{"embeddable":true,"href":"https:\/\/www.mundiplus.com\/fr\/wp-json\/wp\/v2\/media\/58567"}],"wp:attachment":[{"href":"https:\/\/www.mundiplus.com\/fr\/wp-json\/wp\/v2\/media?parent=107226"}],"wp:term":[{"taxonomy":"product_brand","embeddable":true,"href":"https:\/\/www.mundiplus.com\/fr\/wp-json\/wp\/v2\/product_brand?post=107226"},{"taxonomy":"product_cat","embeddable":true,"href":"https:\/\/www.mundiplus.com\/fr\/wp-json\/wp\/v2\/product_cat?post=107226"},{"taxonomy":"product_tag","embeddable":true,"href":"https:\/\/www.mundiplus.com\/fr\/wp-json\/wp\/v2\/product_tag?post=107226"}],"curies":[{"name":"wp","href":"https:\/\/api.w.org\/{rel}","templated":true}]}}