{"id":107231,"date":"2023-10-23T15:41:15","date_gmt":"2023-10-23T15:41:15","guid":{"rendered":"https:\/\/www.mundiplus.com\/caminos\/non%20class\u00e9\/chemin-doporto-a-a-guarda\/"},"modified":"2025-04-21T09:40:31","modified_gmt":"2025-04-21T09:40:31","slug":"chemin-doporto-a-a-guarda","status":"publish","type":"product","link":"https:\/\/www.mundiplus.com\/fr\/caminos\/a-pie\/camino-desde-oporto-a-a-guarda\/","title":{"rendered":"Route de Porto \u00e0 A Guarda"},"content":{"rendered":"<p>Ce chemin de p\u00e8lerinage s&rsquo;est impos\u00e9 comme l&rsquo;un des plus beaux et des plus dynamiques parmi les diff\u00e9rents chemins de p\u00e8lerinage vers Saint-Jacques-de-Compostelle, tant en provenance d&rsquo;Espagne que du Portugal.<br \/>\nL&rsquo;itin\u00e9raire rejoint le Chemin Central Portugais dans la ville de Redondela, menant \u00e0 une seule route vers Saint-Jacques-de-Compostelle.<br \/>\nNous marcherons le long de nombreuses promenades en bord de mer et de passerelles en bois uniques, con\u00e7ues pour prot\u00e9ger les dunes de la plage du passage des p\u00e8lerins.<\/p>\n","protected":false},"excerpt":{"rendered":"<p>Ce chemin de p\u00e8lerinage s&rsquo;est impos\u00e9 comme l&rsquo;un des plus beaux et des plus dynamiques parmi les diff\u00e9rents chemins de p\u00e8lerinage vers Saint-Jacques-de-Compostelle, tant en provenance d&rsquo;Espagne que du Portugal. L&rsquo;itin\u00e9raire rejoint le Chemin Central Portugais dans la ville de Redondela, menant \u00e0 une seule route vers Saint-Jacques-de-Compostelle. Nous marcherons le long de nombreuses promenades [&hellip;]<\/p>\n","protected":false},"featured_media":58346,"comment_status":"open","ping_status":"closed","template":"","meta":[],"product_brand":[],"product_cat":[460,468],"product_tag":[],"class_list":{"0":"post-107231","1":"product","2":"type-product","3":"status-publish","4":"has-post-thumbnail","6":"product_cat-a-pie-fr","7":"product_cat-route-cotiere-portugaise","9":"first","10":"instock","11":"shipping-taxable","12":"purchasable","13":"product-type-simple"},"_links":{"self":[{"href":"https:\/\/www.mundiplus.com\/fr\/wp-json\/wp\/v2\/product\/107231","targetHints":{"allow":["GET"]}}],"collection":[{"href":"https:\/\/www.mundiplus.com\/fr\/wp-json\/wp\/v2\/product"}],"about":[{"href":"https:\/\/www.mundiplus.com\/fr\/wp-json\/wp\/v2\/types\/product"}],"replies":[{"embeddable":true,"href":"https:\/\/www.mundiplus.com\/fr\/wp-json\/wp\/v2\/comments?post=107231"}],"version-history":[{"count":0,"href":"https:\/\/www.mundiplus.com\/fr\/wp-json\/wp\/v2\/product\/107231\/revisions"}],"wp:featuredmedia":[{"embeddable":true,"href":"https:\/\/www.mundiplus.com\/fr\/wp-json\/wp\/v2\/media\/58346"}],"wp:attachment":[{"href":"https:\/\/www.mundiplus.com\/fr\/wp-json\/wp\/v2\/media?parent=107231"}],"wp:term":[{"taxonomy":"product_brand","embeddable":true,"href":"https:\/\/www.mundiplus.com\/fr\/wp-json\/wp\/v2\/product_brand?post=107231"},{"taxonomy":"product_cat","embeddable":true,"href":"https:\/\/www.mundiplus.com\/fr\/wp-json\/wp\/v2\/product_cat?post=107231"},{"taxonomy":"product_tag","embeddable":true,"href":"https:\/\/www.mundiplus.com\/fr\/wp-json\/wp\/v2\/product_tag?post=107231"}],"curies":[{"name":"wp","href":"https:\/\/api.w.org\/{rel}","templated":true}]}}