{"id":107233,"date":"2023-05-23T22:27:54","date_gmt":"2023-05-23T22:27:54","guid":{"rendered":"https:\/\/www.mundiplus.com\/caminos\/non%20class\u00e9\/chemin-de-saint-jacques-de-compostelle-francais-sur-mesure\/"},"modified":"2025-02-12T14:01:48","modified_gmt":"2025-02-12T14:01:48","slug":"chemin-de-saint-jacques-de-compostelle-francais-sur-mesure","status":"publish","type":"product","link":"https:\/\/www.mundiplus.com\/fr\/caminos\/a-pie\/camino-frances-a-medida\/","title":{"rendered":"Chemin de Saint-Jacques-de-Compostelle Fran\u00e7ais sur mesure"},"content":{"rendered":"<p>Nous concevons votre Chemin de Saint-Jacques-de-Compostelle Fran\u00e7ais sur mesure en fonction des jours dont vous disposez et des kilom\u00e8tres que vous souhaitez parcourir chaque jour. Vous choisissez le point de d\u00e9part du Chemin.<\/p>\n<p>Chemin historique par excellence, qui a son entr\u00e9e principale en Espagne, traversant les Pyr\u00e9n\u00e9es, par Roncesvalles, \u00e9tant la plus utilis\u00e9e par les p\u00e8lerins du monde entier depuis des si\u00e8cles.<\/p>\n<div class=\"itinerario__pretext\">\n<p>Si aucun des itin\u00e9raires standards que nous proposons ne correspond \u00e0 vos besoins, vous pouvez commencer l&rsquo;itin\u00e9raire \u00e0 tout endroit que vous souhaitez du <a href=\"https:\/\/www.mundiplus.com\/fr\/caminos\/a-pie\/camino-frances\/\"><strong>Chemin Fran\u00e7ais<\/strong><\/a> et pour la dur\u00e9e que vous jugez appropri\u00e9e.<\/p>\n<p>Les principales localit\u00e9s travers\u00e9es par le chemin sont Pampelune, Logro\u00f1o, Burgos et Le\u00f3n. De grands monuments et faits historiques ont marqu\u00e9 ce chemin de p\u00e8lerinage, le long de ses 790 km de longueur.<\/p>\n<\/div>\n","protected":false},"excerpt":{"rendered":"<p>Nous concevons votre Chemin de Saint-Jacques-de-Compostelle Fran\u00e7ais sur mesure en fonction des jours dont vous disposez et des kilom\u00e8tres que vous souhaitez parcourir chaque jour. Vous choisissez le point de d\u00e9part du Chemin. Chemin historique par excellence, qui a son entr\u00e9e principale en Espagne, traversant les Pyr\u00e9n\u00e9es, par Roncesvalles, \u00e9tant la plus utilis\u00e9e par les [&hellip;]<\/p>\n","protected":false},"featured_media":56095,"comment_status":"open","ping_status":"closed","template":"","meta":[],"product_brand":[],"product_cat":[460,472],"product_tag":[],"class_list":{"0":"post-107233","1":"product","2":"type-product","3":"status-publish","4":"has-post-thumbnail","6":"product_cat-a-pie-fr","7":"product_cat-voie-francaise","9":"first","10":"instock","11":"shipping-taxable","12":"purchasable","13":"product-type-simple"},"_links":{"self":[{"href":"https:\/\/www.mundiplus.com\/fr\/wp-json\/wp\/v2\/product\/107233","targetHints":{"allow":["GET"]}}],"collection":[{"href":"https:\/\/www.mundiplus.com\/fr\/wp-json\/wp\/v2\/product"}],"about":[{"href":"https:\/\/www.mundiplus.com\/fr\/wp-json\/wp\/v2\/types\/product"}],"replies":[{"embeddable":true,"href":"https:\/\/www.mundiplus.com\/fr\/wp-json\/wp\/v2\/comments?post=107233"}],"version-history":[{"count":0,"href":"https:\/\/www.mundiplus.com\/fr\/wp-json\/wp\/v2\/product\/107233\/revisions"}],"wp:featuredmedia":[{"embeddable":true,"href":"https:\/\/www.mundiplus.com\/fr\/wp-json\/wp\/v2\/media\/56095"}],"wp:attachment":[{"href":"https:\/\/www.mundiplus.com\/fr\/wp-json\/wp\/v2\/media?parent=107233"}],"wp:term":[{"taxonomy":"product_brand","embeddable":true,"href":"https:\/\/www.mundiplus.com\/fr\/wp-json\/wp\/v2\/product_brand?post=107233"},{"taxonomy":"product_cat","embeddable":true,"href":"https:\/\/www.mundiplus.com\/fr\/wp-json\/wp\/v2\/product_cat?post=107233"},{"taxonomy":"product_tag","embeddable":true,"href":"https:\/\/www.mundiplus.com\/fr\/wp-json\/wp\/v2\/product_tag?post=107233"}],"curies":[{"name":"wp","href":"https:\/\/api.w.org\/{rel}","templated":true}]}}