{"id":107236,"date":"2023-05-23T21:57:37","date_gmt":"2023-05-23T21:57:37","guid":{"rendered":"https:\/\/www.mundiplus.com\/caminos\/non%20class\u00e9\/route-de-leon-a-o-cebreiro\/"},"modified":"2025-02-12T13:58:38","modified_gmt":"2025-02-12T13:58:38","slug":"route-de-leon-a-o-cebreiro","status":"publish","type":"product","link":"https:\/\/www.mundiplus.com\/fr\/caminos\/a-pie\/camino-frances\/camino-de-santiago-desde-leon\/","title":{"rendered":"Route de Le\u00f3n \u00e0 O Cebreiro"},"content":{"rendered":"<p>Le <strong>Chemin de Saint-Jacques-de-Compostelle de Le\u00f3n \u00e0 O Cebreiro<\/strong> traverse diff\u00e9rentes r\u00e9gions de Le\u00f3n jusqu&rsquo;\u00e0 son entr\u00e9e en Galice par le mythique O Cebreiro, avec sa grande signification sur le Chemin de Saint-Jacques.<\/p>\n<p>Nous traverserons la Maragater\u00eda, avec la monumentale Astorga et Ponferrada, capitale du Bierzo, avec son spectaculaire Ch\u00e2teau des Templiers. \u00c0 mi-chemin, nous rencontrerons la mythique Croix de Fer, point culminant du <a href=\"https:\/\/www.mundiplus.com\/fr\/caminos\/a-pie\/camino-frances\/\" target=\"_blank\" rel=\"noopener\">Chemin Fran\u00e7ais.<\/a><\/p>\n","protected":false},"excerpt":{"rendered":"<p>Le Chemin de Saint-Jacques-de-Compostelle de Le\u00f3n \u00e0 O Cebreiro traverse diff\u00e9rentes r\u00e9gions de Le\u00f3n jusqu&rsquo;\u00e0 son entr\u00e9e en Galice par le mythique O Cebreiro, avec sa grande signification sur le Chemin de Saint-Jacques. Nous traverserons la Maragater\u00eda, avec la monumentale Astorga et Ponferrada, capitale du Bierzo, avec son spectaculaire Ch\u00e2teau des Templiers. \u00c0 mi-chemin, nous [&hellip;]<\/p>\n","protected":false},"featured_media":51911,"comment_status":"open","ping_status":"closed","template":"","meta":[],"product_brand":[],"product_cat":[460,472],"product_tag":[],"class_list":{"0":"post-107236","1":"product","2":"type-product","3":"status-publish","4":"has-post-thumbnail","6":"product_cat-a-pie-fr","7":"product_cat-voie-francaise","9":"first","10":"instock","11":"shipping-taxable","12":"purchasable","13":"product-type-simple"},"_links":{"self":[{"href":"https:\/\/www.mundiplus.com\/fr\/wp-json\/wp\/v2\/product\/107236","targetHints":{"allow":["GET"]}}],"collection":[{"href":"https:\/\/www.mundiplus.com\/fr\/wp-json\/wp\/v2\/product"}],"about":[{"href":"https:\/\/www.mundiplus.com\/fr\/wp-json\/wp\/v2\/types\/product"}],"replies":[{"embeddable":true,"href":"https:\/\/www.mundiplus.com\/fr\/wp-json\/wp\/v2\/comments?post=107236"}],"version-history":[{"count":0,"href":"https:\/\/www.mundiplus.com\/fr\/wp-json\/wp\/v2\/product\/107236\/revisions"}],"wp:featuredmedia":[{"embeddable":true,"href":"https:\/\/www.mundiplus.com\/fr\/wp-json\/wp\/v2\/media\/51911"}],"wp:attachment":[{"href":"https:\/\/www.mundiplus.com\/fr\/wp-json\/wp\/v2\/media?parent=107236"}],"wp:term":[{"taxonomy":"product_brand","embeddable":true,"href":"https:\/\/www.mundiplus.com\/fr\/wp-json\/wp\/v2\/product_brand?post=107236"},{"taxonomy":"product_cat","embeddable":true,"href":"https:\/\/www.mundiplus.com\/fr\/wp-json\/wp\/v2\/product_cat?post=107236"},{"taxonomy":"product_tag","embeddable":true,"href":"https:\/\/www.mundiplus.com\/fr\/wp-json\/wp\/v2\/product_tag?post=107236"}],"curies":[{"name":"wp","href":"https:\/\/api.w.org\/{rel}","templated":true}]}}