{"id":107240,"date":"2023-05-23T21:56:27","date_gmt":"2023-05-23T21:56:27","guid":{"rendered":"https:\/\/www.mundiplus.com\/caminos\/non%20class\u00e9\/chemin-de-saint-jacques-de-burgos-a-leon\/"},"modified":"2025-02-12T13:50:23","modified_gmt":"2025-02-12T13:50:23","slug":"chemin-de-saint-jacques-de-burgos-a-leon","status":"publish","type":"product","link":"https:\/\/www.mundiplus.com\/fr\/caminos\/a-pie\/camino-frances\/camino-de-santiago-desde-burgos\/","title":{"rendered":"Chemin de Saint-Jacques de Burgos \u00e0 Le\u00f3n"},"content":{"rendered":"<p>\u00c0 travers les terres de Castille-et-Le\u00f3n circule ce <strong>Camino de Santiago de Burgos<\/strong> \u00e0 Le\u00f3n (<a href=\"https:\/\/www.mundiplus.com\/fr\/caminos\/a-pie\/camino-frances\" target=\"_blank\" rel=\"noopener noreferrer\">Camino Franc\u00e9s<\/a>) avec une \u00e9norme signification jacob\u00e9enne, avec ses petits et aust\u00e8res villages. Les vastes plaines seront nos compagnes de voyage, ainsi que des ponts mill\u00e9naires, une multitude d&rsquo;\u00e9glises romanes magnifiques, parmi lesquelles se trouvent certaines des plus belles du Camino de Santiago.<\/p>\n<p>Un parcours qui nous marquera, car il nous aidera \u00e0 r\u00e9fl\u00e9chir, m\u00e9diter et penser aux nombreux moments que celui-ci nous apportera.<\/p>\n","protected":false},"excerpt":{"rendered":"<p>\u00c0 travers les terres de Castille-et-Le\u00f3n circule ce Camino de Santiago de Burgos \u00e0 Le\u00f3n (Camino Franc\u00e9s) avec une \u00e9norme signification jacob\u00e9enne, avec ses petits et aust\u00e8res villages. Les vastes plaines seront nos compagnes de voyage, ainsi que des ponts mill\u00e9naires, une multitude d&rsquo;\u00e9glises romanes magnifiques, parmi lesquelles se trouvent certaines des plus belles du [&hellip;]<\/p>\n","protected":false},"featured_media":60246,"comment_status":"open","ping_status":"closed","template":"","meta":[],"product_brand":[],"product_cat":[460,472],"product_tag":[],"class_list":{"0":"post-107240","1":"product","2":"type-product","3":"status-publish","4":"has-post-thumbnail","6":"product_cat-a-pie-fr","7":"product_cat-voie-francaise","9":"first","10":"instock","11":"shipping-taxable","12":"purchasable","13":"product-type-simple"},"_links":{"self":[{"href":"https:\/\/www.mundiplus.com\/fr\/wp-json\/wp\/v2\/product\/107240","targetHints":{"allow":["GET"]}}],"collection":[{"href":"https:\/\/www.mundiplus.com\/fr\/wp-json\/wp\/v2\/product"}],"about":[{"href":"https:\/\/www.mundiplus.com\/fr\/wp-json\/wp\/v2\/types\/product"}],"replies":[{"embeddable":true,"href":"https:\/\/www.mundiplus.com\/fr\/wp-json\/wp\/v2\/comments?post=107240"}],"version-history":[{"count":0,"href":"https:\/\/www.mundiplus.com\/fr\/wp-json\/wp\/v2\/product\/107240\/revisions"}],"wp:featuredmedia":[{"embeddable":true,"href":"https:\/\/www.mundiplus.com\/fr\/wp-json\/wp\/v2\/media\/60246"}],"wp:attachment":[{"href":"https:\/\/www.mundiplus.com\/fr\/wp-json\/wp\/v2\/media?parent=107240"}],"wp:term":[{"taxonomy":"product_brand","embeddable":true,"href":"https:\/\/www.mundiplus.com\/fr\/wp-json\/wp\/v2\/product_brand?post=107240"},{"taxonomy":"product_cat","embeddable":true,"href":"https:\/\/www.mundiplus.com\/fr\/wp-json\/wp\/v2\/product_cat?post=107240"},{"taxonomy":"product_tag","embeddable":true,"href":"https:\/\/www.mundiplus.com\/fr\/wp-json\/wp\/v2\/product_tag?post=107240"}],"curies":[{"name":"wp","href":"https:\/\/api.w.org\/{rel}","templated":true}]}}