{"id":107242,"date":"2023-05-23T21:54:38","date_gmt":"2023-05-23T21:54:38","guid":{"rendered":"https:\/\/www.mundiplus.com\/caminos\/non%20class\u00e9\/chemin-de-saint-jacques-en-groupe-depuis-sarria\/"},"modified":"2024-11-05T14:53:42","modified_gmt":"2024-11-05T14:53:42","slug":"chemin-de-saint-jacques-en-groupe-depuis-sarria","status":"publish","type":"product","link":"https:\/\/www.mundiplus.com\/fr\/caminos\/viajes-escolares-asociaciones-clubs\/camino-de-santiago-en-grupo-desde-sarria\/","title":{"rendered":"Chemin de Saint-Jacques en groupe depuis Sarria"},"content":{"rendered":"<p>Cet itin\u00e9raire que nous avons con\u00e7u pour le <strong>Chemin de Saint-Jacques en groupe depuis Sarria<\/strong> est id\u00e9al pour les groupes d&rsquo;amis souhaitant vivre l&rsquo;exp\u00e9rience de cette route mill\u00e9naire de p\u00e8lerinage dans des <strong>auberges priv\u00e9es<\/strong>, tout en partageant l&rsquo;h\u00e9bergement et les installations sanitaires avec d&rsquo;autres p\u00e8lerins de diff\u00e9rentes nationalit\u00e9s et cultures.<\/p>\n<p>En revanche, si vous recherchez plus de confort et d&rsquo;intimit\u00e9, nous vous recommandons le <a href=\"https:\/\/www.mundiplus.com\/caminos\/a-pie\/camino-frances\/camino-de-santiago-desde-sarria\" target=\"_blank\" rel=\"noopener\">Chemin de Saint-Jacques depuis Sarria jusqu&rsquo;\u00e0 Santiago<\/a> avec des h\u00e9bergements de charme et des chambres priv\u00e9es.<\/p>\n<p>GROUPE MINIMUM DE 15 PERSONNES : <span style=\"background-color: #fbfeff; font-size: 1em; letter-spacing: 0.026em;\">Le prix par personne indiqu\u00e9 est pour des groupes d&rsquo;amis, familles, \u00e9coles, associations, etc. <strong>qui doivent \u00eatre constitu\u00e9s au moment de la r\u00e9servation<\/strong>.<\/span><\/p>\n","protected":false},"excerpt":{"rendered":"<p>Cet itin\u00e9raire que nous avons con\u00e7u pour le Chemin de Saint-Jacques en groupe depuis Sarria est id\u00e9al pour les groupes d&rsquo;amis souhaitant vivre l&rsquo;exp\u00e9rience de cette route mill\u00e9naire de p\u00e8lerinage dans des auberges priv\u00e9es, tout en partageant l&rsquo;h\u00e9bergement et les installations sanitaires avec d&rsquo;autres p\u00e8lerins de diff\u00e9rentes nationalit\u00e9s et cultures. En revanche, si vous recherchez [&hellip;]<\/p>\n","protected":false},"featured_media":47971,"comment_status":"open","ping_status":"closed","template":"","meta":[],"product_brand":[],"product_cat":[476],"product_tag":[],"class_list":{"0":"post-107242","1":"product","2":"type-product","3":"status-publish","4":"has-post-thumbnail","6":"product_cat-voyages-scolaires-associations-clubs","8":"first","9":"instock","10":"shipping-taxable","11":"purchasable","12":"product-type-simple"},"_links":{"self":[{"href":"https:\/\/www.mundiplus.com\/fr\/wp-json\/wp\/v2\/product\/107242","targetHints":{"allow":["GET"]}}],"collection":[{"href":"https:\/\/www.mundiplus.com\/fr\/wp-json\/wp\/v2\/product"}],"about":[{"href":"https:\/\/www.mundiplus.com\/fr\/wp-json\/wp\/v2\/types\/product"}],"replies":[{"embeddable":true,"href":"https:\/\/www.mundiplus.com\/fr\/wp-json\/wp\/v2\/comments?post=107242"}],"version-history":[{"count":0,"href":"https:\/\/www.mundiplus.com\/fr\/wp-json\/wp\/v2\/product\/107242\/revisions"}],"wp:featuredmedia":[{"embeddable":true,"href":"https:\/\/www.mundiplus.com\/fr\/wp-json\/wp\/v2\/media\/47971"}],"wp:attachment":[{"href":"https:\/\/www.mundiplus.com\/fr\/wp-json\/wp\/v2\/media?parent=107242"}],"wp:term":[{"taxonomy":"product_brand","embeddable":true,"href":"https:\/\/www.mundiplus.com\/fr\/wp-json\/wp\/v2\/product_brand?post=107242"},{"taxonomy":"product_cat","embeddable":true,"href":"https:\/\/www.mundiplus.com\/fr\/wp-json\/wp\/v2\/product_cat?post=107242"},{"taxonomy":"product_tag","embeddable":true,"href":"https:\/\/www.mundiplus.com\/fr\/wp-json\/wp\/v2\/product_tag?post=107242"}],"curies":[{"name":"wp","href":"https:\/\/api.w.org\/{rel}","templated":true}]}}