{"id":107244,"date":"2023-05-17T22:29:45","date_gmt":"2023-05-17T22:29:45","guid":{"rendered":"https:\/\/www.mundiplus.com\/caminos\/non%20class\u00e9\/camino-en-velo-doviedo-a-saint-jacques-de-compostelle\/"},"modified":"2024-11-21T10:34:22","modified_gmt":"2024-11-21T10:34:22","slug":"camino-en-velo-doviedo-a-saint-jacques-de-compostelle","status":"publish","type":"product","link":"https:\/\/www.mundiplus.com\/fr\/caminos\/en-bicicleta\/camino-primitivo-en-bici-desde-oviedo\/","title":{"rendered":"Camino en v\u00e9lo d&rsquo;Oviedo \u00e0 Saint-Jacques-de-Compostelle"},"content":{"rendered":"<p>Le Camino Primitivo en v\u00e9lo depuis Oviedo a \u00e9t\u00e9 le premier Camino de Santiago \u00e0 \u00eatre r\u00e9alis\u00e9 et consolid\u00e9, vers l&rsquo;an 830. C&rsquo;\u00e9tait le roi Alfonso II le Chaste, consid\u00e9r\u00e9 comme \u00ab\u00a0le premier p\u00e8lerin \u00e0 Saint-Jacques-de-Compostelle\u00a0\u00bb, qui l&rsquo;a dot\u00e9 de nombreuses infrastructures et services pour le b\u00e9n\u00e9fice de tous les p\u00e8lerins.<\/p>\n","protected":false},"excerpt":{"rendered":"<p>Le Camino Primitivo en v\u00e9lo depuis Oviedo a \u00e9t\u00e9 le premier Camino de Santiago \u00e0 \u00eatre r\u00e9alis\u00e9 et consolid\u00e9, vers l&rsquo;an 830. C&rsquo;\u00e9tait le roi Alfonso II le Chaste, consid\u00e9r\u00e9 comme \u00ab\u00a0le premier p\u00e8lerin \u00e0 Saint-Jacques-de-Compostelle\u00a0\u00bb, qui l&rsquo;a dot\u00e9 de nombreuses infrastructures et services pour le b\u00e9n\u00e9fice de tous les p\u00e8lerins.<\/p>\n","protected":false},"featured_media":61356,"comment_status":"open","ping_status":"closed","template":"","meta":[],"product_brand":[],"product_cat":[480],"product_tag":[],"class_list":{"0":"post-107244","1":"product","2":"type-product","3":"status-publish","4":"has-post-thumbnail","6":"product_cat-pistes-cyclables","8":"first","9":"instock","10":"shipping-taxable","11":"purchasable","12":"product-type-simple"},"_links":{"self":[{"href":"https:\/\/www.mundiplus.com\/fr\/wp-json\/wp\/v2\/product\/107244","targetHints":{"allow":["GET"]}}],"collection":[{"href":"https:\/\/www.mundiplus.com\/fr\/wp-json\/wp\/v2\/product"}],"about":[{"href":"https:\/\/www.mundiplus.com\/fr\/wp-json\/wp\/v2\/types\/product"}],"replies":[{"embeddable":true,"href":"https:\/\/www.mundiplus.com\/fr\/wp-json\/wp\/v2\/comments?post=107244"}],"version-history":[{"count":0,"href":"https:\/\/www.mundiplus.com\/fr\/wp-json\/wp\/v2\/product\/107244\/revisions"}],"wp:featuredmedia":[{"embeddable":true,"href":"https:\/\/www.mundiplus.com\/fr\/wp-json\/wp\/v2\/media\/61356"}],"wp:attachment":[{"href":"https:\/\/www.mundiplus.com\/fr\/wp-json\/wp\/v2\/media?parent=107244"}],"wp:term":[{"taxonomy":"product_brand","embeddable":true,"href":"https:\/\/www.mundiplus.com\/fr\/wp-json\/wp\/v2\/product_brand?post=107244"},{"taxonomy":"product_cat","embeddable":true,"href":"https:\/\/www.mundiplus.com\/fr\/wp-json\/wp\/v2\/product_cat?post=107244"},{"taxonomy":"product_tag","embeddable":true,"href":"https:\/\/www.mundiplus.com\/fr\/wp-json\/wp\/v2\/product_tag?post=107244"}],"curies":[{"name":"wp","href":"https:\/\/api.w.org\/{rel}","templated":true}]}}