{"id":107246,"date":"2023-05-17T19:10:23","date_gmt":"2023-05-17T19:10:23","guid":{"rendered":"https:\/\/www.mundiplus.com\/caminos\/non%20class\u00e9\/camino-en-velo-de-gijon-a-saint-jacques-de-compostelle\/"},"modified":"2024-11-05T15:23:58","modified_gmt":"2024-11-05T15:23:58","slug":"camino-en-velo-de-gijon-a-saint-jacques-de-compostelle","status":"publish","type":"product","link":"https:\/\/www.mundiplus.com\/fr\/caminos\/en-bicicleta\/camino-del-norte-en-bici-desde-gijon\/","title":{"rendered":"Camino en v\u00e9lo de Gij\u00f3n \u00e0 Saint-Jacques-de-Compostelle"},"content":{"rendered":"<p>Le Camino del Norte en v\u00e9lo depuis Gij\u00f3n est l&rsquo;une des routes les plus anciennes qui longe la corniche cantabrique. Dans le village d&rsquo;Arz\u00faa, il s&rsquo;unifie en un seul itin\u00e9raire avec le Camino Franc\u00e9s.<\/p>\n","protected":false},"excerpt":{"rendered":"<p>Le Camino del Norte en v\u00e9lo depuis Gij\u00f3n est l&rsquo;une des routes les plus anciennes qui longe la corniche cantabrique. Dans le village d&rsquo;Arz\u00faa, il s&rsquo;unifie en un seul itin\u00e9raire avec le Camino Franc\u00e9s.<\/p>\n","protected":false},"featured_media":56349,"comment_status":"open","ping_status":"closed","template":"","meta":[],"product_brand":[],"product_cat":[480],"product_tag":[],"class_list":{"0":"post-107246","1":"product","2":"type-product","3":"status-publish","4":"has-post-thumbnail","6":"product_cat-pistes-cyclables","8":"first","9":"instock","10":"shipping-taxable","11":"purchasable","12":"product-type-simple"},"_links":{"self":[{"href":"https:\/\/www.mundiplus.com\/fr\/wp-json\/wp\/v2\/product\/107246","targetHints":{"allow":["GET"]}}],"collection":[{"href":"https:\/\/www.mundiplus.com\/fr\/wp-json\/wp\/v2\/product"}],"about":[{"href":"https:\/\/www.mundiplus.com\/fr\/wp-json\/wp\/v2\/types\/product"}],"replies":[{"embeddable":true,"href":"https:\/\/www.mundiplus.com\/fr\/wp-json\/wp\/v2\/comments?post=107246"}],"version-history":[{"count":0,"href":"https:\/\/www.mundiplus.com\/fr\/wp-json\/wp\/v2\/product\/107246\/revisions"}],"wp:featuredmedia":[{"embeddable":true,"href":"https:\/\/www.mundiplus.com\/fr\/wp-json\/wp\/v2\/media\/56349"}],"wp:attachment":[{"href":"https:\/\/www.mundiplus.com\/fr\/wp-json\/wp\/v2\/media?parent=107246"}],"wp:term":[{"taxonomy":"product_brand","embeddable":true,"href":"https:\/\/www.mundiplus.com\/fr\/wp-json\/wp\/v2\/product_brand?post=107246"},{"taxonomy":"product_cat","embeddable":true,"href":"https:\/\/www.mundiplus.com\/fr\/wp-json\/wp\/v2\/product_cat?post=107246"},{"taxonomy":"product_tag","embeddable":true,"href":"https:\/\/www.mundiplus.com\/fr\/wp-json\/wp\/v2\/product_tag?post=107246"}],"curies":[{"name":"wp","href":"https:\/\/api.w.org\/{rel}","templated":true}]}}