{"id":107252,"date":"2023-05-17T13:56:06","date_gmt":"2023-05-17T13:56:06","guid":{"rendered":"https:\/\/www.mundiplus.com\/caminos\/non%20class\u00e9\/chemin-en-velo-de-roncesvalles-a-santiago\/"},"modified":"2024-11-21T19:08:08","modified_gmt":"2024-11-21T19:08:08","slug":"chemin-en-velo-de-roncesvalles-a-santiago","status":"publish","type":"product","link":"https:\/\/www.mundiplus.com\/fr\/caminos\/en-bicicleta\/camino-de-santiago-en-bici-desde-roncesvalles\/","title":{"rendered":"Chemin en v\u00e9lo de Roncesvalles \u00e0 Santiago"},"content":{"rendered":"<p>Le <strong>Chemin de Santiago en v\u00e9lo de Roncesvalles<\/strong> \u00e0 Saint-Jacques-de-Compostelle est la porte d&rsquo;entr\u00e9e en Espagne du <a href=\"https:\/\/www.mundiplus.com\/fr\/caminos\/a-pie\/camino-frances\" target=\"_blank\" rel=\"noopener noreferrer\">Camino Fran\u00e7ais<\/a>. C&rsquo;est un lieu mythique sur le Chemin de Santiago, t\u00e9moin d&rsquo;\u00e9v\u00e9nements historiques et de beaut\u00e9 spectaculaire. Il repr\u00e9sente l&rsquo;un des lieux les plus traditionnels du Chemin de Santiago Fran\u00e7ais depuis Roncesvalles.<\/p>\n<p>Si vous pr\u00e9f\u00e9rez faire le <a href=\"https:\/\/www.mundiplus.com\/fr\/caminos\/a-pie\/camino-frances\" target=\"_blank\" rel=\"noopener noreferrer\">Camino Fran\u00e7ais \u00e0 pied<\/a>, nous vous offrons \u00e9galement cette possibilit\u00e9.<\/p>\n<p>Le <strong>Chemin de Santiago en v\u00e9lo de Roncesvalles<\/strong> \u00e0 Saint-Jacques-de-Compostelle est la porte d&rsquo;entr\u00e9e en Espagne du <a href=\"https:\/\/www.mundiplus.com\/fr\/caminos\/a-pie\/camino-frances\" target=\"_blank\" rel=\"noopener noreferrer\">Camino Fran\u00e7ais<\/a>. C&rsquo;est un lieu mythique sur le Chemin de Santiago, t\u00e9moin d&rsquo;\u00e9v\u00e9nements historiques et de beaut\u00e9 spectaculaire. Il repr\u00e9sente l&rsquo;un des lieux les plus traditionnels du Chemin de Santiago Fran\u00e7ais depuis Roncesvalles.<\/p>\n<p>Si vous pr\u00e9f\u00e9rez faire le <a href=\"https:\/\/www.mundiplus.com\/fr\/caminos\/a-pie\/camino-frances\" target=\"_blank\" rel=\"noopener noreferrer\">Camino Fran\u00e7ais \u00e0 pied<\/a>, nous vous offrons \u00e9galement cette possibilit\u00e9.<\/p>\n","protected":false},"excerpt":{"rendered":"<p>Le Chemin de Santiago en v\u00e9lo de Roncesvalles \u00e0 Saint-Jacques-de-Compostelle est la porte d&rsquo;entr\u00e9e en Espagne du Camino Fran\u00e7ais. C&rsquo;est un lieu mythique sur le Chemin de Santiago, t\u00e9moin d&rsquo;\u00e9v\u00e9nements historiques et de beaut\u00e9 spectaculaire. Il repr\u00e9sente l&rsquo;un des lieux les plus traditionnels du Chemin de Santiago Fran\u00e7ais depuis Roncesvalles. Si vous pr\u00e9f\u00e9rez faire le [&hellip;]<\/p>\n","protected":false},"featured_media":51846,"comment_status":"open","ping_status":"closed","template":"","meta":[],"product_brand":[],"product_cat":[480],"product_tag":[],"class_list":{"0":"post-107252","1":"product","2":"type-product","3":"status-publish","4":"has-post-thumbnail","6":"product_cat-pistes-cyclables","8":"first","9":"instock","10":"shipping-taxable","11":"purchasable","12":"product-type-simple"},"_links":{"self":[{"href":"https:\/\/www.mundiplus.com\/fr\/wp-json\/wp\/v2\/product\/107252","targetHints":{"allow":["GET"]}}],"collection":[{"href":"https:\/\/www.mundiplus.com\/fr\/wp-json\/wp\/v2\/product"}],"about":[{"href":"https:\/\/www.mundiplus.com\/fr\/wp-json\/wp\/v2\/types\/product"}],"replies":[{"embeddable":true,"href":"https:\/\/www.mundiplus.com\/fr\/wp-json\/wp\/v2\/comments?post=107252"}],"version-history":[{"count":0,"href":"https:\/\/www.mundiplus.com\/fr\/wp-json\/wp\/v2\/product\/107252\/revisions"}],"wp:featuredmedia":[{"embeddable":true,"href":"https:\/\/www.mundiplus.com\/fr\/wp-json\/wp\/v2\/media\/51846"}],"wp:attachment":[{"href":"https:\/\/www.mundiplus.com\/fr\/wp-json\/wp\/v2\/media?parent=107252"}],"wp:term":[{"taxonomy":"product_brand","embeddable":true,"href":"https:\/\/www.mundiplus.com\/fr\/wp-json\/wp\/v2\/product_brand?post=107252"},{"taxonomy":"product_cat","embeddable":true,"href":"https:\/\/www.mundiplus.com\/fr\/wp-json\/wp\/v2\/product_cat?post=107252"},{"taxonomy":"product_tag","embeddable":true,"href":"https:\/\/www.mundiplus.com\/fr\/wp-json\/wp\/v2\/product_tag?post=107252"}],"curies":[{"name":"wp","href":"https:\/\/api.w.org\/{rel}","templated":true}]}}