{"id":107263,"date":"2023-05-16T20:00:31","date_gmt":"2023-05-16T20:00:31","guid":{"rendered":"https:\/\/www.mundiplus.com\/caminos\/non%20class\u00e9\/chemin-de-saint-jacques-de-compostelle-de-santiago-a-finisterre\/"},"modified":"2025-02-18T13:19:27","modified_gmt":"2025-02-18T13:19:27","slug":"chemin-de-saint-jacques-de-compostelle-de-santiago-a-finisterre","status":"publish","type":"product","link":"https:\/\/www.mundiplus.com\/fr\/caminos\/a-pie\/camino-finisterre\/camino-de-santiago-a-finisterre\/","title":{"rendered":"Chemin de Saint-Jacques-de-Compostelle \u00e0 Finisterre"},"content":{"rendered":"<p>Le <strong>Chemin de Saint-Jacques vers Finisterre<\/strong> et\/ou Muxia \u00e9tait parcouru par de nombreux p\u00e8lerins, depuis pratiquement la d\u00e9couverte du Tombeau de l&rsquo;Ap\u00f4tre Saint Jacques (IXe si\u00e8cle), qui d\u00e9cidaient de prolonger leur Chemin jusqu&rsquo;\u00e0 \u201cla fin de la terre connue\u201d puis jusqu&rsquo;\u00e0 Muxia, en direction du Sanctuaire de la Vierge da Barca.<\/p>\n","protected":false},"excerpt":{"rendered":"<p>Le Chemin de Saint-Jacques vers Finisterre et\/ou Muxia \u00e9tait parcouru par de nombreux p\u00e8lerins, depuis pratiquement la d\u00e9couverte du Tombeau de l&rsquo;Ap\u00f4tre Saint Jacques (IXe si\u00e8cle), qui d\u00e9cidaient de prolonger leur Chemin jusqu&rsquo;\u00e0 \u201cla fin de la terre connue\u201d puis jusqu&rsquo;\u00e0 Muxia, en direction du Sanctuaire de la Vierge da Barca.<\/p>\n","protected":false},"featured_media":56287,"comment_status":"open","ping_status":"closed","template":"","meta":[],"product_brand":[],"product_cat":[460,488],"product_tag":[551],"class_list":{"0":"post-107263","1":"product","2":"type-product","3":"status-publish","4":"has-post-thumbnail","6":"product_cat-a-pie-fr","7":"product_cat-route-de-finisterre","8":"product_tag-finisterre-fr","10":"first","11":"instock","12":"shipping-taxable","13":"purchasable","14":"product-type-simple"},"_links":{"self":[{"href":"https:\/\/www.mundiplus.com\/fr\/wp-json\/wp\/v2\/product\/107263","targetHints":{"allow":["GET"]}}],"collection":[{"href":"https:\/\/www.mundiplus.com\/fr\/wp-json\/wp\/v2\/product"}],"about":[{"href":"https:\/\/www.mundiplus.com\/fr\/wp-json\/wp\/v2\/types\/product"}],"replies":[{"embeddable":true,"href":"https:\/\/www.mundiplus.com\/fr\/wp-json\/wp\/v2\/comments?post=107263"}],"version-history":[{"count":0,"href":"https:\/\/www.mundiplus.com\/fr\/wp-json\/wp\/v2\/product\/107263\/revisions"}],"wp:featuredmedia":[{"embeddable":true,"href":"https:\/\/www.mundiplus.com\/fr\/wp-json\/wp\/v2\/media\/56287"}],"wp:attachment":[{"href":"https:\/\/www.mundiplus.com\/fr\/wp-json\/wp\/v2\/media?parent=107263"}],"wp:term":[{"taxonomy":"product_brand","embeddable":true,"href":"https:\/\/www.mundiplus.com\/fr\/wp-json\/wp\/v2\/product_brand?post=107263"},{"taxonomy":"product_cat","embeddable":true,"href":"https:\/\/www.mundiplus.com\/fr\/wp-json\/wp\/v2\/product_cat?post=107263"},{"taxonomy":"product_tag","embeddable":true,"href":"https:\/\/www.mundiplus.com\/fr\/wp-json\/wp\/v2\/product_tag?post=107263"}],"curies":[{"name":"wp","href":"https:\/\/api.w.org\/{rel}","templated":true}]}}