{"id":107266,"date":"2023-05-16T13:56:14","date_gmt":"2023-05-16T13:56:14","guid":{"rendered":"https:\/\/www.mundiplus.com\/caminos\/non%20class\u00e9\/107266\/"},"modified":"2024-11-05T20:59:19","modified_gmt":"2024-11-05T20:59:19","slug":"107266","status":"publish","type":"product","link":"https:\/\/www.mundiplus.com\/fr\/caminos\/a-pie\/camino-norte\/disena-camino-norte\/","title":{"rendered":"Concevez votre chemin nordique"},"content":{"rendered":"<p>Nous concevons votre Chemin de Saint-Jacques du Nord sur mesure en fonction des jours dont vous disposez et selon le nombre de kilom\u00e8tres que vous souhaitez parcourir quotidiennement. Vous choisissez le point de d\u00e9part du Chemin.<\/p>\n<p>Si aucune des routes standard que nous proposons ne correspond \u00e0 vos besoins, vous pouvez commencer la route \u00e0 tout endroit souhait\u00e9 du <a href=\"https:\/\/www.mundiplus.com\/fr\/caminos\/a-pie\/camino-norte\" target=\"_blank\" rel=\"noopener\">Chemin du Nord<\/a> et pour la dur\u00e9e que vous jugez appropri\u00e9e.<\/p>\n<p>Les principales localit\u00e9s travers\u00e9es par la route sont : Bilbao, Santander, Gij\u00f3n, Ribadeo. De magnifiques monuments et \u00e9v\u00e9nements historiques jalonnent cet itin\u00e9raire de p\u00e8lerinage tout au long de ses 812\u00a0kms de longueur.<\/p>\n","protected":false},"excerpt":{"rendered":"<p>Nous concevons votre Chemin de Saint-Jacques du Nord sur mesure en fonction des jours dont vous disposez et selon le nombre de kilom\u00e8tres que vous souhaitez parcourir quotidiennement. Vous choisissez le point de d\u00e9part du Chemin. Si aucune des routes standard que nous proposons ne correspond \u00e0 vos besoins, vous pouvez commencer la route \u00e0 [&hellip;]<\/p>\n","protected":false},"featured_media":49926,"comment_status":"open","ping_status":"closed","template":"","meta":[],"product_brand":[],"product_cat":[460,489],"product_tag":[],"class_list":{"0":"post-107266","1":"product","2":"type-product","3":"status-publish","4":"has-post-thumbnail","6":"product_cat-a-pie-fr","7":"product_cat-route-du-nord","9":"first","10":"instock","11":"shipping-taxable","12":"purchasable","13":"product-type-simple"},"_links":{"self":[{"href":"https:\/\/www.mundiplus.com\/fr\/wp-json\/wp\/v2\/product\/107266","targetHints":{"allow":["GET"]}}],"collection":[{"href":"https:\/\/www.mundiplus.com\/fr\/wp-json\/wp\/v2\/product"}],"about":[{"href":"https:\/\/www.mundiplus.com\/fr\/wp-json\/wp\/v2\/types\/product"}],"replies":[{"embeddable":true,"href":"https:\/\/www.mundiplus.com\/fr\/wp-json\/wp\/v2\/comments?post=107266"}],"version-history":[{"count":0,"href":"https:\/\/www.mundiplus.com\/fr\/wp-json\/wp\/v2\/product\/107266\/revisions"}],"wp:featuredmedia":[{"embeddable":true,"href":"https:\/\/www.mundiplus.com\/fr\/wp-json\/wp\/v2\/media\/49926"}],"wp:attachment":[{"href":"https:\/\/www.mundiplus.com\/fr\/wp-json\/wp\/v2\/media?parent=107266"}],"wp:term":[{"taxonomy":"product_brand","embeddable":true,"href":"https:\/\/www.mundiplus.com\/fr\/wp-json\/wp\/v2\/product_brand?post=107266"},{"taxonomy":"product_cat","embeddable":true,"href":"https:\/\/www.mundiplus.com\/fr\/wp-json\/wp\/v2\/product_cat?post=107266"},{"taxonomy":"product_tag","embeddable":true,"href":"https:\/\/www.mundiplus.com\/fr\/wp-json\/wp\/v2\/product_tag?post=107266"}],"curies":[{"name":"wp","href":"https:\/\/api.w.org\/{rel}","templated":true}]}}