{"id":107292,"date":"2023-05-16T11:34:01","date_gmt":"2023-05-16T11:34:01","guid":{"rendered":"https:\/\/www.mundiplus.com\/caminos\/non%20class\u00e9\/chemin-de-saint-jacques-depuis-ribadeo\/"},"modified":"2025-02-18T13:24:19","modified_gmt":"2025-02-18T13:24:19","slug":"chemin-de-saint-jacques-depuis-ribadeo","status":"publish","type":"product","link":"https:\/\/www.mundiplus.com\/fr\/caminos\/a-pie\/camino-de-santiago-desde-ribadeo\/","title":{"rendered":"Chemin de Saint-Jacques depuis Ribadeo"},"content":{"rendered":"<p><strong>Le Chemin de Saint-Jacques depuis Ribadeo<\/strong> est le point d&rsquo;entr\u00e9e en Galice du Chemin, dans ce que l&rsquo;on appelle le \u201cChemin du Nord\u201d, avec un d\u00e9part depuis la ville d&rsquo;Ir\u00fan. Toute la beaut\u00e9 de la Galice, avec ses for\u00eats denses, chemins ruraux, maisons rurales et nombreux rivi\u00e8res et ruisseaux, jalonnera notre route jusqu&rsquo;\u00e0 Saint-Jacques.<\/p>\n<p>Dans cette partie du Chemin du Nord, comme points d&rsquo;int\u00e9r\u00eat particulier, nous visiterons les Monast\u00e8res de San Salvador de Lourenz\u00e1, Sobrado dos Monxes et la commune de Vilalba.<\/p>\n<p>\u00c0 Arz\u00faa, le Chemin du Nord rejoint le <a href=\"https:\/\/www.mundiplus.com\/fr\/caminos\/a-pie\/camino-frances\" target=\"_blank\" rel=\"noopener noreferrer\">Chemin Fran\u00e7ais<\/a> pour, sur un seul itin\u00e9raire, se terminer \u00e0 Saint-Jacques, notre destination tant attendue.<\/p>\n","protected":false},"excerpt":{"rendered":"<p>Le Chemin de Saint-Jacques depuis Ribadeo est le point d&rsquo;entr\u00e9e en Galice du Chemin, dans ce que l&rsquo;on appelle le \u201cChemin du Nord\u201d, avec un d\u00e9part depuis la ville d&rsquo;Ir\u00fan. Toute la beaut\u00e9 de la Galice, avec ses for\u00eats denses, chemins ruraux, maisons rurales et nombreux rivi\u00e8res et ruisseaux, jalonnera notre route jusqu&rsquo;\u00e0 Saint-Jacques. Dans [&hellip;]<\/p>\n","protected":false},"featured_media":56299,"comment_status":"open","ping_status":"closed","template":"","meta":[],"product_brand":[],"product_cat":[460,489],"product_tag":[],"class_list":{"0":"post-107292","1":"product","2":"type-product","3":"status-publish","4":"has-post-thumbnail","6":"product_cat-a-pie-fr","7":"product_cat-route-du-nord","9":"first","10":"instock","11":"shipping-taxable","12":"purchasable","13":"product-type-simple"},"_links":{"self":[{"href":"https:\/\/www.mundiplus.com\/fr\/wp-json\/wp\/v2\/product\/107292","targetHints":{"allow":["GET"]}}],"collection":[{"href":"https:\/\/www.mundiplus.com\/fr\/wp-json\/wp\/v2\/product"}],"about":[{"href":"https:\/\/www.mundiplus.com\/fr\/wp-json\/wp\/v2\/types\/product"}],"replies":[{"embeddable":true,"href":"https:\/\/www.mundiplus.com\/fr\/wp-json\/wp\/v2\/comments?post=107292"}],"version-history":[{"count":0,"href":"https:\/\/www.mundiplus.com\/fr\/wp-json\/wp\/v2\/product\/107292\/revisions"}],"wp:featuredmedia":[{"embeddable":true,"href":"https:\/\/www.mundiplus.com\/fr\/wp-json\/wp\/v2\/media\/56299"}],"wp:attachment":[{"href":"https:\/\/www.mundiplus.com\/fr\/wp-json\/wp\/v2\/media?parent=107292"}],"wp:term":[{"taxonomy":"product_brand","embeddable":true,"href":"https:\/\/www.mundiplus.com\/fr\/wp-json\/wp\/v2\/product_brand?post=107292"},{"taxonomy":"product_cat","embeddable":true,"href":"https:\/\/www.mundiplus.com\/fr\/wp-json\/wp\/v2\/product_cat?post=107292"},{"taxonomy":"product_tag","embeddable":true,"href":"https:\/\/www.mundiplus.com\/fr\/wp-json\/wp\/v2\/product_tag?post=107292"}],"curies":[{"name":"wp","href":"https:\/\/api.w.org\/{rel}","templated":true}]}}