{"id":107311,"date":"2023-05-08T10:26:40","date_gmt":"2023-05-08T10:26:40","guid":{"rendered":"https:\/\/www.mundiplus.com\/caminos\/non%20class\u00e9\/chemin-de-saint-jacques-de-compostelle-de-bilbao-a-santander\/"},"modified":"2025-04-28T10:41:56","modified_gmt":"2025-04-28T10:41:56","slug":"chemin-de-saint-jacques-de-compostelle-de-bilbao-a-santander","status":"publish","type":"product","link":"https:\/\/www.mundiplus.com\/fr\/caminos\/a-pie\/camino-norte\/camino-de-santiago-desde-bilbao\/","title":{"rendered":"Chemin de Saint-Jacques-de-Compostelle de Bilbao \u00e0 Santander"},"content":{"rendered":"<p>Mer et montagne sont les marques d&rsquo;identit\u00e9 de ce <strong>Chemin de Saint-Jacques depuis Bilbao<\/strong> jusqu&rsquo;\u00e0 Santander. Des villes c\u00f4ti\u00e8res, riches en culture et en histoire, comme Portugalete, avec son Pont Suspendu (class\u00e9 au Patrimoine mondial), le village marin de Castro Urdiales, Laredo, avec son fantastique centre historique et sa vaste plage, et Santander, que nous atteindrons en bateau, avec le Palais de la Magdalena en toile de fond, seront les principales attractions de ce magnifique itin\u00e9raire du <a href=\"https:\/\/www.mundiplus.com\/fr\/caminos\/a-pie\/camino-norte\" target=\"_blank\" rel=\"noopener noreferrer\">Chemin de Saint-Jacques du Nord<\/a>.<\/p>\n<p>Cette route traverse les communaut\u00e9s du Pays Basque et de Cantabrie, les reliant \u00e0 la fin de la plage de La Arena et de la localit\u00e9 de Pobe\u00f1a.<\/p>\n<p>Dans la partie cantabre, nous rencontrerons de nombreuses vall\u00e9es consacr\u00e9es aux p\u00e2turages en raison de la vaste exploitation de b\u00e9tail dans cette r\u00e9gion, ainsi que des villages de p\u00eacheurs qui pars\u00e8ment son littoral.<\/p>\n<p>Sur cette route, nous avons la \u00ab\u00a0chance\u00a0\u00bb de pouvoir effectuer deux travers\u00e9es en bateau : l&rsquo;une depuis la pointe de Laredo jusqu&rsquo;\u00e0 Santo\u00f1a, ville c\u00e9l\u00e8bre pour ses fameuses anchois, et l&rsquo;autre depuis le quai de Somo jusqu&rsquo;\u00e0 la capitale monumentale de la Cantabrie, Santander.<\/p>\n","protected":false},"excerpt":{"rendered":"<p>Mer et montagne sont les marques d&rsquo;identit\u00e9 de ce Chemin de Saint-Jacques depuis Bilbao jusqu&rsquo;\u00e0 Santander. Des villes c\u00f4ti\u00e8res, riches en culture et en histoire, comme Portugalete, avec son Pont Suspendu (class\u00e9 au Patrimoine mondial), le village marin de Castro Urdiales, Laredo, avec son fantastique centre historique et sa vaste plage, et Santander, que nous [&hellip;]<\/p>\n","protected":false},"featured_media":51606,"comment_status":"open","ping_status":"closed","template":"","meta":[],"product_brand":[],"product_cat":[460,489],"product_tag":[641],"class_list":{"0":"post-107311","1":"product","2":"type-product","3":"status-publish","4":"has-post-thumbnail","6":"product_cat-a-pie-fr","7":"product_cat-route-du-nord","8":"product_tag-_bilbao_a_santander-fr","10":"first","11":"instock","12":"shipping-taxable","13":"purchasable","14":"product-type-simple"},"_links":{"self":[{"href":"https:\/\/www.mundiplus.com\/fr\/wp-json\/wp\/v2\/product\/107311","targetHints":{"allow":["GET"]}}],"collection":[{"href":"https:\/\/www.mundiplus.com\/fr\/wp-json\/wp\/v2\/product"}],"about":[{"href":"https:\/\/www.mundiplus.com\/fr\/wp-json\/wp\/v2\/types\/product"}],"replies":[{"embeddable":true,"href":"https:\/\/www.mundiplus.com\/fr\/wp-json\/wp\/v2\/comments?post=107311"}],"version-history":[{"count":0,"href":"https:\/\/www.mundiplus.com\/fr\/wp-json\/wp\/v2\/product\/107311\/revisions"}],"wp:featuredmedia":[{"embeddable":true,"href":"https:\/\/www.mundiplus.com\/fr\/wp-json\/wp\/v2\/media\/51606"}],"wp:attachment":[{"href":"https:\/\/www.mundiplus.com\/fr\/wp-json\/wp\/v2\/media?parent=107311"}],"wp:term":[{"taxonomy":"product_brand","embeddable":true,"href":"https:\/\/www.mundiplus.com\/fr\/wp-json\/wp\/v2\/product_brand?post=107311"},{"taxonomy":"product_cat","embeddable":true,"href":"https:\/\/www.mundiplus.com\/fr\/wp-json\/wp\/v2\/product_cat?post=107311"},{"taxonomy":"product_tag","embeddable":true,"href":"https:\/\/www.mundiplus.com\/fr\/wp-json\/wp\/v2\/product_tag?post=107311"}],"curies":[{"name":"wp","href":"https:\/\/api.w.org\/{rel}","templated":true}]}}