{"id":107314,"date":"2023-05-08T01:08:09","date_gmt":"2023-05-08T01:08:09","guid":{"rendered":"https:\/\/www.mundiplus.com\/caminos\/non%20class\u00e9\/camino-de-santiago-depuis-irun-a-bilbao\/"},"modified":"2025-02-10T12:30:20","modified_gmt":"2025-02-10T12:30:20","slug":"camino-de-santiago-depuis-irun-a-bilbao","status":"publish","type":"product","link":"https:\/\/www.mundiplus.com\/fr\/caminos\/a-pie\/camino-norte\/camino-de-santiago-desde-irun\/","title":{"rendered":"Chemin de Saint-Jacques-de-Compostelle d\u2019Ir\u00fan \u00e0 Bilbao"},"content":{"rendered":"<p>Sur le Chemin de Saint-Jacques depuis Ir\u00fan jusqu&rsquo;\u00e0 Bilbao, la zone c\u00f4ti\u00e8re alterne avec la montagne. La ville d&rsquo;Ir\u00fan est le point de d\u00e9part du Chemin du Nord. Une gastronomie riche et abondante, ainsi que ses c\u00e9l\u00e8bres restaurants et chefs, nous attendent le long de la route. Des paysages luxuriants et des vues spectaculaires accompagneront le p\u00e8lerin \u00e0 travers les terres basques.<\/p>\n","protected":false},"excerpt":{"rendered":"<p>Sur le Chemin de Saint-Jacques depuis Ir\u00fan jusqu&rsquo;\u00e0 Bilbao, la zone c\u00f4ti\u00e8re alterne avec la montagne. La ville d&rsquo;Ir\u00fan est le point de d\u00e9part du Chemin du Nord. Une gastronomie riche et abondante, ainsi que ses c\u00e9l\u00e8bres restaurants et chefs, nous attendent le long de la route. Des paysages luxuriants et des vues spectaculaires accompagneront [&hellip;]<\/p>\n","protected":false},"featured_media":56393,"comment_status":"open","ping_status":"closed","template":"","meta":[],"product_brand":[],"product_cat":[460,489],"product_tag":[632],"class_list":{"0":"post-107314","1":"product","2":"type-product","3":"status-publish","4":"has-post-thumbnail","6":"product_cat-a-pie-fr","7":"product_cat-route-du-nord","8":"product_tag-irun_santiago-fr","10":"first","11":"instock","12":"shipping-taxable","13":"purchasable","14":"product-type-simple"},"_links":{"self":[{"href":"https:\/\/www.mundiplus.com\/fr\/wp-json\/wp\/v2\/product\/107314","targetHints":{"allow":["GET"]}}],"collection":[{"href":"https:\/\/www.mundiplus.com\/fr\/wp-json\/wp\/v2\/product"}],"about":[{"href":"https:\/\/www.mundiplus.com\/fr\/wp-json\/wp\/v2\/types\/product"}],"replies":[{"embeddable":true,"href":"https:\/\/www.mundiplus.com\/fr\/wp-json\/wp\/v2\/comments?post=107314"}],"version-history":[{"count":0,"href":"https:\/\/www.mundiplus.com\/fr\/wp-json\/wp\/v2\/product\/107314\/revisions"}],"wp:featuredmedia":[{"embeddable":true,"href":"https:\/\/www.mundiplus.com\/fr\/wp-json\/wp\/v2\/media\/56393"}],"wp:attachment":[{"href":"https:\/\/www.mundiplus.com\/fr\/wp-json\/wp\/v2\/media?parent=107314"}],"wp:term":[{"taxonomy":"product_brand","embeddable":true,"href":"https:\/\/www.mundiplus.com\/fr\/wp-json\/wp\/v2\/product_brand?post=107314"},{"taxonomy":"product_cat","embeddable":true,"href":"https:\/\/www.mundiplus.com\/fr\/wp-json\/wp\/v2\/product_cat?post=107314"},{"taxonomy":"product_tag","embeddable":true,"href":"https:\/\/www.mundiplus.com\/fr\/wp-json\/wp\/v2\/product_tag?post=107314"}],"curies":[{"name":"wp","href":"https:\/\/api.w.org\/{rel}","templated":true}]}}