{"id":107319,"date":"2023-04-27T12:27:27","date_gmt":"2023-04-27T12:27:27","guid":{"rendered":"https:\/\/www.mundiplus.com\/caminos\/non%20class\u00e9\/chemin-de-a-guarda-a-santiago\/"},"modified":"2025-05-22T13:10:19","modified_gmt":"2025-05-22T13:10:19","slug":"chemin-de-a-guarda-a-santiago","status":"publish","type":"product","link":"https:\/\/www.mundiplus.com\/fr\/caminos\/a-pie\/camino-portugues-costa\/camino-de-santiago-desde-a-guarda\/","title":{"rendered":"Chemin de A Guarda \u00e0 Santiago"},"content":{"rendered":"<p>Sur le Chemin de Saint-Jacques depuis A Guarda, situ\u00e9 sur le <a href=\"https:\/\/www.mundiplus.com\/fr\/caminos\/a-pie\/camino-portugues-costa\" target=\"_blank\" rel=\"noopener noreferrer\">Chemin Portugais c\u00f4tier<\/a>, chaque pas est accompagn\u00e9 d&rsquo;un doux parfum de mer qui renforce l&rsquo;esprit et met le corps \u00e0 l&rsquo;\u00e9preuve, en direction de Saint-Jacques-de-Compostelle. Montagnes, vall\u00e9es, ruisseaux et l&rsquo;oc\u00e9an Atlantique jalonnent le parcours. Chaque courbe du Chemin nous m\u00e8ne \u00e0 un paysage encore plus idyllique que le pr\u00e9c\u00e9dent.<\/p>\n","protected":false},"excerpt":{"rendered":"<p>Sur le Chemin de Saint-Jacques depuis A Guarda, situ\u00e9 sur le Chemin Portugais c\u00f4tier, chaque pas est accompagn\u00e9 d&rsquo;un doux parfum de mer qui renforce l&rsquo;esprit et met le corps \u00e0 l&rsquo;\u00e9preuve, en direction de Saint-Jacques-de-Compostelle. Montagnes, vall\u00e9es, ruisseaux et l&rsquo;oc\u00e9an Atlantique jalonnent le parcours. Chaque courbe du Chemin nous m\u00e8ne \u00e0 un paysage encore [&hellip;]<\/p>\n","protected":false},"featured_media":52036,"comment_status":"open","ping_status":"closed","template":"","meta":[],"product_brand":[],"product_cat":[460,468],"product_tag":[],"class_list":{"0":"post-107319","1":"product","2":"type-product","3":"status-publish","4":"has-post-thumbnail","6":"product_cat-a-pie-fr","7":"product_cat-route-cotiere-portugaise","9":"first","10":"instock","11":"shipping-taxable","12":"purchasable","13":"product-type-simple"},"_links":{"self":[{"href":"https:\/\/www.mundiplus.com\/fr\/wp-json\/wp\/v2\/product\/107319","targetHints":{"allow":["GET"]}}],"collection":[{"href":"https:\/\/www.mundiplus.com\/fr\/wp-json\/wp\/v2\/product"}],"about":[{"href":"https:\/\/www.mundiplus.com\/fr\/wp-json\/wp\/v2\/types\/product"}],"replies":[{"embeddable":true,"href":"https:\/\/www.mundiplus.com\/fr\/wp-json\/wp\/v2\/comments?post=107319"}],"version-history":[{"count":0,"href":"https:\/\/www.mundiplus.com\/fr\/wp-json\/wp\/v2\/product\/107319\/revisions"}],"wp:featuredmedia":[{"embeddable":true,"href":"https:\/\/www.mundiplus.com\/fr\/wp-json\/wp\/v2\/media\/52036"}],"wp:attachment":[{"href":"https:\/\/www.mundiplus.com\/fr\/wp-json\/wp\/v2\/media?parent=107319"}],"wp:term":[{"taxonomy":"product_brand","embeddable":true,"href":"https:\/\/www.mundiplus.com\/fr\/wp-json\/wp\/v2\/product_brand?post=107319"},{"taxonomy":"product_cat","embeddable":true,"href":"https:\/\/www.mundiplus.com\/fr\/wp-json\/wp\/v2\/product_cat?post=107319"},{"taxonomy":"product_tag","embeddable":true,"href":"https:\/\/www.mundiplus.com\/fr\/wp-json\/wp\/v2\/product_tag?post=107319"}],"curies":[{"name":"wp","href":"https:\/\/api.w.org\/{rel}","templated":true}]}}