{"id":107324,"date":"2023-04-27T11:15:21","date_gmt":"2023-04-27T11:15:21","guid":{"rendered":"https:\/\/www.mundiplus.com\/caminos\/non%20class\u00e9\/chemin-de-saint-jacques-de-compostelle-depuis-porto-jusqua-tui\/"},"modified":"2025-03-10T15:54:06","modified_gmt":"2025-03-10T15:54:06","slug":"chemin-de-saint-jacques-de-compostelle-depuis-porto-jusqua-tui","status":"publish","type":"product","link":"https:\/\/www.mundiplus.com\/fr\/caminos\/a-pie\/camino-portugues\/camino-de-santiago-desde-oporto\/","title":{"rendered":"Chemin de Saint-Jacques-de-Compostelle de Porto \u00e0 Tui"},"content":{"rendered":"<p>Le <strong>Chemin de Saint-Jacques de Compostelle de Porto \u00e0 Tui<\/strong> (<a href=\"https:\/\/www.mundiplus.com\/fr\/caminos\/a-pie\/camino-portugues\" target=\"_blank\" rel=\"noopener noreferrer\">Chemin Portugais<\/a>) ajoute l&rsquo;attrait de marcher dans le pays voisin, o\u00f9 l&rsquo;on est accueilli avec une grande hospitalit\u00e9 et o\u00f9 les \u00e9tablissements sont soigneusement entretenus. Chemin parfaitement balis\u00e9, comme en Espagne.<\/p>\n<p>De magnifiques villes comme Porto, Barcelos, avec son c\u00e9l\u00e8bre \u00ab\u00a0Coq du Miracle\u00a0\u00bb, Ponte de Lima, avec son spectaculaire pont m\u00e9di\u00e9val, et Valen\u00e7a do Minho, fronti\u00e8re avec l&rsquo;Espagne, aux pieds du Minho et surplombant Tui, sont quelques-unes des localit\u00e9s les plus importantes de l&rsquo;itin\u00e9raire.<\/p>\n","protected":false},"excerpt":{"rendered":"<p>Le Chemin de Saint-Jacques de Compostelle de Porto \u00e0 Tui (Chemin Portugais) ajoute l&rsquo;attrait de marcher dans le pays voisin, o\u00f9 l&rsquo;on est accueilli avec une grande hospitalit\u00e9 et o\u00f9 les \u00e9tablissements sont soigneusement entretenus. Chemin parfaitement balis\u00e9, comme en Espagne. De magnifiques villes comme Porto, Barcelos, avec son c\u00e9l\u00e8bre \u00ab\u00a0Coq du Miracle\u00a0\u00bb, Ponte de [&hellip;]<\/p>\n","protected":false},"featured_media":52026,"comment_status":"open","ping_status":"closed","template":"","meta":[],"product_brand":[],"product_cat":[460,461],"product_tag":[],"class_list":{"0":"post-107324","1":"product","2":"type-product","3":"status-publish","4":"has-post-thumbnail","6":"product_cat-a-pie-fr","7":"product_cat-voie-portugaise","9":"first","10":"instock","11":"shipping-taxable","12":"purchasable","13":"product-type-simple"},"_links":{"self":[{"href":"https:\/\/www.mundiplus.com\/fr\/wp-json\/wp\/v2\/product\/107324","targetHints":{"allow":["GET"]}}],"collection":[{"href":"https:\/\/www.mundiplus.com\/fr\/wp-json\/wp\/v2\/product"}],"about":[{"href":"https:\/\/www.mundiplus.com\/fr\/wp-json\/wp\/v2\/types\/product"}],"replies":[{"embeddable":true,"href":"https:\/\/www.mundiplus.com\/fr\/wp-json\/wp\/v2\/comments?post=107324"}],"version-history":[{"count":0,"href":"https:\/\/www.mundiplus.com\/fr\/wp-json\/wp\/v2\/product\/107324\/revisions"}],"wp:featuredmedia":[{"embeddable":true,"href":"https:\/\/www.mundiplus.com\/fr\/wp-json\/wp\/v2\/media\/52026"}],"wp:attachment":[{"href":"https:\/\/www.mundiplus.com\/fr\/wp-json\/wp\/v2\/media?parent=107324"}],"wp:term":[{"taxonomy":"product_brand","embeddable":true,"href":"https:\/\/www.mundiplus.com\/fr\/wp-json\/wp\/v2\/product_brand?post=107324"},{"taxonomy":"product_cat","embeddable":true,"href":"https:\/\/www.mundiplus.com\/fr\/wp-json\/wp\/v2\/product_cat?post=107324"},{"taxonomy":"product_tag","embeddable":true,"href":"https:\/\/www.mundiplus.com\/fr\/wp-json\/wp\/v2\/product_tag?post=107324"}],"curies":[{"name":"wp","href":"https:\/\/api.w.org\/{rel}","templated":true}]}}