{"id":107349,"date":"2023-04-24T11:09:26","date_gmt":"2023-04-24T11:09:26","guid":{"rendered":"https:\/\/www.mundiplus.com\/caminos\/non%20class\u00e9\/chemin-de-saint-jacques-depuis-sarria\/"},"modified":"2025-02-25T19:17:19","modified_gmt":"2025-02-25T19:17:19","slug":"chemin-de-saint-jacques-depuis-sarria","status":"publish","type":"product","link":"https:\/\/www.mundiplus.com\/fr\/caminos\/a-pie\/camino-frances\/camino-de-santiago-desde-sarria\/","title":{"rendered":"Chemin de Saint-Jacques-de-Compostelle au d\u00e9part de Sarria"},"content":{"rendered":"<p>D\u00e9j\u00e0 en terres galiciennes, nous commen\u00e7ons notre marche du <strong>Chemin de Saint-Jacques depuis Sarria<\/strong> jusqu&rsquo;\u00e0 Saint-Jacques-de-Compostelle, \u00e9galement connu sous le nom de \u201cLes Derniers 100 km du Chemin Fran\u00e7ais<strong>\u201c. <\/strong>Cette route a constitu\u00e9 un creuset o\u00f9 toutes les formes d&rsquo;expression de la culture europ\u00e9enne se sont fondues. De magnifiques paysages, des gens attachants, une culture mill\u00e9naire, une paix int\u00e9rieure, une excellente gastronomie, tout cela pourra vous aider \u00e0 \u201ctrouver\u201d ce que chacun recherche dans ce p\u00e8lerinage personnel.<\/p>\n<p>Lors du Xacobeo 2021, nous d\u00e9couvrirons l&rsquo;essence du <a href=\"https:\/\/www.mundiplus.com\/fr\/caminos\/a-pie\/camino-frances\" target=\"_blank\" rel=\"noopener noreferrer\">Chemin de Saint-Jacques Fran\u00e7ais<\/a>, qui semble avoir laiss\u00e9 son empreinte en Galice, apr\u00e8s le passage massif de p\u00e8lerins qui l&#8217;empruntent depuis des ann\u00e9es.<\/p>\n<p>C&rsquo;est la route emprunt\u00e9e par la majorit\u00e9 des p\u00e8lerins qui marchent, car elle repr\u00e9sente la distance minimale requise pour obtenir \u201cLa Compostela\u201d.<\/p>\n","protected":false},"excerpt":{"rendered":"<p>D\u00e9j\u00e0 en terres galiciennes, nous commen\u00e7ons notre marche du Chemin de Saint-Jacques depuis Sarria jusqu&rsquo;\u00e0 Saint-Jacques-de-Compostelle, \u00e9galement connu sous le nom de \u201cLes Derniers 100 km du Chemin Fran\u00e7ais\u201c. Cette route a constitu\u00e9 un creuset o\u00f9 toutes les formes d&rsquo;expression de la culture europ\u00e9enne se sont fondues. De magnifiques paysages, des gens attachants, une culture [&hellip;]<\/p>\n","protected":false},"featured_media":111209,"comment_status":"open","ping_status":"closed","template":"","meta":[],"product_brand":[],"product_cat":[460,472],"product_tag":[490],"class_list":{"0":"post-107349","1":"product","2":"type-product","3":"status-publish","4":"has-post-thumbnail","6":"product_cat-a-pie-fr","7":"product_cat-voie-francaise","8":"product_tag-landing_sarria-fr","10":"first","11":"instock","12":"shipping-taxable","13":"purchasable","14":"product-type-simple"},"_links":{"self":[{"href":"https:\/\/www.mundiplus.com\/fr\/wp-json\/wp\/v2\/product\/107349","targetHints":{"allow":["GET"]}}],"collection":[{"href":"https:\/\/www.mundiplus.com\/fr\/wp-json\/wp\/v2\/product"}],"about":[{"href":"https:\/\/www.mundiplus.com\/fr\/wp-json\/wp\/v2\/types\/product"}],"replies":[{"embeddable":true,"href":"https:\/\/www.mundiplus.com\/fr\/wp-json\/wp\/v2\/comments?post=107349"}],"version-history":[{"count":0,"href":"https:\/\/www.mundiplus.com\/fr\/wp-json\/wp\/v2\/product\/107349\/revisions"}],"wp:featuredmedia":[{"embeddable":true,"href":"https:\/\/www.mundiplus.com\/fr\/wp-json\/wp\/v2\/media\/111209"}],"wp:attachment":[{"href":"https:\/\/www.mundiplus.com\/fr\/wp-json\/wp\/v2\/media?parent=107349"}],"wp:term":[{"taxonomy":"product_brand","embeddable":true,"href":"https:\/\/www.mundiplus.com\/fr\/wp-json\/wp\/v2\/product_brand?post=107349"},{"taxonomy":"product_cat","embeddable":true,"href":"https:\/\/www.mundiplus.com\/fr\/wp-json\/wp\/v2\/product_cat?post=107349"},{"taxonomy":"product_tag","embeddable":true,"href":"https:\/\/www.mundiplus.com\/fr\/wp-json\/wp\/v2\/product_tag?post=107349"}],"curies":[{"name":"wp","href":"https:\/\/api.w.org\/{rel}","templated":true}]}}