{"id":107355,"date":"2023-04-22T22:16:46","date_gmt":"2023-04-22T22:16:46","guid":{"rendered":"https:\/\/www.mundiplus.com\/caminos\/non%20class\u00e9\/chemin-de-saint-jacques-a-velo-depuis-leon\/"},"modified":"2025-02-18T13:25:26","modified_gmt":"2025-02-18T13:25:26","slug":"chemin-de-saint-jacques-a-velo-depuis-leon","status":"publish","type":"product","link":"https:\/\/www.mundiplus.com\/fr\/caminos\/en-bicicleta\/camino-de-santiago-en-bici-desde-leon\/","title":{"rendered":"Chemin de Saint-Jacques-de-Compostelle \u00e0 v\u00e9lo au d\u00e9part de Le\u00f3n"},"content":{"rendered":"<p>Sur cet itin\u00e9raire passionnant du <strong>Chemin de Saint-Jacques \u00e0 v\u00e9lo depuis Le\u00f3n<\/strong> de plus de 300 km, vous traverserez le magnifique plateau l\u00e9onais et la r\u00e9gion du Bierzo. Vous profiterez des vues impressionnantes depuis Foncebad\u00f3n, Cruz del Ferro et O Cebreiro.<\/p>\n<p>Le Chemin de Saint-Jacques est une route singuli\u00e8re qui compte plus de mille ans d&rsquo;histoire, et tout au long de son parcours s&rsquo;\u00e9tendent des villages, des bourgs et des villes d&rsquo;une grande importance historique et artistique.<\/p>\n<p>Si vous pr\u00e9f\u00e9rez faire le <a href=\"https:\/\/www.mundiplus.com\/fr\/caminos\/a-pie\/camino-frances\" target=\"_blank\" rel=\"noopener noreferrer\">Chemin Fran\u00e7ais \u00e0 pied<\/a>, nous vous offrons \u00e9galement cette possibilit\u00e9.<\/p>\n","protected":false},"excerpt":{"rendered":"<p>Sur cet itin\u00e9raire passionnant du Chemin de Saint-Jacques \u00e0 v\u00e9lo depuis Le\u00f3n de plus de 300 km, vous traverserez le magnifique plateau l\u00e9onais et la r\u00e9gion du Bierzo. Vous profiterez des vues impressionnantes depuis Foncebad\u00f3n, Cruz del Ferro et O Cebreiro. Le Chemin de Saint-Jacques est une route singuli\u00e8re qui compte plus de mille ans [&hellip;]<\/p>\n","protected":false},"featured_media":56337,"comment_status":"open","ping_status":"closed","template":"","meta":[],"product_brand":[],"product_cat":[480],"product_tag":[],"class_list":{"0":"post-107355","1":"product","2":"type-product","3":"status-publish","4":"has-post-thumbnail","6":"product_cat-pistes-cyclables","8":"first","9":"instock","10":"shipping-taxable","11":"purchasable","12":"product-type-simple"},"_links":{"self":[{"href":"https:\/\/www.mundiplus.com\/fr\/wp-json\/wp\/v2\/product\/107355","targetHints":{"allow":["GET"]}}],"collection":[{"href":"https:\/\/www.mundiplus.com\/fr\/wp-json\/wp\/v2\/product"}],"about":[{"href":"https:\/\/www.mundiplus.com\/fr\/wp-json\/wp\/v2\/types\/product"}],"replies":[{"embeddable":true,"href":"https:\/\/www.mundiplus.com\/fr\/wp-json\/wp\/v2\/comments?post=107355"}],"version-history":[{"count":0,"href":"https:\/\/www.mundiplus.com\/fr\/wp-json\/wp\/v2\/product\/107355\/revisions"}],"wp:featuredmedia":[{"embeddable":true,"href":"https:\/\/www.mundiplus.com\/fr\/wp-json\/wp\/v2\/media\/56337"}],"wp:attachment":[{"href":"https:\/\/www.mundiplus.com\/fr\/wp-json\/wp\/v2\/media?parent=107355"}],"wp:term":[{"taxonomy":"product_brand","embeddable":true,"href":"https:\/\/www.mundiplus.com\/fr\/wp-json\/wp\/v2\/product_brand?post=107355"},{"taxonomy":"product_cat","embeddable":true,"href":"https:\/\/www.mundiplus.com\/fr\/wp-json\/wp\/v2\/product_cat?post=107355"},{"taxonomy":"product_tag","embeddable":true,"href":"https:\/\/www.mundiplus.com\/fr\/wp-json\/wp\/v2\/product_tag?post=107355"}],"curies":[{"name":"wp","href":"https:\/\/api.w.org\/{rel}","templated":true}]}}