{"id":119510,"date":"2023-04-27T11:39:17","date_gmt":"2023-04-27T11:39:17","guid":{"rendered":"https:\/\/www.mundiplus.com\/caminos\/non class\u00e9\/route-de-baiona-a-saint-jacques\/"},"modified":"2025-05-22T13:44:14","modified_gmt":"2025-05-22T13:44:14","slug":"route-de-baiona-a-saint-jacques","status":"publish","type":"product","link":"https:\/\/www.mundiplus.com\/fr\/caminos\/a-pie\/camino-portugues-costa\/camino-de-santiago-desde-baiona\/","title":{"rendered":"Route de Baiona \u00e0 Saint-Jacques"},"content":{"rendered":"<p>Ce <strong>Chemin de Saint-Jacques depuis Baiona<\/strong> (Chemin Portugais par la c\u00f4te, qui rejoint le <a href=\"https:\/\/www.mundiplus.com\/fr\/caminos\/a-pie\/camino-portugues\/camino-de-santiago-desde-tui\/\" target=\"_blank\" rel=\"noopener\">Chemin Portugais central<\/a> dans la localit\u00e9 de Redondela) est le seul endroit o\u00f9 l\u2019on peut appr\u00e9cier \u00e0 la fois la tranquillit\u00e9 des plages et la puissance des vagues de l\u2019Atlantique, o\u00f9 la brise marine accompagne chaque pas. C\u2019est le sentier id\u00e9al pour ceux qui recherchent de nouvelles sensations, pr\u00e8s de la c\u00f4te, qui mettent le corps \u00e0 l\u2019\u00e9preuve tout en lib\u00e9rant l\u2019esprit, \u00e0 travers des paysages d\u2019une beaut\u00e9 \u00e0 couper le souffle.<\/p>\n","protected":false},"excerpt":{"rendered":"<p>Ce Chemin de Saint-Jacques depuis Baiona (Chemin Portugais par la c\u00f4te, qui rejoint le Chemin Portugais central dans la localit\u00e9 de Redondela) est le seul endroit o\u00f9 l\u2019on peut appr\u00e9cier \u00e0 la fois la tranquillit\u00e9 des plages et la puissance des vagues de l\u2019Atlantique, o\u00f9 la brise marine accompagne chaque pas. C\u2019est le sentier id\u00e9al [&hellip;]<\/p>\n","protected":false},"featured_media":52031,"comment_status":"open","ping_status":"closed","template":"","meta":[],"product_brand":[],"product_cat":[460,468],"product_tag":[],"class_list":{"0":"post-119510","1":"product","2":"type-product","3":"status-publish","4":"has-post-thumbnail","6":"product_cat-a-pie-fr","7":"product_cat-route-cotiere-portugaise","9":"first","10":"instock","11":"shipping-taxable","12":"purchasable","13":"product-type-simple"},"_links":{"self":[{"href":"https:\/\/www.mundiplus.com\/fr\/wp-json\/wp\/v2\/product\/119510","targetHints":{"allow":["GET"]}}],"collection":[{"href":"https:\/\/www.mundiplus.com\/fr\/wp-json\/wp\/v2\/product"}],"about":[{"href":"https:\/\/www.mundiplus.com\/fr\/wp-json\/wp\/v2\/types\/product"}],"replies":[{"embeddable":true,"href":"https:\/\/www.mundiplus.com\/fr\/wp-json\/wp\/v2\/comments?post=119510"}],"version-history":[{"count":0,"href":"https:\/\/www.mundiplus.com\/fr\/wp-json\/wp\/v2\/product\/119510\/revisions"}],"wp:featuredmedia":[{"embeddable":true,"href":"https:\/\/www.mundiplus.com\/fr\/wp-json\/wp\/v2\/media\/52031"}],"wp:attachment":[{"href":"https:\/\/www.mundiplus.com\/fr\/wp-json\/wp\/v2\/media?parent=119510"}],"wp:term":[{"taxonomy":"product_brand","embeddable":true,"href":"https:\/\/www.mundiplus.com\/fr\/wp-json\/wp\/v2\/product_brand?post=119510"},{"taxonomy":"product_cat","embeddable":true,"href":"https:\/\/www.mundiplus.com\/fr\/wp-json\/wp\/v2\/product_cat?post=119510"},{"taxonomy":"product_tag","embeddable":true,"href":"https:\/\/www.mundiplus.com\/fr\/wp-json\/wp\/v2\/product_tag?post=119510"}],"curies":[{"name":"wp","href":"https:\/\/api.w.org\/{rel}","templated":true}]}}