{"id":109836,"date":"2023-10-23T21:41:18","date_gmt":"2023-10-23T21:41:18","guid":{"rendered":"https:\/\/www.mundiplus.com\/caminos\/senza-categoria\/itinerario-di-padre-sarmiento\/"},"modified":"2024-11-22T15:38:09","modified_gmt":"2024-11-22T15:38:09","slug":"itinerario-di-padre-sarmiento","status":"publish","type":"product","link":"https:\/\/www.mundiplus.com\/it\/caminos\/itinerario-di-padre-sarmiento\/","title":{"rendered":"Itinerario di Padre Sarmiento"},"content":{"rendered":"<p>Sebbene tecnicamente non possa essere considerato &#8220;specificamente&#8221; come parte di alcun Cammino Portoghese, a causa della sua speciale unicit\u00e0, bellezza e del passaggio attraverso alcune tappe e regioni che coincidono con questo percorso, lo includiamo in questo<br \/ ><br \/>\nClassificazione.<\/p>\n<p>Il percorso attraversa i comuni di Poio, Sanxenxo, O Grove, Mea\u00f1o, Cambados, Vilanova de Arousa, A Illa de Arousa e Vilagarc\u00eda. Ma questo meraviglioso percorso offre molto di pi\u00f9 oltre alla storia e ai paesaggi.<\/p>\n<p>Durante 190 chilometri, si respira non solo l&#8217;aria di mare ma anche tutta la storia e le tradizioni della regione, riflesse nella sua architettura civile e religiosa, palazzi come quelli di Cambados, Rubianes, Ulloa, Torrado e Vista Real , siti archeologici o pittoreschi villaggi di pescatori e spiagge per tutti i gusti.<\/p>\n<p>E non importa in quale stagione decidi di intraprendere questo meraviglioso ed unico percorso; Il clima oceanico della regione \u00e8 mite e umido, con inverni con temperature minime di 10 gradi ed estati in cui le temperature massime non superano i 30 gradi nei mesi di luglio e agosto.<\/p>\n","protected":false},"excerpt":{"rendered":"<p>Sebbene tecnicamente non possa essere considerato &#8220;specificamente&#8221; come parte di alcun Cammino Portoghese, a causa della sua speciale unicit\u00e0, bellezza e del passaggio attraverso alcune tappe e regioni che coincidono con questo percorso, lo includiamo in questo Classificazione. Il percorso attraversa i comuni di Poio, Sanxenxo, O Grove, Mea\u00f1o, Cambados, Vilanova de Arousa, A Illa [&hellip;]<\/p>\n","protected":false},"featured_media":58394,"comment_status":"open","ping_status":"closed","template":"","meta":[],"product_brand":[],"product_cat":[464,465],"product_tag":[],"class_list":{"0":"post-109836","1":"product","2":"type-product","3":"status-publish","4":"has-post-thumbnail","6":"product_cat-percorsi-pedonali","7":"product_cat-via-portoghese","9":"first","10":"instock","11":"shipping-taxable","12":"purchasable","13":"product-type-simple"},"_links":{"self":[{"href":"https:\/\/www.mundiplus.com\/it\/wp-json\/wp\/v2\/product\/109836","targetHints":{"allow":["GET"]}}],"collection":[{"href":"https:\/\/www.mundiplus.com\/it\/wp-json\/wp\/v2\/product"}],"about":[{"href":"https:\/\/www.mundiplus.com\/it\/wp-json\/wp\/v2\/types\/product"}],"replies":[{"embeddable":true,"href":"https:\/\/www.mundiplus.com\/it\/wp-json\/wp\/v2\/comments?post=109836"}],"version-history":[{"count":0,"href":"https:\/\/www.mundiplus.com\/it\/wp-json\/wp\/v2\/product\/109836\/revisions"}],"wp:featuredmedia":[{"embeddable":true,"href":"https:\/\/www.mundiplus.com\/it\/wp-json\/wp\/v2\/media\/58394"}],"wp:attachment":[{"href":"https:\/\/www.mundiplus.com\/it\/wp-json\/wp\/v2\/media?parent=109836"}],"wp:term":[{"taxonomy":"product_brand","embeddable":true,"href":"https:\/\/www.mundiplus.com\/it\/wp-json\/wp\/v2\/product_brand?post=109836"},{"taxonomy":"product_cat","embeddable":true,"href":"https:\/\/www.mundiplus.com\/it\/wp-json\/wp\/v2\/product_cat?post=109836"},{"taxonomy":"product_tag","embeddable":true,"href":"https:\/\/www.mundiplus.com\/it\/wp-json\/wp\/v2\/product_tag?post=109836"}],"curies":[{"name":"wp","href":"https:\/\/api.w.org\/{rel}","templated":true}]}}