{"id":109851,"date":"2023-10-23T15:41:15","date_gmt":"2023-10-23T15:41:15","guid":{"rendered":"https:\/\/www.mundiplus.com\/caminos\/senza-categoria\/strada-da-porto-a-a-guarda\/"},"modified":"2025-04-21T10:05:22","modified_gmt":"2025-04-21T10:05:22","slug":"strada-da-porto-a-a-guarda","status":"publish","type":"product","link":"https:\/\/www.mundiplus.com\/it\/caminos\/strada-da-porto-a-a-guarda\/","title":{"rendered":"Strada da Porto a A Guarda"},"content":{"rendered":"<p>Questo itinerario di pellegrinaggio si \u00e8 affermato come uno dei pi\u00f9 belli e in pi\u00f9 rapida crescita tra i vari itinerari di pellegrinaggio verso Santiago de Compostela, sia dalla Spagna che dal Portogallo.<br \/>\nIl percorso si unisce al Cammino Centrale Portoghese nella citt\u00e0 di Redondela, dando origine a un unico itinerario verso Santiago de Compostela.<br \/>\nPercorreremo numerosi lungomare e le particolari passerelle in legno, progettate per proteggere le dune della spiaggia dal passaggio dei pellegrini.<\/p>\n","protected":false},"excerpt":{"rendered":"<p>Questo itinerario di pellegrinaggio si \u00e8 affermato come uno dei pi\u00f9 belli e in pi\u00f9 rapida crescita tra i vari itinerari di pellegrinaggio verso Santiago de Compostela, sia dalla Spagna che dal Portogallo. Il percorso si unisce al Cammino Centrale Portoghese nella citt\u00e0 di Redondela, dando origine a un unico itinerario verso Santiago de Compostela. [&hellip;]<\/p>\n","protected":false},"featured_media":58348,"comment_status":"open","ping_status":"closed","template":"","meta":[],"product_brand":[],"product_cat":[470,464],"product_tag":[],"class_list":{"0":"post-109851","1":"product","2":"type-product","3":"status-publish","4":"has-post-thumbnail","6":"product_cat-itinerario-costiero-portoghese","7":"product_cat-percorsi-pedonali","9":"first","10":"instock","11":"shipping-taxable","12":"purchasable","13":"product-type-simple"},"_links":{"self":[{"href":"https:\/\/www.mundiplus.com\/it\/wp-json\/wp\/v2\/product\/109851","targetHints":{"allow":["GET"]}}],"collection":[{"href":"https:\/\/www.mundiplus.com\/it\/wp-json\/wp\/v2\/product"}],"about":[{"href":"https:\/\/www.mundiplus.com\/it\/wp-json\/wp\/v2\/types\/product"}],"replies":[{"embeddable":true,"href":"https:\/\/www.mundiplus.com\/it\/wp-json\/wp\/v2\/comments?post=109851"}],"version-history":[{"count":0,"href":"https:\/\/www.mundiplus.com\/it\/wp-json\/wp\/v2\/product\/109851\/revisions"}],"wp:featuredmedia":[{"embeddable":true,"href":"https:\/\/www.mundiplus.com\/it\/wp-json\/wp\/v2\/media\/58348"}],"wp:attachment":[{"href":"https:\/\/www.mundiplus.com\/it\/wp-json\/wp\/v2\/media?parent=109851"}],"wp:term":[{"taxonomy":"product_brand","embeddable":true,"href":"https:\/\/www.mundiplus.com\/it\/wp-json\/wp\/v2\/product_brand?post=109851"},{"taxonomy":"product_cat","embeddable":true,"href":"https:\/\/www.mundiplus.com\/it\/wp-json\/wp\/v2\/product_cat?post=109851"},{"taxonomy":"product_tag","embeddable":true,"href":"https:\/\/www.mundiplus.com\/it\/wp-json\/wp\/v2\/product_tag?post=109851"}],"curies":[{"name":"wp","href":"https:\/\/api.w.org\/{rel}","templated":true}]}}