{"id":109900,"date":"2023-05-23T21:56:27","date_gmt":"2023-05-23T21:56:27","guid":{"rendered":"https:\/\/www.mundiplus.com\/caminos\/senza-categoria\/cammino-di-santiago-da-burgos-a-leon\/"},"modified":"2025-03-09T13:32:27","modified_gmt":"2025-03-09T13:32:27","slug":"cammino-di-santiago-da-burgos-a-leon","status":"publish","type":"product","link":"https:\/\/www.mundiplus.com\/it\/caminos\/cammino-di-santiago-da-burgos-a-leon\/","title":{"rendered":"Cammino di Santiago da Burgos a Le\u00f3n"},"content":{"rendered":"<p>Attraverso le Terre di Castilla e Le\u00f3n si snoda questo <strong>Cammino di Santiago da Burgos<\/strong> a Le\u00f3n (<a href=\"https:\/\/www.mundiplus.com\/it\/caminos\/a-pie\/camino-frances\" target=\"_blank\" rel=\"noopener noreferrer\">Cammino Francese<\/a>) con un enorme significato Giacobita, con i suoi piccoli e austeri villaggi. Le vaste pianure saranno le nostre compagne di viaggio, cos\u00ec come ponti millenari, una moltitudine di chiese romaniche bellissime, tra cui alcune delle pi\u00f9 belle del Cammino di Santiago.<\/p>\n<p>Un percorso che ci segner\u00e0, perch\u00e9 ci aiuter\u00e0 a riflettere, meditare e pensare ai numerosi momenti che esso ci offrir\u00e0.<\/p>\n","protected":false},"excerpt":{"rendered":"<p>Attraverso le Terre di Castilla e Le\u00f3n si snoda questo Cammino di Santiago da Burgos a Le\u00f3n (Cammino Francese) con un enorme significato Giacobita, con i suoi piccoli e austeri villaggi. Le vaste pianure saranno le nostre compagne di viaggio, cos\u00ec come ponti millenari, una moltitudine di chiese romaniche bellissime, tra cui alcune delle pi\u00f9 [&hellip;]<\/p>\n","protected":false},"featured_media":60248,"comment_status":"open","ping_status":"closed","template":"","meta":[],"product_brand":[],"product_cat":[464,474],"product_tag":[],"class_list":{"0":"post-109900","1":"product","2":"type-product","3":"status-publish","4":"has-post-thumbnail","6":"product_cat-percorsi-pedonali","7":"product_cat-via-francese","9":"first","10":"instock","11":"shipping-taxable","12":"purchasable","13":"product-type-simple"},"_links":{"self":[{"href":"https:\/\/www.mundiplus.com\/it\/wp-json\/wp\/v2\/product\/109900","targetHints":{"allow":["GET"]}}],"collection":[{"href":"https:\/\/www.mundiplus.com\/it\/wp-json\/wp\/v2\/product"}],"about":[{"href":"https:\/\/www.mundiplus.com\/it\/wp-json\/wp\/v2\/types\/product"}],"replies":[{"embeddable":true,"href":"https:\/\/www.mundiplus.com\/it\/wp-json\/wp\/v2\/comments?post=109900"}],"version-history":[{"count":0,"href":"https:\/\/www.mundiplus.com\/it\/wp-json\/wp\/v2\/product\/109900\/revisions"}],"wp:featuredmedia":[{"embeddable":true,"href":"https:\/\/www.mundiplus.com\/it\/wp-json\/wp\/v2\/media\/60248"}],"wp:attachment":[{"href":"https:\/\/www.mundiplus.com\/it\/wp-json\/wp\/v2\/media?parent=109900"}],"wp:term":[{"taxonomy":"product_brand","embeddable":true,"href":"https:\/\/www.mundiplus.com\/it\/wp-json\/wp\/v2\/product_brand?post=109900"},{"taxonomy":"product_cat","embeddable":true,"href":"https:\/\/www.mundiplus.com\/it\/wp-json\/wp\/v2\/product_cat?post=109900"},{"taxonomy":"product_tag","embeddable":true,"href":"https:\/\/www.mundiplus.com\/it\/wp-json\/wp\/v2\/product_tag?post=109900"}],"curies":[{"name":"wp","href":"https:\/\/api.w.org\/{rel}","templated":true}]}}