{"id":110159,"date":"2023-05-17T01:08:51","date_gmt":"2023-05-17T01:08:51","guid":{"rendered":"https:\/\/www.mundiplus.com\/caminos\/senza-categoria\/cammino-di-santiago-da-oviedo-a-lugo\/"},"modified":"2025-02-18T15:55:57","modified_gmt":"2025-02-18T15:55:57","slug":"cammino-di-santiago-da-oviedo-a-lugo","status":"publish","type":"product","link":"https:\/\/www.mundiplus.com\/it\/caminos\/cammino-di-santiago-da-oviedo-a-lugo\/","title":{"rendered":"Cammino di Santiago da Oviedo a Lugo"},"content":{"rendered":"<p>Il <strong>Cammino di Santiago<\/strong> da Oviedo a Lugo (<a href=\"https:\/\/www.mundiplus.com\/it\/caminos\/a-pie\/camino-primitivo\" target=\"_blank\" rel=\"noopener noreferrer\">Camino Primitivo<\/a>) \u00e8 il percorso di pellegrinaggio pi\u00f9 antico e pi\u00f9 antico.<\/p>\n<p>Era il percorso percorso da Alfonso II El Casto quando si rec\u00f2 a Santiago de Compostela per riconoscere le spoglie dell&#8217;apostolo Santiago. Il percorso completo collega Oviedo con la citt\u00e0 murata di Lugo e termina infine presso la Cattedrale di Santiago.<\/p>\n","protected":false},"excerpt":{"rendered":"<p>Il Cammino di Santiago da Oviedo a Lugo (Camino Primitivo) \u00e8 il percorso di pellegrinaggio pi\u00f9 antico e pi\u00f9 antico. Era il percorso percorso da Alfonso II El Casto quando si rec\u00f2 a Santiago de Compostela per riconoscere le spoglie dell&#8217;apostolo Santiago. Il percorso completo collega Oviedo con la citt\u00e0 murata di Lugo e termina [&hellip;]<\/p>\n","protected":false},"featured_media":51523,"comment_status":"open","ping_status":"closed","template":"","meta":[],"product_brand":[],"product_cat":[499,464],"product_tag":[],"class_list":{"0":"post-110159","1":"product","2":"type-product","3":"status-publish","4":"has-post-thumbnail","6":"product_cat-modo-primitivo","7":"product_cat-percorsi-pedonali","9":"first","10":"instock","11":"shipping-taxable","12":"purchasable","13":"product-type-simple"},"_links":{"self":[{"href":"https:\/\/www.mundiplus.com\/it\/wp-json\/wp\/v2\/product\/110159","targetHints":{"allow":["GET"]}}],"collection":[{"href":"https:\/\/www.mundiplus.com\/it\/wp-json\/wp\/v2\/product"}],"about":[{"href":"https:\/\/www.mundiplus.com\/it\/wp-json\/wp\/v2\/types\/product"}],"replies":[{"embeddable":true,"href":"https:\/\/www.mundiplus.com\/it\/wp-json\/wp\/v2\/comments?post=110159"}],"version-history":[{"count":0,"href":"https:\/\/www.mundiplus.com\/it\/wp-json\/wp\/v2\/product\/110159\/revisions"}],"wp:featuredmedia":[{"embeddable":true,"href":"https:\/\/www.mundiplus.com\/it\/wp-json\/wp\/v2\/media\/51523"}],"wp:attachment":[{"href":"https:\/\/www.mundiplus.com\/it\/wp-json\/wp\/v2\/media?parent=110159"}],"wp:term":[{"taxonomy":"product_brand","embeddable":true,"href":"https:\/\/www.mundiplus.com\/it\/wp-json\/wp\/v2\/product_brand?post=110159"},{"taxonomy":"product_cat","embeddable":true,"href":"https:\/\/www.mundiplus.com\/it\/wp-json\/wp\/v2\/product_cat?post=110159"},{"taxonomy":"product_tag","embeddable":true,"href":"https:\/\/www.mundiplus.com\/it\/wp-json\/wp\/v2\/product_tag?post=110159"}],"curies":[{"name":"wp","href":"https:\/\/api.w.org\/{rel}","templated":true}]}}