{"id":110273,"date":"2023-05-16T11:34:01","date_gmt":"2023-05-16T11:34:01","guid":{"rendered":"https:\/\/www.mundiplus.com\/caminos\/senza-categoria\/cammino-di-santiago-da-ribadeo\/"},"modified":"2025-02-18T16:00:49","modified_gmt":"2025-02-18T16:00:49","slug":"cammino-di-santiago-da-ribadeo","status":"publish","type":"product","link":"https:\/\/www.mundiplus.com\/it\/caminos\/cammino-di-santiago-da-ribadeo\/","title":{"rendered":"Cammino di Santiago da Ribadeo"},"content":{"rendered":"<p><strong>Il Cammino di Santiago da Ribadeo<\/strong> \u00e8 il punto di ingresso del Cammino in Galizia, in quello che viene chiamato &#8220;Camino del Norte&#8221;, partendo dalla citt\u00e0 di Ir\u00fan. Tutta la bellezza della Galizia, con foreste lussureggianti, corridoi, case rurali e numerosi fiumi e ruscelli segner\u00e0 il nostro percorso verso Santiago.<\/p>\n","protected":false},"excerpt":{"rendered":"<p>Il Cammino di Santiago da Ribadeo \u00e8 il punto di ingresso del Cammino in Galizia, in quello che viene chiamato &#8220;Camino del Norte&#8221;, partendo dalla citt\u00e0 di Ir\u00fan. Tutta la bellezza della Galizia, con foreste lussureggianti, corridoi, case rurali e numerosi fiumi e ruscelli segner\u00e0 il nostro percorso verso Santiago.<\/p>\n","protected":false},"featured_media":56301,"comment_status":"open","ping_status":"closed","template":"","meta":[],"product_brand":[],"product_cat":[464,501],"product_tag":[],"class_list":{"0":"post-110273","1":"product","2":"type-product","3":"status-publish","4":"has-post-thumbnail","6":"product_cat-percorsi-pedonali","7":"product_cat-strada-nord","9":"first","10":"instock","11":"shipping-taxable","12":"purchasable","13":"product-type-simple"},"_links":{"self":[{"href":"https:\/\/www.mundiplus.com\/it\/wp-json\/wp\/v2\/product\/110273","targetHints":{"allow":["GET"]}}],"collection":[{"href":"https:\/\/www.mundiplus.com\/it\/wp-json\/wp\/v2\/product"}],"about":[{"href":"https:\/\/www.mundiplus.com\/it\/wp-json\/wp\/v2\/types\/product"}],"replies":[{"embeddable":true,"href":"https:\/\/www.mundiplus.com\/it\/wp-json\/wp\/v2\/comments?post=110273"}],"version-history":[{"count":0,"href":"https:\/\/www.mundiplus.com\/it\/wp-json\/wp\/v2\/product\/110273\/revisions"}],"wp:featuredmedia":[{"embeddable":true,"href":"https:\/\/www.mundiplus.com\/it\/wp-json\/wp\/v2\/media\/56301"}],"wp:attachment":[{"href":"https:\/\/www.mundiplus.com\/it\/wp-json\/wp\/v2\/media?parent=110273"}],"wp:term":[{"taxonomy":"product_brand","embeddable":true,"href":"https:\/\/www.mundiplus.com\/it\/wp-json\/wp\/v2\/product_brand?post=110273"},{"taxonomy":"product_cat","embeddable":true,"href":"https:\/\/www.mundiplus.com\/it\/wp-json\/wp\/v2\/product_cat?post=110273"},{"taxonomy":"product_tag","embeddable":true,"href":"https:\/\/www.mundiplus.com\/it\/wp-json\/wp\/v2\/product_tag?post=110273"}],"curies":[{"name":"wp","href":"https:\/\/api.w.org\/{rel}","templated":true}]}}